{"id":8,"date":"2023-08-23T02:11:53","date_gmt":"2023-08-23T02:11:53","guid":{"rendered":"https:\/\/vegas831.com\/?page_id=8"},"modified":"2024-04-24T09:44:25","modified_gmt":"2024-04-24T09:44:25","slug":"home","status":"publish","type":"page","link":"https:\/\/vegas831.com\/ro\/","title":{"rendered":"Vegas831.com &#8211; Recenzii Jocuri Slot!"},"content":{"rendered":"<p>Bine a\u021bi venit \u00een cel mai cuprinz\u0103tor centru de recenzii pentru jocuri de noroc &#8211; Vegas831, oferind o analiz\u0103 \u00een profunzime \u0219i cuprinz\u0103toare a lumii captivante a p\u0103c\u0103nelelor online. Scopul nostru este de a v\u0103 furniza cele mai actualizate informa\u021bii, astfel \u00eenc\u00e2t s\u0103 v\u0103 pute\u021bi bucura de sesiuni de joc palpitante, st\u00e2nd \u00een fa\u021ba monitorului \u0219i savur\u00e2nd ultimele crea\u021bii ale celor mai bune studiouri de jocuri din <a href=\"https:\/\/conticazino.org\/\">cazinourile online<\/a>.<\/p>\n<h2><strong>Vegas831.com &#8211; un paradis al jocurilor pentru pasiona\u021bii de p\u0103c\u0103nele<\/strong><\/h2>\n<p><strong>Ce oferim \u0219i ce ve\u021bi g\u0103si pe site-ul nostru:<\/strong><\/p>\n<h3><strong>Recenzii P\u0103c\u0103nele \u00een Cazinouri Online<\/strong><\/h3>\n<p>Recenzorii no\u0219tri profesioni\u0219ti descompun meticulos fiecare detaliu al jocurilor de p\u0103c\u0103nele dezvoltate de principalii dezvoltatori globali, care pot fi g\u0103site \u00een orice cazino online. Identific\u0103m mecanici unice, scrut\u0103m anima\u021biile \u0219i grafica, analiz\u0103m \u0219ansele de c\u00e2\u0219tig \u0219i caracteristicile bonus. Niciun detaliu nu scap\u0103 exper\u021bilor no\u0219tri. Ceea ce face unice recenziile noastre de p\u0103c\u0103nele online? \u00cen recenziile noastre de p\u0103c\u0103nele, ve\u021bi g\u0103si toate informa\u021biile de care ave\u021bi nevoie pentru a alege jocuri care se potrivesc preferin\u021belor dvs. bazate pe gust, buget, \u0219i altele. Dup\u0103 cum \u0219ti\u021bi, fiecare juc\u0103tor are zeci de criterii pentru alegerea p\u0103c\u0103nelelor.<\/p>\n<h3><strong>Cele Mai Bune P\u0103c\u0103nele \u0219i Recomand\u0103ri<\/strong><\/h3>\n<p>Industria jocurilor evolueaz\u0103 constant, cu noi jocuri de p\u0103c\u0103nele lansate \u00een fiecare s\u0103pt\u0103m\u00e2n\u0103. \u00cen\u021belegem importan\u021ba de a fi la curent cu ultimele tendin\u021be. Evalu\u0103rile \u0219i recomand\u0103rile noastre v\u0103 vor ajuta s\u0103 descoperi\u021bi cele mai populare \u0219i interesante jocuri pe bani reali. De asemenea, pute\u021bi lua \u00een considerare recomand\u0103rile noastre \u00een func\u021bie de interesele dvs. pentru a g\u0103si cea mai bun\u0103 op\u021biune pentru dvs.<\/p>\n<h3><strong>Strategii pentru a C\u00e2\u0219tiga la P\u0103c\u0103nele<\/strong><\/h3>\n<p>\u00cen lumea p\u0103c\u0103nelelor din cazinourile online, nu totul depinde doar de noroc. Strategiile eficiente pot cre\u0219te \u0219ansele dvs. de c\u00e2\u0219tig. Nimeni nu poate garanta o victorie, dar cre\u0219terea \u0219anselor de succes este deja un pas bun. \u00cemp\u0103rt\u0103\u0219im strategii dovedite pentru a v\u0103 ajuta s\u0103 v\u0103 gestiona\u021bi bugetul, s\u0103 alege\u021bi pariuri optime, \u0219i s\u0103 aplica\u021bi diferite abord\u0103ri pentru diferite tipuri de p\u0103c\u0103nele. Sfaturile noastre pot fi un companion de \u00eencredere \u00een lumea divertismentului prin jocuri de noroc.<\/p>\n<h3><strong>Bonusuri \u0219i Promo\u021bii pentru Jocurile de P\u0103c\u0103nele<\/strong><\/h3>\n<p>Pentru a ad\u0103uga distrac\u021bie suplimentar\u0103 procesului de joc, monitoriz\u0103m ofertele \u0219i promo\u021biile curente din cazinourile online populare. Rotiri gratuite, bani bonus \u0219i alte cadouri nu numai c\u0103 v\u0103 pot m\u0103ri \u0219ansele de c\u00e2\u0219tig, dar pot face \u0219i jocul mai interesant.<\/p>\n<h3><strong>Comunitatea Juc\u0103torilor<\/strong><\/h3>\n<p>P\u0103c\u0103nelele nu sunt doar jocuri; ele sunt \u0219i despre socializare. Al\u0103tura\u021bi-v\u0103 comunit\u0103\u021bii noastre de juc\u0103tori pentru a v\u0103 \u00eemp\u0103rt\u0103\u0219i experien\u021bele, a schimba strategii, \u0219i a face noi prieteni. Mediul nostru prietenos \u0219i de sus\u021binere v\u0103 va ajuta s\u0103 v\u0103 sim\u021bi\u021bi ca parte a unei mari familii de jocuri.<\/p>\n<h2><strong>Joc Responsabil<\/strong><\/h2>\n<p>Sus\u021binem jocul responsabil. Bucurarea jocului ar trebui s\u0103 fie pl\u0103cut\u0103 \u0219i \u00een condi\u021bii de siguran\u021b\u0103. V\u0103 \u00eencuraj\u0103m \u00eentotdeauna s\u0103 juca\u021bi cu responsabilitate \u0219i s\u0103 \u021bine\u021bi cont de limitele dvs. Dac\u0103 \u00eent\u00e2mpina\u021bi probleme, resursele noastre v\u0103 pot ajuta s\u0103 g\u0103si\u021bi sprijin.<\/p>\n<p><strong>Nu rata\u021bi ocazia de a v\u0103 scufunda \u00een lumea captivant\u0103 a jocurilor de p\u0103c\u0103nele cu Vegas831!<\/strong> Indiferent de experien\u021ba \u0219i preferin\u021bele dvs., avem totul pentru a face ca experien\u021ba dvs. de joc la p\u0103c\u0103nele s\u0103 fie cu adev\u0103rat de neuitat. Bine a\u021bi venit \u00eentr-o c\u0103l\u0103torie palpitant\u0103 \u00een lumea jocurilor de noroc!<\/p>\n<p><em>Aminti\u021bi-v\u0103, jocurile de noroc pot deveni dependente. Juca\u021bi responsabil \u0219i ave\u021bi grij\u0103 de bun\u0103starea dvs.<\/em><\/p>\n","protected":false},"excerpt":{"rendered":"<p>Bine a\u021bi venit \u00een cel mai cuprinz\u0103tor centru de recenzii pentru jocuri de noroc &#8211; Vegas831, oferind o analiz\u0103 \u00een profunzime \u0219i cuprinz\u0103toare a lumii captivante a p\u0103c\u0103nelelor online. Scopul nostru este de a v\u0103 furniza cele mai actualizate informa\u021bii, astfel \u00eenc\u00e2t s\u0103 v\u0103 pute\u021bi bucura de sesiuni de joc palpitante, st\u00e2nd \u00een fa\u021ba monitorului \u0219i savur\u00e2nd ultimele crea\u021bii ale celor mai bune studiouri de jocuri din cazinourile online. Vegas831.com &#8211; un paradis al jocurilor&hellip; <\/p>\n","protected":false},"author":1,"featured_media":0,"parent":0,"menu_order":0,"comment_status":"closed","ping_status":"closed","template":"","meta":{"footnotes":""},"class_list":["post-8","page","type-page","status-publish","hentry"],"yoast_head":"<!-- This site is optimized with the Yoast SEO plugin v27.2 - https:\/\/yoast.com\/product\/yoast-seo-wordpress\/ -->\n<title>\u041e\u0431\u0437\u043e\u0440 \u043e\u043d\u043b\u0430\u0439\u043d \u0441\u043b\u043e\u0442\u043e\u0432 Vegas831.com<\/title>\n<meta name=\"description\" content=\"O prezentare general\u0103 a sloturilor online la Vegas831 - toate informa\u021biile despre sloturile cu bani reali \u00een cazinourile online. Cele mai bune sloturi online de pe internet. Joac\u0103 \u0219i c\u00e2\u0219tig\u0103.\" \/>\n<meta name=\"robots\" content=\"index, follow, max-snippet:-1, max-image-preview:large, max-video-preview:-1\" \/>\n<link rel=\"canonical\" href=\"https:\/\/vegas831.com\/ro\/\" \/>\n<meta property=\"og:locale\" content=\"ro_RO\" \/>\n<meta property=\"og:locale:alternate\" content=\"ru_RU\" \/>\n<meta property=\"og:locale:alternate\" content=\"en_US\" \/>\n<meta property=\"og:locale:alternate\" content=\"pt_PT\" \/>\n<meta property=\"og:locale:alternate\" content=\"es_ES\" \/>\n<meta property=\"og:locale:alternate\" content=\"fr_FR\" \/>\n<meta property=\"og:locale:alternate\" content=\"de_DE\" \/>\n<meta property=\"og:locale:alternate\" content=\"sr_RS\" \/>\n<meta property=\"og:locale:alternate\" content=\"bg_BG\" \/>\n<meta property=\"og:type\" content=\"article\" \/>\n<meta property=\"og:title\" content=\"\u041e\u0431\u0437\u043e\u0440 \u043e\u043d\u043b\u0430\u0439\u043d \u0441\u043b\u043e\u0442\u043e\u0432 Vegas831.com\" \/>\n<meta property=\"og:description\" content=\"\u041e\u0431\u0437\u043e\u0440\u043d\u0438\u043a \u043e\u043d\u043b\u0430\u0439\u043d \u0441\u043b\u043e\u0442\u043e\u0432 \u0412\u0435\u0433\u0430\u0441831 - \u0432\u0441\u044f \u0438\u043d\u0444\u043e\u0440\u043c\u0430\u0446\u0438\u044f \u043e\u0431 \u0438\u0433\u0440\u043e\u0432\u044b\u0445 \u0430\u0432\u0442\u043e\u043c\u0430\u0442\u0430\u0445 \u043d\u0430 \u0440\u0435\u0430\u043b\u044c\u043d\u044b\u0435 \u0434\u0435\u043d\u044c\u0433\u0438 \u0432 \u043e\u043d\u043b\u0430\u0439\u043d \u043a\u0430\u0437\u0438\u043d\u043e. \u041b\u0443\u0447\u0448\u0438\u0435 \u043e\u043d\u043b\u0430\u0439\u043d \u0441\u043b\u043e\u0442\u044b \u0432 \u0418\u043d\u0442\u0435\u0440\u043d\u0435\u0442\u0435. \u0418\u0433\u0440\u0430\u0442\u044c \u0438 \u0432\u044b\u0438\u0433\u0440\u044b\u0432\u0430\u0442\u044c\" \/>\n<meta property=\"og:url\" content=\"https:\/\/vegas831.com\/ro\/\" \/>\n<meta property=\"og:site_name\" content=\"Vegas\" \/>\n<meta property=\"article:modified_time\" content=\"2024-04-24T09:44:25+00:00\" \/>\n<meta name=\"twitter:card\" content=\"summary_large_image\" \/>\n<meta name=\"twitter:label1\" content=\"Timp estimat pentru citire\" \/>\n\t<meta name=\"twitter:data1\" content=\"18 minute\" \/>\n<script type=\"application\/ld+json\" class=\"yoast-schema-graph\">{\"@context\":\"https:\/\/schema.org\",\"@graph\":[{\"@type\":\"WebPage\",\"@id\":\"https:\/\/vegas831.com\/\",\"url\":\"https:\/\/vegas831.com\/\",\"name\":\"\u041e\u0431\u0437\u043e\u0440 \u043e\u043d\u043b\u0430\u0439\u043d \u0441\u043b\u043e\u0442\u043e\u0432 Vegas831.com\",\"isPartOf\":{\"@id\":\"https:\/\/vegas831.com\/#website\"},\"datePublished\":\"2023-08-23T02:11:53+00:00\",\"dateModified\":\"2024-04-24T09:44:25+00:00\",\"description\":\"\u041e\u0431\u0437\u043e\u0440\u043d\u0438\u043a \u043e\u043d\u043b\u0430\u0439\u043d \u0441\u043b\u043e\u0442\u043e\u0432 \u0412\u0435\u0433\u0430\u0441831 - \u0432\u0441\u044f \u0438\u043d\u0444\u043e\u0440\u043c\u0430\u0446\u0438\u044f \u043e\u0431 \u0438\u0433\u0440\u043e\u0432\u044b\u0445 \u0430\u0432\u0442\u043e\u043c\u0430\u0442\u0430\u0445 \u043d\u0430 \u0440\u0435\u0430\u043b\u044c\u043d\u044b\u0435 \u0434\u0435\u043d\u044c\u0433\u0438 \u0432 \u043e\u043d\u043b\u0430\u0439\u043d \u043a\u0430\u0437\u0438\u043d\u043e. \u041b\u0443\u0447\u0448\u0438\u0435 \u043e\u043d\u043b\u0430\u0439\u043d \u0441\u043b\u043e\u0442\u044b \u0432 \u0418\u043d\u0442\u0435\u0440\u043d\u0435\u0442\u0435. \u0418\u0433\u0440\u0430\u0442\u044c \u0438 \u0432\u044b\u0438\u0433\u0440\u044b\u0432\u0430\u0442\u044c\",\"breadcrumb\":{\"@id\":\"https:\/\/vegas831.com\/#breadcrumb\"},\"inLanguage\":\"ro-RO\",\"potentialAction\":[{\"@type\":\"ReadAction\",\"target\":[\"https:\/\/vegas831.com\/\"]}]},{\"@type\":\"BreadcrumbList\",\"@id\":\"https:\/\/vegas831.com\/#breadcrumb\",\"itemListElement\":[{\"@type\":\"ListItem\",\"position\":1,\"name\":\"Home\",\"item\":\"https:\/\/vegas831.com\/\"},{\"@type\":\"ListItem\",\"position\":2,\"name\":\"\u0421\u0430\u0439\u0442 Vegas831 &#8212; \u043e\u0431\u0437\u043e\u0440\u044b \u0441\u043b\u043e\u0442-\u0438\u0433\u0440!\"}]},{\"@type\":\"WebSite\",\"@id\":\"https:\/\/vegas831.com\/#website\",\"url\":\"https:\/\/vegas831.com\/\",\"name\":\"Vegas\",\"description\":\"\u041e\u0431\u0437\u043e\u0440 \u043b\u0443\u0447\u0448\u0438\u0445 \u0441\u043b\u043e\u0442\u043e\u0432 \u0432 \u043e\u043d\u043b\u0430\u0439\u043d \u043a\u0430\u0437\u0438\u043d\u043e\",\"publisher\":{\"@id\":\"https:\/\/vegas831.com\/#organization\"},\"potentialAction\":[{\"@type\":\"SearchAction\",\"target\":{\"@type\":\"EntryPoint\",\"urlTemplate\":\"https:\/\/vegas831.com\/?s={search_term_string}\"},\"query-input\":{\"@type\":\"PropertyValueSpecification\",\"valueRequired\":true,\"valueName\":\"search_term_string\"}}],\"inLanguage\":\"ro-RO\"},{\"@type\":\"Organization\",\"@id\":\"https:\/\/vegas831.com\/#organization\",\"name\":\"Vegas\",\"url\":\"https:\/\/vegas831.com\/\",\"logo\":{\"@type\":\"ImageObject\",\"inLanguage\":\"ro-RO\",\"@id\":\"https:\/\/vegas831.com\/#\/schema\/logo\/image\/\",\"url\":\"https:\/\/vegas831.com\/wp-content\/uploads\/vegas-logo.png\",\"contentUrl\":\"https:\/\/vegas831.com\/wp-content\/uploads\/vegas-logo.png\",\"width\":300,\"height\":155,\"caption\":\"Vegas\"},\"image\":{\"@id\":\"https:\/\/vegas831.com\/#\/schema\/logo\/image\/\"}}]}<\/script>\n<!-- \/ Yoast SEO plugin. -->","yoast_head_json":{"title":"\u041e\u0431\u0437\u043e\u0440 \u043e\u043d\u043b\u0430\u0439\u043d \u0441\u043b\u043e\u0442\u043e\u0432 Vegas831.com","description":"O prezentare general\u0103 a sloturilor online la Vegas831 - toate informa\u021biile despre sloturile cu bani reali \u00een cazinourile online. Cele mai bune sloturi online de pe internet. Joac\u0103 \u0219i c\u00e2\u0219tig\u0103.","robots":{"index":"index","follow":"follow","max-snippet":"max-snippet:-1","max-image-preview":"max-image-preview:large","max-video-preview":"max-video-preview:-1"},"canonical":"https:\/\/vegas831.com\/ro\/","og_locale":"ro_RO","og_type":"article","og_title":"\u041e\u0431\u0437\u043e\u0440 \u043e\u043d\u043b\u0430\u0439\u043d \u0441\u043b\u043e\u0442\u043e\u0432 Vegas831.com","og_description":"\u041e\u0431\u0437\u043e\u0440\u043d\u0438\u043a \u043e\u043d\u043b\u0430\u0439\u043d \u0441\u043b\u043e\u0442\u043e\u0432 \u0412\u0435\u0433\u0430\u0441831 - \u0432\u0441\u044f \u0438\u043d\u0444\u043e\u0440\u043c\u0430\u0446\u0438\u044f \u043e\u0431 \u0438\u0433\u0440\u043e\u0432\u044b\u0445 \u0430\u0432\u0442\u043e\u043c\u0430\u0442\u0430\u0445 \u043d\u0430 \u0440\u0435\u0430\u043b\u044c\u043d\u044b\u0435 \u0434\u0435\u043d\u044c\u0433\u0438 \u0432 \u043e\u043d\u043b\u0430\u0439\u043d \u043a\u0430\u0437\u0438\u043d\u043e. \u041b\u0443\u0447\u0448\u0438\u0435 \u043e\u043d\u043b\u0430\u0439\u043d \u0441\u043b\u043e\u0442\u044b \u0432 \u0418\u043d\u0442\u0435\u0440\u043d\u0435\u0442\u0435. \u0418\u0433\u0440\u0430\u0442\u044c \u0438 \u0432\u044b\u0438\u0433\u0440\u044b\u0432\u0430\u0442\u044c","og_url":"https:\/\/vegas831.com\/ro\/","og_site_name":"Vegas","article_modified_time":"2024-04-24T09:44:25+00:00","twitter_card":"summary_large_image","twitter_misc":{"Timp estimat pentru citire":"18 minute"},"schema":{"@context":"https:\/\/schema.org","@graph":[{"@type":"WebPage","@id":"https:\/\/vegas831.com\/","url":"https:\/\/vegas831.com\/","name":"\u041e\u0431\u0437\u043e\u0440 \u043e\u043d\u043b\u0430\u0439\u043d \u0441\u043b\u043e\u0442\u043e\u0432 Vegas831.com","isPartOf":{"@id":"https:\/\/vegas831.com\/#website"},"datePublished":"2023-08-23T02:11:53+00:00","dateModified":"2024-04-24T09:44:25+00:00","description":"\u041e\u0431\u0437\u043e\u0440\u043d\u0438\u043a \u043e\u043d\u043b\u0430\u0439\u043d \u0441\u043b\u043e\u0442\u043e\u0432 \u0412\u0435\u0433\u0430\u0441831 - \u0432\u0441\u044f \u0438\u043d\u0444\u043e\u0440\u043c\u0430\u0446\u0438\u044f \u043e\u0431 \u0438\u0433\u0440\u043e\u0432\u044b\u0445 \u0430\u0432\u0442\u043e\u043c\u0430\u0442\u0430\u0445 \u043d\u0430 \u0440\u0435\u0430\u043b\u044c\u043d\u044b\u0435 \u0434\u0435\u043d\u044c\u0433\u0438 \u0432 \u043e\u043d\u043b\u0430\u0439\u043d \u043a\u0430\u0437\u0438\u043d\u043e. \u041b\u0443\u0447\u0448\u0438\u0435 \u043e\u043d\u043b\u0430\u0439\u043d \u0441\u043b\u043e\u0442\u044b \u0432 \u0418\u043d\u0442\u0435\u0440\u043d\u0435\u0442\u0435. \u0418\u0433\u0440\u0430\u0442\u044c \u0438 \u0432\u044b\u0438\u0433\u0440\u044b\u0432\u0430\u0442\u044c","breadcrumb":{"@id":"https:\/\/vegas831.com\/#breadcrumb"},"inLanguage":"ro-RO","potentialAction":[{"@type":"ReadAction","target":["https:\/\/vegas831.com\/"]}]},{"@type":"BreadcrumbList","@id":"https:\/\/vegas831.com\/#breadcrumb","itemListElement":[{"@type":"ListItem","position":1,"name":"Home","item":"https:\/\/vegas831.com\/"},{"@type":"ListItem","position":2,"name":"\u0421\u0430\u0439\u0442 Vegas831 &#8212; \u043e\u0431\u0437\u043e\u0440\u044b \u0441\u043b\u043e\u0442-\u0438\u0433\u0440!"}]},{"@type":"WebSite","@id":"https:\/\/vegas831.com\/#website","url":"https:\/\/vegas831.com\/","name":"Vegas","description":"\u041e\u0431\u0437\u043e\u0440 \u043b\u0443\u0447\u0448\u0438\u0445 \u0441\u043b\u043e\u0442\u043e\u0432 \u0432 \u043e\u043d\u043b\u0430\u0439\u043d \u043a\u0430\u0437\u0438\u043d\u043e","publisher":{"@id":"https:\/\/vegas831.com\/#organization"},"potentialAction":[{"@type":"SearchAction","target":{"@type":"EntryPoint","urlTemplate":"https:\/\/vegas831.com\/?s={search_term_string}"},"query-input":{"@type":"PropertyValueSpecification","valueRequired":true,"valueName":"search_term_string"}}],"inLanguage":"ro-RO"},{"@type":"Organization","@id":"https:\/\/vegas831.com\/#organization","name":"Vegas","url":"https:\/\/vegas831.com\/","logo":{"@type":"ImageObject","inLanguage":"ro-RO","@id":"https:\/\/vegas831.com\/#\/schema\/logo\/image\/","url":"https:\/\/vegas831.com\/wp-content\/uploads\/vegas-logo.png","contentUrl":"https:\/\/vegas831.com\/wp-content\/uploads\/vegas-logo.png","width":300,"height":155,"caption":"Vegas"},"image":{"@id":"https:\/\/vegas831.com\/#\/schema\/logo\/image\/"}}]}},"_links":{"self":[{"href":"https:\/\/vegas831.com\/ro\/wp-json\/wp\/v2\/pages\/8","targetHints":{"allow":["GET"]}}],"collection":[{"href":"https:\/\/vegas831.com\/ro\/wp-json\/wp\/v2\/pages"}],"about":[{"href":"https:\/\/vegas831.com\/ro\/wp-json\/wp\/v2\/types\/page"}],"author":[{"embeddable":true,"href":"https:\/\/vegas831.com\/ro\/wp-json\/wp\/v2\/users\/1"}],"replies":[{"embeddable":true,"href":"https:\/\/vegas831.com\/ro\/wp-json\/wp\/v2\/comments?post=8"}],"version-history":[{"count":28,"href":"https:\/\/vegas831.com\/ro\/wp-json\/wp\/v2\/pages\/8\/revisions"}],"predecessor-version":[{"id":276,"href":"https:\/\/vegas831.com\/ro\/wp-json\/wp\/v2\/pages\/8\/revisions\/276"}],"wp:attachment":[{"href":"https:\/\/vegas831.com\/ro\/wp-json\/wp\/v2\/media?parent=8"}],"curies":[{"name":"wp","href":"https:\/\/api.w.org\/{rel}","templated":true}]}}