{"id":17,"date":"2023-08-23T03:06:52","date_gmt":"2023-08-23T03:06:52","guid":{"rendered":"https:\/\/vegas831.com\/?page_id=17"},"modified":"2023-11-17T21:42:12","modified_gmt":"2023-11-17T21:42:12","slug":"online-slots","status":"publish","type":"page","link":"https:\/\/vegas831.com\/ro\/online-slots\/","title":{"rendered":"Tipuri de Sloturi \u00een Cazinourile Online"},"content":{"rendered":"<p>\u00cen lumea divertismentului cu jocuri de noroc, site-ul Vegas831 se afl\u0103 \u00een fruntea unei variet\u0103\u021bi nesf\u00e2r\u0219ite de categorii de jocuri de sloturi pentru a satisface gusturile celor mai preten\u021bio\u0219i juc\u0103tori. Indiferent de preferin\u021bele tale &#8211; fie c\u0103 e\u0219ti fan al sloturilor clasice, iubitor al lumilor fantastice sau c\u0103l\u0103tor \u00een timp &#8211; avem ceva special pentru fiecare. S\u0103 explor\u0103m c\u00e2teva dintre categoriile noastre vibrante de sloturi:<\/p>\n<h2><a href=\"\/category\/classic-slots\/\"><strong>Sloturi Clasice Incitante<\/strong><\/a><\/h2>\n<p>Ridic\u0103 cortina asupra istoriei divertismentului cu jocuri de noroc \u00eencerc\u00e2ndu-\u021bi norocul la sloturile clasice. Aceste aparate recreaz\u0103 atmosfera primelor sloturi mecanice \u0219i trezesc sentimente nostalgice. Trei role, simboluri BAR \u0219i norocoasele cifre \u0219apte &#8211; toate acestea te a\u0219teapt\u0103 \u00eentr-o categorie \u00een care simplitatea merge m\u00e2n\u0103 \u00een m\u00e2n\u0103 cu pl\u0103cerea.<\/p>\n<h2><a href=\"\/category\/video-slots\/\"><strong>Sloturi Video: Por\u021bi c\u0103tre Noi Lumi<\/strong><\/a><\/h2>\n<p>Sloturile video moderne sunt adev\u0103rate por\u021bi c\u0103tre domenii incredibile ale aventurilor de joc. Grafic\u0103 uimitoare, anima\u021bii dinamice \u0219i pove\u0219ti captivante sunt ceea ce vei g\u0103si \u00een aceast\u0103 categorie. De la aventuri fantastice pe planete \u00eendep\u0103rtate p\u00e2n\u0103 la c\u0103ut\u0103ri palpitante de comori \u00een jungl\u0103, sloturile video sunt la fel de diverse \u0219i incitante ca \u00eentotdeauna.<\/p>\n<h2><a href=\"\/category\/jackpot-slots\/\"><strong>Jackpoturi Progresive: \u0218ansa Ta la Mari Recompense<\/strong><\/a><\/h2>\n<p>Visezi la o mare victorie? \u00cen categoria de jackpoturi progresive, visele tale pot deveni realitate. Aici, jackpotul cre\u0219te odat\u0103 cu fiecare pariu, iar tu ai putea fi \u00een locul potrivit la momentul potrivit pentru a revendica \u00eentregul jackpot. Po\u021bi c\u00e2\u0219tiga milioane, literalmente milioane de dolari. Mize foarte mari, gameplay dinamic \u0219i \u0219ansa unei victorii grandioase sunt elementele care fac aceast\u0103 categorie at\u00e2t de palpitant\u0103.<\/p>\n<h2><a href=\"\/category\/fantastic-slots\/\"><strong>Lumi Fantastice: C\u0103l\u0103torie \u00een Necunoscut<\/strong><\/a><\/h2>\n<p>Iube\u0219ti \u0219tiin\u021ba fic\u021biunii, lumi magice sau fantezie? Aceast\u0103 categorie ofer\u0103 sloturi care te transport\u0103 \u00een lumi cu pove\u0219ti incredibile. Deschide u\u0219ile c\u0103tre domenii fantastice unde dragonii scuip\u0103 foc, iar secretele magice te a\u0219teapt\u0103 la fiecare col\u021b.<\/p>\n<h2><a href=\"\/category\/adventure-slots\/\"><strong>Teme de Aventur\u0103: Exploreaz\u0103 Noi Orizonturi<\/strong><\/a><\/h2>\n<p>Fiecare c\u0103l\u0103torie \u00eencepe cu un singur pas, iar \u00een aceast\u0103 categorie cu siguran\u021b\u0103 vei g\u0103si loc pentru propria ta aventur\u0103. Fie c\u0103 explorezi temple antice, lupti cu pira\u021bii pe m\u0103rile \u00eenalte sau te \u00eendrep\u021bi c\u0103tre planete \u00eendep\u0103rtate, fiecare rotire devine o adev\u0103rat\u0103 aventur\u0103.<\/p>\n<h2><a href=\"\/category\/fruit-slots\/\"><strong>Sloturi cu Fructe: Str\u0103lucirea Tradi\u021biei<\/strong><\/a><\/h2>\n<p>Pentru iubitorii tradi\u021biei \u0219i simplit\u0103\u021bii, sloturile cu fructe sunt exact ceea ce ai nevoie. Fructe str\u0103lucitoare, sunetul rolelor care se \u00eenv\u00e2rt \u0219i mult\u0103 distrac\u021bie &#8211; toate acestea vei g\u0103si \u00een aceast\u0103 categorie.<\/p>\n<h3><strong>Alege-\u021bi \u0219i C\u00e2\u0219tig\u0103 Acum!<\/strong><\/h3>\n<p>Aceasta este doar o mic\u0103 parte din ceea ce te a\u0219teapt\u0103 pe site-ul nostru. Indiferent de interesele tale, categoriile noastre de sloturi ofer\u0103 posibilit\u0103\u021bi nesf\u00e2r\u0219ite pentru selec\u021bie. Al\u0103tur\u0103-te nou\u0103 pentru a \u00eencepe o c\u0103l\u0103torie palpitant\u0103 \u00een lumea jocurilor de noroc ast\u0103zi!<\/p>\n","protected":false},"excerpt":{"rendered":"<p>\u00cen lumea divertismentului cu jocuri de noroc, site-ul Vegas831 se afl\u0103 \u00een fruntea unei variet\u0103\u021bi nesf\u00e2r\u0219ite de categorii de jocuri de sloturi pentru a satisface gusturile celor mai preten\u021bio\u0219i juc\u0103tori. Indiferent de preferin\u021bele tale &#8211; fie c\u0103 e\u0219ti fan al sloturilor clasice, iubitor al lumilor fantastice sau c\u0103l\u0103tor \u00een timp &#8211; avem ceva special pentru fiecare. S\u0103 explor\u0103m c\u00e2teva dintre categoriile noastre vibrante de sloturi: Sloturi Clasice Incitante Ridic\u0103 cortina asupra istoriei divertismentului cu jocuri&hellip; <\/p>\n","protected":false},"author":1,"featured_media":0,"parent":0,"menu_order":0,"comment_status":"closed","ping_status":"closed","template":"","meta":{"footnotes":""},"class_list":["post-17","page","type-page","status-publish","hentry"],"yoast_head":"<!-- This site is optimized with the Yoast SEO plugin v27.2 - https:\/\/yoast.com\/product\/yoast-seo-wordpress\/ -->\n<title>\u0412\u0438\u0434\u043e\u0432\u0435 \u0441\u043b\u043e\u0442\u043e\u0432\u0435 \u0437\u0430 \u0440\u0435\u0430\u043b\u043d\u0438 \u043f\u0430\u0440\u0438 \u0432 \u043e\u043d\u043b\u0430\u0439\u043d \u043a\u0430\u0437\u0438\u043d\u0430<\/title>\n<meta name=\"description\" content=\"Tipuri de aparate slot \u00een cazinourile online. Cum s\u0103 alegi un slot pentru a juca \u00eentr-un cazino online. Cum s\u0103 c\u00e2\u0219tigi bani reali la o ma\u0219in\u0103 de slot \u00eentr-un cazino online. Joac\u0103 gratuit.\" \/>\n<meta name=\"robots\" content=\"index, follow, max-snippet:-1, max-image-preview:large, max-video-preview:-1\" \/>\n<link rel=\"canonical\" href=\"https:\/\/vegas831.com\/ro\/online-slots\/\" \/>\n<meta property=\"og:locale\" content=\"ro_RO\" \/>\n<meta property=\"og:locale:alternate\" content=\"ru_RU\" \/>\n<meta property=\"og:locale:alternate\" content=\"en_US\" \/>\n<meta property=\"og:locale:alternate\" content=\"pt_PT\" \/>\n<meta property=\"og:locale:alternate\" content=\"es_ES\" \/>\n<meta property=\"og:locale:alternate\" content=\"fr_FR\" \/>\n<meta property=\"og:locale:alternate\" content=\"de_DE\" \/>\n<meta property=\"og:locale:alternate\" content=\"sr_RS\" \/>\n<meta property=\"og:locale:alternate\" content=\"bg_BG\" \/>\n<meta property=\"og:type\" content=\"article\" \/>\n<meta property=\"og:title\" content=\"\u0412\u0438\u0434\u043e\u0432\u0435 \u0441\u043b\u043e\u0442\u043e\u0432\u0435 \u0437\u0430 \u0440\u0435\u0430\u043b\u043d\u0438 \u043f\u0430\u0440\u0438 \u0432 \u043e\u043d\u043b\u0430\u0439\u043d \u043a\u0430\u0437\u0438\u043d\u0430\" \/>\n<meta property=\"og:description\" content=\"\u0412\u0438\u0434\u043e\u0432\u0435 \u0441\u043b\u043e\u0442 \u043c\u0430\u0448\u0438\u043d\u0438 \u0432 \u043e\u043d\u043b\u0430\u0439\u043d \u043a\u0430\u0437\u0438\u043d\u0430. \u041a\u0430\u043a \u0434\u0430 \u0438\u0437\u0431\u0435\u0440\u0435\u0442\u0435 \u0441\u043b\u043e\u0442 \u0437\u0430 \u0438\u0433\u0440\u0430 \u0432 \u043e\u043d\u043b\u0430\u0439\u043d \u043a\u0430\u0437\u0438\u043d\u043e. \u041a\u0430\u043a \u0434\u0430 \u0441\u043f\u0435\u0447\u0435\u043b\u0438\u0442\u0435 \u0440\u0435\u0430\u043b\u043d\u0438 \u043f\u0430\u0440\u0438 \u043d\u0430 \u0441\u043b\u043e\u0442 \u043c\u0430\u0448\u0438\u043d\u0430 \u0432 \u043e\u043d\u043b\u0430\u0439\u043d \u043a\u0430\u0437\u0438\u043d\u043e. \u0418\u0433\u0440\u0430\u0439\u0442\u0435 \u0431\u0435\u0437\u043f\u043b\u0430\u0442\u043d\u043e.\" \/>\n<meta property=\"og:url\" content=\"https:\/\/vegas831.com\/ro\/online-slots\/\" \/>\n<meta property=\"og:site_name\" content=\"Vegas\" \/>\n<meta property=\"article:modified_time\" content=\"2023-11-17T21:42:12+00:00\" \/>\n<meta name=\"twitter:card\" content=\"summary_large_image\" \/>\n<meta name=\"twitter:label1\" content=\"Timp estimat pentru citire\" \/>\n\t<meta name=\"twitter:data1\" content=\"15 minute\" \/>\n<script type=\"application\/ld+json\" class=\"yoast-schema-graph\">{\"@context\":\"https:\/\/schema.org\",\"@graph\":[{\"@type\":\"WebPage\",\"@id\":\"https:\/\/vegas831.com\/bg\/online-slots\/\",\"url\":\"https:\/\/vegas831.com\/bg\/online-slots\/\",\"name\":\"\u0412\u0438\u0434\u043e\u0432\u0435 \u0441\u043b\u043e\u0442\u043e\u0432\u0435 \u0437\u0430 \u0440\u0435\u0430\u043b\u043d\u0438 \u043f\u0430\u0440\u0438 \u0432 \u043e\u043d\u043b\u0430\u0439\u043d \u043a\u0430\u0437\u0438\u043d\u0430\",\"isPartOf\":{\"@id\":\"https:\/\/vegas831.com\/#website\"},\"datePublished\":\"2023-08-23T03:06:52+00:00\",\"dateModified\":\"2023-11-17T21:42:12+00:00\",\"description\":\"\u0412\u0438\u0434\u043e\u0432\u0435 \u0441\u043b\u043e\u0442 \u043c\u0430\u0448\u0438\u043d\u0438 \u0432 \u043e\u043d\u043b\u0430\u0439\u043d \u043a\u0430\u0437\u0438\u043d\u0430. \u041a\u0430\u043a \u0434\u0430 \u0438\u0437\u0431\u0435\u0440\u0435\u0442\u0435 \u0441\u043b\u043e\u0442 \u0437\u0430 \u0438\u0433\u0440\u0430 \u0432 \u043e\u043d\u043b\u0430\u0439\u043d \u043a\u0430\u0437\u0438\u043d\u043e. \u041a\u0430\u043a \u0434\u0430 \u0441\u043f\u0435\u0447\u0435\u043b\u0438\u0442\u0435 \u0440\u0435\u0430\u043b\u043d\u0438 \u043f\u0430\u0440\u0438 \u043d\u0430 \u0441\u043b\u043e\u0442 \u043c\u0430\u0448\u0438\u043d\u0430 \u0432 \u043e\u043d\u043b\u0430\u0439\u043d \u043a\u0430\u0437\u0438\u043d\u043e. \u0418\u0433\u0440\u0430\u0439\u0442\u0435 \u0431\u0435\u0437\u043f\u043b\u0430\u0442\u043d\u043e.\",\"breadcrumb\":{\"@id\":\"https:\/\/vegas831.com\/bg\/online-slots\/#breadcrumb\"},\"inLanguage\":\"ro-RO\",\"potentialAction\":[{\"@type\":\"ReadAction\",\"target\":[\"https:\/\/vegas831.com\/bg\/online-slots\/\"]}]},{\"@type\":\"BreadcrumbList\",\"@id\":\"https:\/\/vegas831.com\/bg\/online-slots\/#breadcrumb\",\"itemListElement\":[{\"@type\":\"ListItem\",\"position\":1,\"name\":\"Home\",\"item\":\"https:\/\/vegas831.com\/\"},{\"@type\":\"ListItem\",\"position\":2,\"name\":\"\u0422\u0438\u043f\u043e\u0432\u0435 \u0441\u043b\u043e\u0442\u043e\u0432\u0435 \u0432 \u043e\u043d\u043b\u0430\u0439\u043d \u043a\u0430\u0437\u0438\u043d\u0430\"}]},{\"@type\":\"WebSite\",\"@id\":\"https:\/\/vegas831.com\/#website\",\"url\":\"https:\/\/vegas831.com\/\",\"name\":\"Vegas\",\"description\":\"\u041e\u0431\u0437\u043e\u0440 \u043b\u0443\u0447\u0448\u0438\u0445 \u0441\u043b\u043e\u0442\u043e\u0432 \u0432 \u043e\u043d\u043b\u0430\u0439\u043d \u043a\u0430\u0437\u0438\u043d\u043e\",\"publisher\":{\"@id\":\"https:\/\/vegas831.com\/#organization\"},\"potentialAction\":[{\"@type\":\"SearchAction\",\"target\":{\"@type\":\"EntryPoint\",\"urlTemplate\":\"https:\/\/vegas831.com\/?s={search_term_string}\"},\"query-input\":{\"@type\":\"PropertyValueSpecification\",\"valueRequired\":true,\"valueName\":\"search_term_string\"}}],\"inLanguage\":\"ro-RO\"},{\"@type\":\"Organization\",\"@id\":\"https:\/\/vegas831.com\/#organization\",\"name\":\"Vegas\",\"url\":\"https:\/\/vegas831.com\/\",\"logo\":{\"@type\":\"ImageObject\",\"inLanguage\":\"ro-RO\",\"@id\":\"https:\/\/vegas831.com\/#\/schema\/logo\/image\/\",\"url\":\"https:\/\/vegas831.com\/wp-content\/uploads\/vegas-logo.png\",\"contentUrl\":\"https:\/\/vegas831.com\/wp-content\/uploads\/vegas-logo.png\",\"width\":300,\"height\":155,\"caption\":\"Vegas\"},\"image\":{\"@id\":\"https:\/\/vegas831.com\/#\/schema\/logo\/image\/\"}}]}<\/script>\n<!-- \/ Yoast SEO plugin. -->","yoast_head_json":{"title":"\u0412\u0438\u0434\u043e\u0432\u0435 \u0441\u043b\u043e\u0442\u043e\u0432\u0435 \u0437\u0430 \u0440\u0435\u0430\u043b\u043d\u0438 \u043f\u0430\u0440\u0438 \u0432 \u043e\u043d\u043b\u0430\u0439\u043d \u043a\u0430\u0437\u0438\u043d\u0430","description":"Tipuri de aparate slot \u00een cazinourile online. Cum s\u0103 alegi un slot pentru a juca \u00eentr-un cazino online. Cum s\u0103 c\u00e2\u0219tigi bani reali la o ma\u0219in\u0103 de slot \u00eentr-un cazino online. Joac\u0103 gratuit.","robots":{"index":"index","follow":"follow","max-snippet":"max-snippet:-1","max-image-preview":"max-image-preview:large","max-video-preview":"max-video-preview:-1"},"canonical":"https:\/\/vegas831.com\/ro\/online-slots\/","og_locale":"ro_RO","og_type":"article","og_title":"\u0412\u0438\u0434\u043e\u0432\u0435 \u0441\u043b\u043e\u0442\u043e\u0432\u0435 \u0437\u0430 \u0440\u0435\u0430\u043b\u043d\u0438 \u043f\u0430\u0440\u0438 \u0432 \u043e\u043d\u043b\u0430\u0439\u043d \u043a\u0430\u0437\u0438\u043d\u0430","og_description":"\u0412\u0438\u0434\u043e\u0432\u0435 \u0441\u043b\u043e\u0442 \u043c\u0430\u0448\u0438\u043d\u0438 \u0432 \u043e\u043d\u043b\u0430\u0439\u043d \u043a\u0430\u0437\u0438\u043d\u0430. \u041a\u0430\u043a \u0434\u0430 \u0438\u0437\u0431\u0435\u0440\u0435\u0442\u0435 \u0441\u043b\u043e\u0442 \u0437\u0430 \u0438\u0433\u0440\u0430 \u0432 \u043e\u043d\u043b\u0430\u0439\u043d \u043a\u0430\u0437\u0438\u043d\u043e. \u041a\u0430\u043a \u0434\u0430 \u0441\u043f\u0435\u0447\u0435\u043b\u0438\u0442\u0435 \u0440\u0435\u0430\u043b\u043d\u0438 \u043f\u0430\u0440\u0438 \u043d\u0430 \u0441\u043b\u043e\u0442 \u043c\u0430\u0448\u0438\u043d\u0430 \u0432 \u043e\u043d\u043b\u0430\u0439\u043d \u043a\u0430\u0437\u0438\u043d\u043e. \u0418\u0433\u0440\u0430\u0439\u0442\u0435 \u0431\u0435\u0437\u043f\u043b\u0430\u0442\u043d\u043e.","og_url":"https:\/\/vegas831.com\/ro\/online-slots\/","og_site_name":"Vegas","article_modified_time":"2023-11-17T21:42:12+00:00","twitter_card":"summary_large_image","twitter_misc":{"Timp estimat pentru citire":"15 minute"},"schema":{"@context":"https:\/\/schema.org","@graph":[{"@type":"WebPage","@id":"https:\/\/vegas831.com\/bg\/online-slots\/","url":"https:\/\/vegas831.com\/bg\/online-slots\/","name":"\u0412\u0438\u0434\u043e\u0432\u0435 \u0441\u043b\u043e\u0442\u043e\u0432\u0435 \u0437\u0430 \u0440\u0435\u0430\u043b\u043d\u0438 \u043f\u0430\u0440\u0438 \u0432 \u043e\u043d\u043b\u0430\u0439\u043d \u043a\u0430\u0437\u0438\u043d\u0430","isPartOf":{"@id":"https:\/\/vegas831.com\/#website"},"datePublished":"2023-08-23T03:06:52+00:00","dateModified":"2023-11-17T21:42:12+00:00","description":"\u0412\u0438\u0434\u043e\u0432\u0435 \u0441\u043b\u043e\u0442 \u043c\u0430\u0448\u0438\u043d\u0438 \u0432 \u043e\u043d\u043b\u0430\u0439\u043d \u043a\u0430\u0437\u0438\u043d\u0430. \u041a\u0430\u043a \u0434\u0430 \u0438\u0437\u0431\u0435\u0440\u0435\u0442\u0435 \u0441\u043b\u043e\u0442 \u0437\u0430 \u0438\u0433\u0440\u0430 \u0432 \u043e\u043d\u043b\u0430\u0439\u043d \u043a\u0430\u0437\u0438\u043d\u043e. \u041a\u0430\u043a \u0434\u0430 \u0441\u043f\u0435\u0447\u0435\u043b\u0438\u0442\u0435 \u0440\u0435\u0430\u043b\u043d\u0438 \u043f\u0430\u0440\u0438 \u043d\u0430 \u0441\u043b\u043e\u0442 \u043c\u0430\u0448\u0438\u043d\u0430 \u0432 \u043e\u043d\u043b\u0430\u0439\u043d \u043a\u0430\u0437\u0438\u043d\u043e. \u0418\u0433\u0440\u0430\u0439\u0442\u0435 \u0431\u0435\u0437\u043f\u043b\u0430\u0442\u043d\u043e.","breadcrumb":{"@id":"https:\/\/vegas831.com\/bg\/online-slots\/#breadcrumb"},"inLanguage":"ro-RO","potentialAction":[{"@type":"ReadAction","target":["https:\/\/vegas831.com\/bg\/online-slots\/"]}]},{"@type":"BreadcrumbList","@id":"https:\/\/vegas831.com\/bg\/online-slots\/#breadcrumb","itemListElement":[{"@type":"ListItem","position":1,"name":"Home","item":"https:\/\/vegas831.com\/"},{"@type":"ListItem","position":2,"name":"\u0422\u0438\u043f\u043e\u0432\u0435 \u0441\u043b\u043e\u0442\u043e\u0432\u0435 \u0432 \u043e\u043d\u043b\u0430\u0439\u043d \u043a\u0430\u0437\u0438\u043d\u0430"}]},{"@type":"WebSite","@id":"https:\/\/vegas831.com\/#website","url":"https:\/\/vegas831.com\/","name":"Vegas","description":"\u041e\u0431\u0437\u043e\u0440 \u043b\u0443\u0447\u0448\u0438\u0445 \u0441\u043b\u043e\u0442\u043e\u0432 \u0432 \u043e\u043d\u043b\u0430\u0439\u043d \u043a\u0430\u0437\u0438\u043d\u043e","publisher":{"@id":"https:\/\/vegas831.com\/#organization"},"potentialAction":[{"@type":"SearchAction","target":{"@type":"EntryPoint","urlTemplate":"https:\/\/vegas831.com\/?s={search_term_string}"},"query-input":{"@type":"PropertyValueSpecification","valueRequired":true,"valueName":"search_term_string"}}],"inLanguage":"ro-RO"},{"@type":"Organization","@id":"https:\/\/vegas831.com\/#organization","name":"Vegas","url":"https:\/\/vegas831.com\/","logo":{"@type":"ImageObject","inLanguage":"ro-RO","@id":"https:\/\/vegas831.com\/#\/schema\/logo\/image\/","url":"https:\/\/vegas831.com\/wp-content\/uploads\/vegas-logo.png","contentUrl":"https:\/\/vegas831.com\/wp-content\/uploads\/vegas-logo.png","width":300,"height":155,"caption":"Vegas"},"image":{"@id":"https:\/\/vegas831.com\/#\/schema\/logo\/image\/"}}]}},"_links":{"self":[{"href":"https:\/\/vegas831.com\/ro\/wp-json\/wp\/v2\/pages\/17","targetHints":{"allow":["GET"]}}],"collection":[{"href":"https:\/\/vegas831.com\/ro\/wp-json\/wp\/v2\/pages"}],"about":[{"href":"https:\/\/vegas831.com\/ro\/wp-json\/wp\/v2\/types\/page"}],"author":[{"embeddable":true,"href":"https:\/\/vegas831.com\/ro\/wp-json\/wp\/v2\/users\/1"}],"replies":[{"embeddable":true,"href":"https:\/\/vegas831.com\/ro\/wp-json\/wp\/v2\/comments?post=17"}],"version-history":[{"count":17,"href":"https:\/\/vegas831.com\/ro\/wp-json\/wp\/v2\/pages\/17\/revisions"}],"predecessor-version":[{"id":212,"href":"https:\/\/vegas831.com\/ro\/wp-json\/wp\/v2\/pages\/17\/revisions\/212"}],"wp:attachment":[{"href":"https:\/\/vegas831.com\/ro\/wp-json\/wp\/v2\/media?parent=17"}],"curies":[{"name":"wp","href":"https:\/\/api.w.org\/{rel}","templated":true}]}}