{"id":15,"date":"2023-08-23T02:31:49","date_gmt":"2023-08-23T02:31:49","guid":{"rendered":"https:\/\/vegas831.com\/?page_id=15"},"modified":"2023-11-17T22:05:03","modified_gmt":"2023-11-17T22:05:03","slug":"about-us","status":"publish","type":"page","link":"https:\/\/vegas831.com\/ro\/about-us\/","title":{"rendered":"Despre Noi: Lumea Jocurilor de Noroc pentru Distractia Ta"},"content":{"rendered":"<p>Bine ai venit pe site-ul nostru de recenzii Vegas831, unde fiecare rotire devine o c\u0103l\u0103torie \u00een lumea captivant\u0103 a divertismentului prin jocuri de noroc. Am creat acest resurs pentru a-\u021bi oferi informa\u021bii cuprinz\u0103toare despre diverse jocuri de slot, pentru a te ajuta s\u0103 \u00een\u021belegi regulile, strategiile, temele \u0219i pentru a \u00eemp\u0103rt\u0103\u0219i cele mai bune sfaturi pentru a-\u021bi maximiza experien\u021ba de joc.<\/p>\n<h2>Ce Oferim<\/h2>\n<p>Site-ul Vegas831 \u00ee\u0219i propune s\u0103 devin\u0103 partenerul t\u0103u de \u00eencredere \u00een lumea jocurilor de noroc. Exper\u021bii no\u0219tri efectueaz\u0103 analize \u0219i recenzii am\u0103nun\u021bite ale diferitelor jocuri de slot, astfel \u00eenc\u00e2t s\u0103 po\u021bi lua decizii informate. \u00ce\u021bi oferim recenzii detaliate ale fiec\u0103rui joc, mecanicile sale, caracteristicile \u0219i pl\u0103\u021bile, astfel \u00eenc\u00e2t s\u0103 po\u021bi alege cele care se aliniaz\u0103 cu interesele \u0219i preferin\u021bele tale.<\/p>\n<h2>Misiunea Noastr\u0103<\/h2>\n<p>Scopul nostru principal este s\u0103 te ajut\u0103m s\u0103 te bucuri pe deplin de jocurile de slot. Ne propunem s\u0103 \u00ee\u021bi oferim toate informa\u021biile necesare pentru a putea lua decizii informate \u00een alegerea jocurilor \u0219i gestionarea bugetului t\u0103u. De asemenea, ne propunem s\u0103 te ajut\u0103m s\u0103 c\u00e2\u0219tigi bani juc\u00e2nd jocuri de noroc. Fie c\u0103 e\u0219ti \u00eencep\u0103tor sau juc\u0103tor experimentat, suntem \u00eencrez\u0103tori c\u0103 avem ceva valoros pentru fiecare juc\u0103tor, indiferent de buget \u0219i obiective.<\/p>\n<h2>De ce Noi?<\/h2>\n<ul>\n<li><strong>Opinie de Exper\u021bi:<\/strong> Echipa noastr\u0103 este format\u0103 din juc\u0103tori experimenta\u021bi \u0219i exper\u021bi \u00een jocuri de noroc care \u00ee\u0219i \u00eemp\u0103rt\u0103\u0219esc cuno\u0219tin\u021bele \u0219i experien\u021ba cu tine.<\/li>\n<li><strong>Recenzii Obiective:<\/strong> Oferim recenzii obiective bazate pe analiza \u0219i evaluarea fiec\u0103rui joc de slot.<\/li>\n<li><strong>Instruc\u021biuni Detaliate:<\/strong> Explic\u0103m regulile, mecanicile \u0219i caracteristicile fiec\u0103rui joc, astfel \u00eenc\u00e2t s\u0103 te sim\u021bi \u00eencrez\u0103tor atunci c\u00e2nd joci.<\/li>\n<li><strong>Strategii \u0219i Sfaturi:<\/strong> \u00cemp\u0103rt\u0103\u0219im strategii eficiente \u0219i sfaturi pentru a-\u021bi cre\u0219te \u0219ansele de succes.<\/li>\n<\/ul>\n<h2>Al\u0103tur\u0103-te Nou\u0103<\/h2>\n<p>Te invit\u0103m s\u0103 te al\u0103turi comunit\u0103\u021bii noastre de jocuri de noroc, pentru care jocurile de noroc nu sunt doar o modalitate de a-\u021bi petrece timpul, ci \u0219i o parte a vie\u021bii. Recenziile noastre te vor ajuta nu doar s\u0103 \u00een\u021belegi mecanica jocului, ci \u0219i s\u0103 te bucuri de atmosfera captivant\u0103 a lumii sloturilor. Fii la curent cu ultimele \u0219tiri, strategii \u0219i oportunit\u0103\u021bi \u0219i, \u00eempreun\u0103, s\u0103 cre\u0103m o lume fascinant\u0103 a jocurilor de noroc \u0219i a c\u00e2\u0219tigurilor.<\/p>\n","protected":false},"excerpt":{"rendered":"<p>Bine ai venit pe site-ul nostru de recenzii Vegas831, unde fiecare rotire devine o c\u0103l\u0103torie \u00een lumea captivant\u0103 a divertismentului prin jocuri de noroc. Am creat acest resurs pentru a-\u021bi oferi informa\u021bii cuprinz\u0103toare despre diverse jocuri de slot, pentru a te ajuta s\u0103 \u00een\u021belegi regulile, strategiile, temele \u0219i pentru a \u00eemp\u0103rt\u0103\u0219i cele mai bune sfaturi pentru a-\u021bi maximiza experien\u021ba de joc. Ce Oferim Site-ul Vegas831 \u00ee\u0219i propune s\u0103 devin\u0103 partenerul t\u0103u de \u00eencredere \u00een lumea&hellip; <\/p>\n","protected":false},"author":1,"featured_media":0,"parent":0,"menu_order":0,"comment_status":"closed","ping_status":"closed","template":"","meta":{"footnotes":""},"class_list":["post-15","page","type-page","status-publish","hentry"],"yoast_head":"<!-- This site is optimized with the Yoast SEO plugin v27.2 - https:\/\/yoast.com\/product\/yoast-seo-wordpress\/ -->\n<title>\u0423\u0435\u0431\u0441\u0430\u0439\u0442 Vegas831.com<\/title>\n<meta name=\"description\" content=\"Totul despre website-ul Vegas831.com - informa\u021bii despre sloturi \u0219i alte jocuri online \u00een cazinourile online.\" \/>\n<meta name=\"robots\" content=\"index, follow, max-snippet:-1, max-image-preview:large, max-video-preview:-1\" \/>\n<link rel=\"canonical\" href=\"https:\/\/vegas831.com\/ro\/about-us\/\" \/>\n<meta property=\"og:locale\" content=\"ro_RO\" \/>\n<meta property=\"og:locale:alternate\" content=\"ru_RU\" \/>\n<meta property=\"og:locale:alternate\" content=\"en_US\" \/>\n<meta property=\"og:locale:alternate\" content=\"pt_PT\" \/>\n<meta property=\"og:locale:alternate\" content=\"es_ES\" \/>\n<meta property=\"og:locale:alternate\" content=\"fr_FR\" \/>\n<meta property=\"og:locale:alternate\" content=\"de_DE\" \/>\n<meta property=\"og:locale:alternate\" content=\"sr_RS\" \/>\n<meta property=\"og:locale:alternate\" content=\"bg_BG\" \/>\n<meta property=\"og:type\" content=\"article\" \/>\n<meta property=\"og:title\" content=\"\u0423\u0435\u0431\u0441\u0430\u0439\u0442 Vegas831.com\" \/>\n<meta property=\"og:description\" content=\"\u0412\u0441\u0438\u0447\u043a\u043e \u0437\u0430 \u0443\u0435\u0431\u0441\u0430\u0439\u0442\u0430 Vegas831.com - \u0438\u043d\u0444\u043e\u0440\u043c\u0430\u0446\u0438\u044f \u0437\u0430 \u0441\u043b\u043e\u0442\u043e\u0432\u0435 \u0438 \u0434\u0440\u0443\u0433\u0438 \u043e\u043d\u043b\u0430\u0439\u043d \u0438\u0433\u0440\u0438 \u0432 \u043e\u043d\u043b\u0430\u0439\u043d \u043a\u0430\u0437\u0438\u043d\u0430.\" \/>\n<meta property=\"og:url\" content=\"https:\/\/vegas831.com\/ro\/about-us\/\" \/>\n<meta property=\"og:site_name\" content=\"Vegas\" \/>\n<meta property=\"article:modified_time\" content=\"2023-11-17T22:05:03+00:00\" \/>\n<meta name=\"twitter:card\" content=\"summary_large_image\" \/>\n<meta name=\"twitter:label1\" content=\"Timp estimat pentru citire\" \/>\n\t<meta name=\"twitter:data1\" content=\"12 minute\" \/>\n<script type=\"application\/ld+json\" class=\"yoast-schema-graph\">{\"@context\":\"https:\/\/schema.org\",\"@graph\":[{\"@type\":\"WebPage\",\"@id\":\"https:\/\/vegas831.com\/bg\/about-us\/\",\"url\":\"https:\/\/vegas831.com\/bg\/about-us\/\",\"name\":\"\u0423\u0435\u0431\u0441\u0430\u0439\u0442 Vegas831.com\",\"isPartOf\":{\"@id\":\"https:\/\/vegas831.com\/#website\"},\"datePublished\":\"2023-08-23T02:31:49+00:00\",\"dateModified\":\"2023-11-17T22:05:03+00:00\",\"description\":\"\u0412\u0441\u0438\u0447\u043a\u043e \u0437\u0430 \u0443\u0435\u0431\u0441\u0430\u0439\u0442\u0430 Vegas831.com - \u0438\u043d\u0444\u043e\u0440\u043c\u0430\u0446\u0438\u044f \u0437\u0430 \u0441\u043b\u043e\u0442\u043e\u0432\u0435 \u0438 \u0434\u0440\u0443\u0433\u0438 \u043e\u043d\u043b\u0430\u0439\u043d \u0438\u0433\u0440\u0438 \u0432 \u043e\u043d\u043b\u0430\u0439\u043d \u043a\u0430\u0437\u0438\u043d\u0430.\",\"breadcrumb\":{\"@id\":\"https:\/\/vegas831.com\/bg\/about-us\/#breadcrumb\"},\"inLanguage\":\"ro-RO\",\"potentialAction\":[{\"@type\":\"ReadAction\",\"target\":[\"https:\/\/vegas831.com\/bg\/about-us\/\"]}]},{\"@type\":\"BreadcrumbList\",\"@id\":\"https:\/\/vegas831.com\/bg\/about-us\/#breadcrumb\",\"itemListElement\":[{\"@type\":\"ListItem\",\"position\":1,\"name\":\"Home\",\"item\":\"https:\/\/vegas831.com\/\"},{\"@type\":\"ListItem\",\"position\":2,\"name\":\"\u041e\u0442\u043d\u043e\u0441\u043d\u043e \u043d\u0430\u0441: \u0421\u0432\u044f\u0442 \u043d\u0430 \u0445\u0430\u0437\u0430\u0440\u0442\u0430 \u0437\u0430 \u0432\u0430\u0448\u0435 \u0437\u0430\u0431\u0430\u0432\u043b\u0435\u043d\u0438\u0435\"}]},{\"@type\":\"WebSite\",\"@id\":\"https:\/\/vegas831.com\/#website\",\"url\":\"https:\/\/vegas831.com\/\",\"name\":\"Vegas\",\"description\":\"\u041e\u0431\u0437\u043e\u0440 \u043b\u0443\u0447\u0448\u0438\u0445 \u0441\u043b\u043e\u0442\u043e\u0432 \u0432 \u043e\u043d\u043b\u0430\u0439\u043d \u043a\u0430\u0437\u0438\u043d\u043e\",\"publisher\":{\"@id\":\"https:\/\/vegas831.com\/#organization\"},\"potentialAction\":[{\"@type\":\"SearchAction\",\"target\":{\"@type\":\"EntryPoint\",\"urlTemplate\":\"https:\/\/vegas831.com\/?s={search_term_string}\"},\"query-input\":{\"@type\":\"PropertyValueSpecification\",\"valueRequired\":true,\"valueName\":\"search_term_string\"}}],\"inLanguage\":\"ro-RO\"},{\"@type\":\"Organization\",\"@id\":\"https:\/\/vegas831.com\/#organization\",\"name\":\"Vegas\",\"url\":\"https:\/\/vegas831.com\/\",\"logo\":{\"@type\":\"ImageObject\",\"inLanguage\":\"ro-RO\",\"@id\":\"https:\/\/vegas831.com\/#\/schema\/logo\/image\/\",\"url\":\"https:\/\/vegas831.com\/wp-content\/uploads\/vegas-logo.png\",\"contentUrl\":\"https:\/\/vegas831.com\/wp-content\/uploads\/vegas-logo.png\",\"width\":300,\"height\":155,\"caption\":\"Vegas\"},\"image\":{\"@id\":\"https:\/\/vegas831.com\/#\/schema\/logo\/image\/\"}}]}<\/script>\n<!-- \/ Yoast SEO plugin. -->","yoast_head_json":{"title":"\u0423\u0435\u0431\u0441\u0430\u0439\u0442 Vegas831.com","description":"Totul despre website-ul Vegas831.com - informa\u021bii despre sloturi \u0219i alte jocuri online \u00een cazinourile online.","robots":{"index":"index","follow":"follow","max-snippet":"max-snippet:-1","max-image-preview":"max-image-preview:large","max-video-preview":"max-video-preview:-1"},"canonical":"https:\/\/vegas831.com\/ro\/about-us\/","og_locale":"ro_RO","og_type":"article","og_title":"\u0423\u0435\u0431\u0441\u0430\u0439\u0442 Vegas831.com","og_description":"\u0412\u0441\u0438\u0447\u043a\u043e \u0437\u0430 \u0443\u0435\u0431\u0441\u0430\u0439\u0442\u0430 Vegas831.com - \u0438\u043d\u0444\u043e\u0440\u043c\u0430\u0446\u0438\u044f \u0437\u0430 \u0441\u043b\u043e\u0442\u043e\u0432\u0435 \u0438 \u0434\u0440\u0443\u0433\u0438 \u043e\u043d\u043b\u0430\u0439\u043d \u0438\u0433\u0440\u0438 \u0432 \u043e\u043d\u043b\u0430\u0439\u043d \u043a\u0430\u0437\u0438\u043d\u0430.","og_url":"https:\/\/vegas831.com\/ro\/about-us\/","og_site_name":"Vegas","article_modified_time":"2023-11-17T22:05:03+00:00","twitter_card":"summary_large_image","twitter_misc":{"Timp estimat pentru citire":"12 minute"},"schema":{"@context":"https:\/\/schema.org","@graph":[{"@type":"WebPage","@id":"https:\/\/vegas831.com\/bg\/about-us\/","url":"https:\/\/vegas831.com\/bg\/about-us\/","name":"\u0423\u0435\u0431\u0441\u0430\u0439\u0442 Vegas831.com","isPartOf":{"@id":"https:\/\/vegas831.com\/#website"},"datePublished":"2023-08-23T02:31:49+00:00","dateModified":"2023-11-17T22:05:03+00:00","description":"\u0412\u0441\u0438\u0447\u043a\u043e \u0437\u0430 \u0443\u0435\u0431\u0441\u0430\u0439\u0442\u0430 Vegas831.com - \u0438\u043d\u0444\u043e\u0440\u043c\u0430\u0446\u0438\u044f \u0437\u0430 \u0441\u043b\u043e\u0442\u043e\u0432\u0435 \u0438 \u0434\u0440\u0443\u0433\u0438 \u043e\u043d\u043b\u0430\u0439\u043d \u0438\u0433\u0440\u0438 \u0432 \u043e\u043d\u043b\u0430\u0439\u043d \u043a\u0430\u0437\u0438\u043d\u0430.","breadcrumb":{"@id":"https:\/\/vegas831.com\/bg\/about-us\/#breadcrumb"},"inLanguage":"ro-RO","potentialAction":[{"@type":"ReadAction","target":["https:\/\/vegas831.com\/bg\/about-us\/"]}]},{"@type":"BreadcrumbList","@id":"https:\/\/vegas831.com\/bg\/about-us\/#breadcrumb","itemListElement":[{"@type":"ListItem","position":1,"name":"Home","item":"https:\/\/vegas831.com\/"},{"@type":"ListItem","position":2,"name":"\u041e\u0442\u043d\u043e\u0441\u043d\u043e \u043d\u0430\u0441: \u0421\u0432\u044f\u0442 \u043d\u0430 \u0445\u0430\u0437\u0430\u0440\u0442\u0430 \u0437\u0430 \u0432\u0430\u0448\u0435 \u0437\u0430\u0431\u0430\u0432\u043b\u0435\u043d\u0438\u0435"}]},{"@type":"WebSite","@id":"https:\/\/vegas831.com\/#website","url":"https:\/\/vegas831.com\/","name":"Vegas","description":"\u041e\u0431\u0437\u043e\u0440 \u043b\u0443\u0447\u0448\u0438\u0445 \u0441\u043b\u043e\u0442\u043e\u0432 \u0432 \u043e\u043d\u043b\u0430\u0439\u043d \u043a\u0430\u0437\u0438\u043d\u043e","publisher":{"@id":"https:\/\/vegas831.com\/#organization"},"potentialAction":[{"@type":"SearchAction","target":{"@type":"EntryPoint","urlTemplate":"https:\/\/vegas831.com\/?s={search_term_string}"},"query-input":{"@type":"PropertyValueSpecification","valueRequired":true,"valueName":"search_term_string"}}],"inLanguage":"ro-RO"},{"@type":"Organization","@id":"https:\/\/vegas831.com\/#organization","name":"Vegas","url":"https:\/\/vegas831.com\/","logo":{"@type":"ImageObject","inLanguage":"ro-RO","@id":"https:\/\/vegas831.com\/#\/schema\/logo\/image\/","url":"https:\/\/vegas831.com\/wp-content\/uploads\/vegas-logo.png","contentUrl":"https:\/\/vegas831.com\/wp-content\/uploads\/vegas-logo.png","width":300,"height":155,"caption":"Vegas"},"image":{"@id":"https:\/\/vegas831.com\/#\/schema\/logo\/image\/"}}]}},"_links":{"self":[{"href":"https:\/\/vegas831.com\/ro\/wp-json\/wp\/v2\/pages\/15","targetHints":{"allow":["GET"]}}],"collection":[{"href":"https:\/\/vegas831.com\/ro\/wp-json\/wp\/v2\/pages"}],"about":[{"href":"https:\/\/vegas831.com\/ro\/wp-json\/wp\/v2\/types\/page"}],"author":[{"embeddable":true,"href":"https:\/\/vegas831.com\/ro\/wp-json\/wp\/v2\/users\/1"}],"replies":[{"embeddable":true,"href":"https:\/\/vegas831.com\/ro\/wp-json\/wp\/v2\/comments?post=15"}],"version-history":[{"count":17,"href":"https:\/\/vegas831.com\/ro\/wp-json\/wp\/v2\/pages\/15\/revisions"}],"predecessor-version":[{"id":218,"href":"https:\/\/vegas831.com\/ro\/wp-json\/wp\/v2\/pages\/15\/revisions\/218"}],"wp:attachment":[{"href":"https:\/\/vegas831.com\/ro\/wp-json\/wp\/v2\/media?parent=15"}],"curies":[{"name":"wp","href":"https:\/\/api.w.org\/{rel}","templated":true}]}}