{"id":8,"date":"2023-08-23T02:11:53","date_gmt":"2023-08-23T02:11:53","guid":{"rendered":"https:\/\/vegas831.com\/?page_id=8"},"modified":"2024-04-24T09:44:25","modified_gmt":"2024-04-24T09:44:25","slug":"home","status":"publish","type":"page","link":"https:\/\/vegas831.com\/pt\/","title":{"rendered":"Vegas831.com &#8211; An\u00e1lises de Jogos de Ca\u00e7a-N\u00edqueis!"},"content":{"rendered":"<p>Bem-vindo ao centro de an\u00e1lises de jogos de ca\u00e7a-n\u00edqueis mais abrangente &#8211; Vegas831, oferecendo uma an\u00e1lise aprofundada e abrangente do emocionante mundo dos <a href=\"https:\/\/69pinup.com\/pt\/pin-up-games\/\">ca\u00e7a-n\u00edqueis online<\/a>. Nosso objetivo \u00e9 fornecer as informa\u00e7\u00f5es mais atualizadas para que voc\u00ea possa desfrutar de sess\u00f5es de jogo emocionantes enquanto est\u00e1 na frente do seu monitor e apreciar as \u00faltimas cria\u00e7\u00f5es dos melhores est\u00fadios de jogos em <a href=\"https:\/\/play1win.com\/pt\/\">cassinos online<\/a>.<\/p>\n<h2><strong>Vegas831.com &#8211; um para\u00edso de jogos para entusiastas de ca\u00e7a-n\u00edqueis <\/strong><\/h2>\n<p><strong>O que oferecemos e o que voc\u00ea encontrar\u00e1 em nosso site:<\/strong><\/p>\n<h3><strong>An\u00e1lises de Ca\u00e7a-N\u00edqueis em Cassinos Online <\/strong><\/h3>\n<p>Nossos revisores profissionais dissecam minuciosamente todos os detalhes dos jogos de ca\u00e7a-n\u00edqueis dos principais desenvolvedores globais que podem ser encontrados em qualquer cassino online. Identificamos mec\u00e2nicas \u00fanicas, analisamos anima\u00e7\u00f5es e gr\u00e1ficos, analisamos as chances de ganhar e os recursos de b\u00f4nus. Nenhum detalhe escapa de nossos especialistas. O que torna nossas an\u00e1lises de ca\u00e7a-n\u00edqueis online \u00fanicas? Em nossas an\u00e1lises de m\u00e1quinas ca\u00e7a-n\u00edqueis, voc\u00ea encontrar\u00e1 todas as informa\u00e7\u00f5es de que precisa para escolher jogos de ca\u00e7a-n\u00edqueis que atendam \u00e0s suas prefer\u00eancias com base no gosto, or\u00e7amento e muito mais. Como voc\u00ea sabe, cada jogador tem dezenas de crit\u00e9rios para escolher ca\u00e7a-n\u00edqueis.<\/p>\n<h3><strong>Melhores Ca\u00e7a-N\u00edqueis e Recomenda\u00e7\u00f5es <\/strong><\/h3>\n<p>A ind\u00fastria de jogos est\u00e1 em constante evolu\u00e7\u00e3o, com novos jogos de ca\u00e7a-n\u00edqueis sendo lan\u00e7ados toda semana. Entendemos a import\u00e2ncia de ficar atualizado com as \u00faltimas tend\u00eancias. Nossas classifica\u00e7\u00f5es e recomenda\u00e7\u00f5es ajudar\u00e3o voc\u00ea a descobrir os jogos de dinheiro real mais populares e emocionantes. Voc\u00ea tamb\u00e9m pode levar nossas recomenda\u00e7\u00f5es em considera\u00e7\u00e3o com base em seus interesses para encontrar a melhor escolha para voc\u00ea.<\/p>\n<h3><strong>Estrat\u00e9gias para Vencer em Ca\u00e7a-N\u00edqueis <\/strong><\/h3>\n<p>No mundo dos ca\u00e7a-n\u00edqueis de cassino online, nem tudo depende da sorte. Estrat\u00e9gias eficazes podem aumentar suas chances de ganhar. Ningu\u00e9m pode garantir uma vit\u00f3ria, mas aumentar suas chances de sucesso j\u00e1 \u00e9 um bom passo. Compartilhamos estrat\u00e9gias comprovadas para ajud\u00e1-lo a gerenciar sua banca, escolher apostas ideais e aplicar diferentes abordagens a diferentes tipos de ca\u00e7a-n\u00edqueis. Nosso conselho pode ser seu companheiro confi\u00e1vel no mundo do entretenimento de jogos de azar.<\/p>\n<h3><strong>B\u00f4nus e Promo\u00e7\u00f5es para Jogos de Ca\u00e7a-N\u00edqueis <\/strong><\/h3>\n<p>Para tornar o processo de jogo mais divertido, acompanhamos as ofertas de b\u00f4nus e promo\u00e7\u00f5es atuais de cassinos online populares. Rodadas gr\u00e1tis, dinheiro de b\u00f4nus e outros presentes n\u00e3o apenas podem aumentar suas chances de ganhar, mas tamb\u00e9m tornam o jogo ainda mais interessante.<\/p>\n<h3><strong>Comunidade de Jogadores <\/strong><\/h3>\n<p>Os ca\u00e7a-n\u00edqueis n\u00e3o s\u00e3o apenas jogos; tamb\u00e9m s\u00e3o sobre socializa\u00e7\u00e3o. Junte-se \u00e0 nossa comunidade de jogadores para compartilhar suas experi\u00eancias, trocar estrat\u00e9gias e fazer novos amigos. Nosso ambiente amig\u00e1vel e de apoio ajudar\u00e1 voc\u00ea a se sentir parte de uma grande fam\u00edlia de jogadores.<\/p>\n<h2><strong>Jogo Respons\u00e1vel <\/strong><\/h2>\n<p>Defendemos o jogo respons\u00e1vel. Aproveitar o jogo deve ser agrad\u00e1vel e seguro. Sempre incentivamos voc\u00ea a jogar com sensatez e lembrar das limita\u00e7\u00f5es. Se voc\u00ea encontrar problemas, nossos recursos podem ajud\u00e1-lo a encontrar apoio.<\/p>\n<p><strong>N\u00e3o perca a oportunidade de mergulhar no emocionante mundo dos jogos de ca\u00e7a-n\u00edqueis com Vegas831!<\/strong> Independentemente de sua experi\u00eancia e prefer\u00eancias, temos tudo para tornar sua experi\u00eancia de jogo de ca\u00e7a-n\u00edqueis verdadeiramente inesquec\u00edvel. Bem-vindo a uma jornada emocionante no mundo do jogo!<\/p>\n<p><em>Lembre-se, o jogo pode ser viciante. Jogue com responsabilidade e cuide do seu bem-estar.<\/em><\/p>\n","protected":false},"excerpt":{"rendered":"<p>Bem-vindo ao centro de an\u00e1lises de jogos de ca\u00e7a-n\u00edqueis mais abrangente &#8211; Vegas831, oferecendo uma an\u00e1lise aprofundada e abrangente do emocionante mundo dos ca\u00e7a-n\u00edqueis online. Nosso objetivo \u00e9 fornecer as informa\u00e7\u00f5es mais atualizadas para que voc\u00ea possa desfrutar de sess\u00f5es de jogo emocionantes enquanto est\u00e1 na frente do seu monitor e apreciar as \u00faltimas cria\u00e7\u00f5es dos melhores est\u00fadios de jogos em cassinos online. Vegas831.com &#8211; um para\u00edso de jogos para entusiastas de ca\u00e7a-n\u00edqueis O que&hellip; <\/p>\n","protected":false},"author":1,"featured_media":0,"parent":0,"menu_order":0,"comment_status":"closed","ping_status":"closed","template":"","meta":{"footnotes":""},"class_list":["post-8","page","type-page","status-publish","hentry"],"yoast_head":"<!-- This site is optimized with the Yoast SEO plugin v27.2 - https:\/\/yoast.com\/product\/yoast-seo-wordpress\/ -->\n<title>\u041e\u0431\u0437\u043e\u0440 \u043e\u043d\u043b\u0430\u0439\u043d \u0441\u043b\u043e\u0442\u043e\u0432 Vegas831.com<\/title>\n<meta name=\"description\" content=\"Uma vis\u00e3o geral dos ca\u00e7a-n\u00edqueis online em Vegas831 - todas as informa\u00e7\u00f5es sobre m\u00e1quinas ca\u00e7a-n\u00edqueis de dinheiro real em cassinos online. Os melhores ca\u00e7a-n\u00edqueis online na internet. Jogue e ganhe.\" \/>\n<meta name=\"robots\" content=\"index, follow, max-snippet:-1, max-image-preview:large, max-video-preview:-1\" \/>\n<link rel=\"canonical\" href=\"https:\/\/vegas831.com\/pt\/\" \/>\n<meta property=\"og:locale\" content=\"pt_PT\" \/>\n<meta property=\"og:locale:alternate\" content=\"ru_RU\" \/>\n<meta property=\"og:locale:alternate\" content=\"en_US\" \/>\n<meta property=\"og:locale:alternate\" content=\"es_ES\" \/>\n<meta property=\"og:locale:alternate\" content=\"fr_FR\" \/>\n<meta property=\"og:locale:alternate\" content=\"de_DE\" \/>\n<meta property=\"og:locale:alternate\" content=\"ro_RO\" \/>\n<meta property=\"og:locale:alternate\" content=\"sr_RS\" \/>\n<meta property=\"og:locale:alternate\" content=\"bg_BG\" \/>\n<meta property=\"og:type\" content=\"article\" \/>\n<meta property=\"og:title\" content=\"\u041e\u0431\u0437\u043e\u0440 \u043e\u043d\u043b\u0430\u0439\u043d \u0441\u043b\u043e\u0442\u043e\u0432 Vegas831.com\" \/>\n<meta property=\"og:description\" content=\"\u041e\u0431\u0437\u043e\u0440\u043d\u0438\u043a \u043e\u043d\u043b\u0430\u0439\u043d \u0441\u043b\u043e\u0442\u043e\u0432 \u0412\u0435\u0433\u0430\u0441831 - \u0432\u0441\u044f \u0438\u043d\u0444\u043e\u0440\u043c\u0430\u0446\u0438\u044f \u043e\u0431 \u0438\u0433\u0440\u043e\u0432\u044b\u0445 \u0430\u0432\u0442\u043e\u043c\u0430\u0442\u0430\u0445 \u043d\u0430 \u0440\u0435\u0430\u043b\u044c\u043d\u044b\u0435 \u0434\u0435\u043d\u044c\u0433\u0438 \u0432 \u043e\u043d\u043b\u0430\u0439\u043d \u043a\u0430\u0437\u0438\u043d\u043e. \u041b\u0443\u0447\u0448\u0438\u0435 \u043e\u043d\u043b\u0430\u0439\u043d \u0441\u043b\u043e\u0442\u044b \u0432 \u0418\u043d\u0442\u0435\u0440\u043d\u0435\u0442\u0435. \u0418\u0433\u0440\u0430\u0442\u044c \u0438 \u0432\u044b\u0438\u0433\u0440\u044b\u0432\u0430\u0442\u044c\" \/>\n<meta property=\"og:url\" content=\"https:\/\/vegas831.com\/pt\/\" \/>\n<meta property=\"og:site_name\" content=\"Vegas\" \/>\n<meta property=\"article:modified_time\" content=\"2024-04-24T09:44:25+00:00\" \/>\n<meta name=\"twitter:card\" content=\"summary_large_image\" \/>\n<meta name=\"twitter:label1\" content=\"Tempo estimado de leitura\" \/>\n\t<meta name=\"twitter:data1\" content=\"18 minutos\" \/>\n<script type=\"application\/ld+json\" class=\"yoast-schema-graph\">{\"@context\":\"https:\/\/schema.org\",\"@graph\":[{\"@type\":\"WebPage\",\"@id\":\"https:\/\/vegas831.com\/\",\"url\":\"https:\/\/vegas831.com\/\",\"name\":\"\u041e\u0431\u0437\u043e\u0440 \u043e\u043d\u043b\u0430\u0439\u043d \u0441\u043b\u043e\u0442\u043e\u0432 Vegas831.com\",\"isPartOf\":{\"@id\":\"https:\/\/vegas831.com\/#website\"},\"datePublished\":\"2023-08-23T02:11:53+00:00\",\"dateModified\":\"2024-04-24T09:44:25+00:00\",\"description\":\"\u041e\u0431\u0437\u043e\u0440\u043d\u0438\u043a \u043e\u043d\u043b\u0430\u0439\u043d \u0441\u043b\u043e\u0442\u043e\u0432 \u0412\u0435\u0433\u0430\u0441831 - \u0432\u0441\u044f \u0438\u043d\u0444\u043e\u0440\u043c\u0430\u0446\u0438\u044f \u043e\u0431 \u0438\u0433\u0440\u043e\u0432\u044b\u0445 \u0430\u0432\u0442\u043e\u043c\u0430\u0442\u0430\u0445 \u043d\u0430 \u0440\u0435\u0430\u043b\u044c\u043d\u044b\u0435 \u0434\u0435\u043d\u044c\u0433\u0438 \u0432 \u043e\u043d\u043b\u0430\u0439\u043d \u043a\u0430\u0437\u0438\u043d\u043e. \u041b\u0443\u0447\u0448\u0438\u0435 \u043e\u043d\u043b\u0430\u0439\u043d \u0441\u043b\u043e\u0442\u044b \u0432 \u0418\u043d\u0442\u0435\u0440\u043d\u0435\u0442\u0435. \u0418\u0433\u0440\u0430\u0442\u044c \u0438 \u0432\u044b\u0438\u0433\u0440\u044b\u0432\u0430\u0442\u044c\",\"breadcrumb\":{\"@id\":\"https:\/\/vegas831.com\/#breadcrumb\"},\"inLanguage\":\"pt-PT\",\"potentialAction\":[{\"@type\":\"ReadAction\",\"target\":[\"https:\/\/vegas831.com\/\"]}]},{\"@type\":\"BreadcrumbList\",\"@id\":\"https:\/\/vegas831.com\/#breadcrumb\",\"itemListElement\":[{\"@type\":\"ListItem\",\"position\":1,\"name\":\"Home\",\"item\":\"https:\/\/vegas831.com\/\"},{\"@type\":\"ListItem\",\"position\":2,\"name\":\"\u0421\u0430\u0439\u0442 Vegas831 &#8212; \u043e\u0431\u0437\u043e\u0440\u044b \u0441\u043b\u043e\u0442-\u0438\u0433\u0440!\"}]},{\"@type\":\"WebSite\",\"@id\":\"https:\/\/vegas831.com\/#website\",\"url\":\"https:\/\/vegas831.com\/\",\"name\":\"Vegas\",\"description\":\"\u041e\u0431\u0437\u043e\u0440 \u043b\u0443\u0447\u0448\u0438\u0445 \u0441\u043b\u043e\u0442\u043e\u0432 \u0432 \u043e\u043d\u043b\u0430\u0439\u043d \u043a\u0430\u0437\u0438\u043d\u043e\",\"publisher\":{\"@id\":\"https:\/\/vegas831.com\/#organization\"},\"potentialAction\":[{\"@type\":\"SearchAction\",\"target\":{\"@type\":\"EntryPoint\",\"urlTemplate\":\"https:\/\/vegas831.com\/?s={search_term_string}\"},\"query-input\":{\"@type\":\"PropertyValueSpecification\",\"valueRequired\":true,\"valueName\":\"search_term_string\"}}],\"inLanguage\":\"pt-PT\"},{\"@type\":\"Organization\",\"@id\":\"https:\/\/vegas831.com\/#organization\",\"name\":\"Vegas\",\"url\":\"https:\/\/vegas831.com\/\",\"logo\":{\"@type\":\"ImageObject\",\"inLanguage\":\"pt-PT\",\"@id\":\"https:\/\/vegas831.com\/#\/schema\/logo\/image\/\",\"url\":\"https:\/\/vegas831.com\/wp-content\/uploads\/vegas-logo.png\",\"contentUrl\":\"https:\/\/vegas831.com\/wp-content\/uploads\/vegas-logo.png\",\"width\":300,\"height\":155,\"caption\":\"Vegas\"},\"image\":{\"@id\":\"https:\/\/vegas831.com\/#\/schema\/logo\/image\/\"}}]}<\/script>\n<!-- \/ Yoast SEO plugin. -->","yoast_head_json":{"title":"\u041e\u0431\u0437\u043e\u0440 \u043e\u043d\u043b\u0430\u0439\u043d \u0441\u043b\u043e\u0442\u043e\u0432 Vegas831.com","description":"Uma vis\u00e3o geral dos ca\u00e7a-n\u00edqueis online em Vegas831 - todas as informa\u00e7\u00f5es sobre m\u00e1quinas ca\u00e7a-n\u00edqueis de dinheiro real em cassinos online. Os melhores ca\u00e7a-n\u00edqueis online na internet. Jogue e ganhe.","robots":{"index":"index","follow":"follow","max-snippet":"max-snippet:-1","max-image-preview":"max-image-preview:large","max-video-preview":"max-video-preview:-1"},"canonical":"https:\/\/vegas831.com\/pt\/","og_locale":"pt_PT","og_type":"article","og_title":"\u041e\u0431\u0437\u043e\u0440 \u043e\u043d\u043b\u0430\u0439\u043d \u0441\u043b\u043e\u0442\u043e\u0432 Vegas831.com","og_description":"\u041e\u0431\u0437\u043e\u0440\u043d\u0438\u043a \u043e\u043d\u043b\u0430\u0439\u043d \u0441\u043b\u043e\u0442\u043e\u0432 \u0412\u0435\u0433\u0430\u0441831 - \u0432\u0441\u044f \u0438\u043d\u0444\u043e\u0440\u043c\u0430\u0446\u0438\u044f \u043e\u0431 \u0438\u0433\u0440\u043e\u0432\u044b\u0445 \u0430\u0432\u0442\u043e\u043c\u0430\u0442\u0430\u0445 \u043d\u0430 \u0440\u0435\u0430\u043b\u044c\u043d\u044b\u0435 \u0434\u0435\u043d\u044c\u0433\u0438 \u0432 \u043e\u043d\u043b\u0430\u0439\u043d \u043a\u0430\u0437\u0438\u043d\u043e. \u041b\u0443\u0447\u0448\u0438\u0435 \u043e\u043d\u043b\u0430\u0439\u043d \u0441\u043b\u043e\u0442\u044b \u0432 \u0418\u043d\u0442\u0435\u0440\u043d\u0435\u0442\u0435. \u0418\u0433\u0440\u0430\u0442\u044c \u0438 \u0432\u044b\u0438\u0433\u0440\u044b\u0432\u0430\u0442\u044c","og_url":"https:\/\/vegas831.com\/pt\/","og_site_name":"Vegas","article_modified_time":"2024-04-24T09:44:25+00:00","twitter_card":"summary_large_image","twitter_misc":{"Tempo estimado de leitura":"18 minutos"},"schema":{"@context":"https:\/\/schema.org","@graph":[{"@type":"WebPage","@id":"https:\/\/vegas831.com\/","url":"https:\/\/vegas831.com\/","name":"\u041e\u0431\u0437\u043e\u0440 \u043e\u043d\u043b\u0430\u0439\u043d \u0441\u043b\u043e\u0442\u043e\u0432 Vegas831.com","isPartOf":{"@id":"https:\/\/vegas831.com\/#website"},"datePublished":"2023-08-23T02:11:53+00:00","dateModified":"2024-04-24T09:44:25+00:00","description":"\u041e\u0431\u0437\u043e\u0440\u043d\u0438\u043a \u043e\u043d\u043b\u0430\u0439\u043d \u0441\u043b\u043e\u0442\u043e\u0432 \u0412\u0435\u0433\u0430\u0441831 - \u0432\u0441\u044f \u0438\u043d\u0444\u043e\u0440\u043c\u0430\u0446\u0438\u044f \u043e\u0431 \u0438\u0433\u0440\u043e\u0432\u044b\u0445 \u0430\u0432\u0442\u043e\u043c\u0430\u0442\u0430\u0445 \u043d\u0430 \u0440\u0435\u0430\u043b\u044c\u043d\u044b\u0435 \u0434\u0435\u043d\u044c\u0433\u0438 \u0432 \u043e\u043d\u043b\u0430\u0439\u043d \u043a\u0430\u0437\u0438\u043d\u043e. \u041b\u0443\u0447\u0448\u0438\u0435 \u043e\u043d\u043b\u0430\u0439\u043d \u0441\u043b\u043e\u0442\u044b \u0432 \u0418\u043d\u0442\u0435\u0440\u043d\u0435\u0442\u0435. \u0418\u0433\u0440\u0430\u0442\u044c \u0438 \u0432\u044b\u0438\u0433\u0440\u044b\u0432\u0430\u0442\u044c","breadcrumb":{"@id":"https:\/\/vegas831.com\/#breadcrumb"},"inLanguage":"pt-PT","potentialAction":[{"@type":"ReadAction","target":["https:\/\/vegas831.com\/"]}]},{"@type":"BreadcrumbList","@id":"https:\/\/vegas831.com\/#breadcrumb","itemListElement":[{"@type":"ListItem","position":1,"name":"Home","item":"https:\/\/vegas831.com\/"},{"@type":"ListItem","position":2,"name":"\u0421\u0430\u0439\u0442 Vegas831 &#8212; \u043e\u0431\u0437\u043e\u0440\u044b \u0441\u043b\u043e\u0442-\u0438\u0433\u0440!"}]},{"@type":"WebSite","@id":"https:\/\/vegas831.com\/#website","url":"https:\/\/vegas831.com\/","name":"Vegas","description":"\u041e\u0431\u0437\u043e\u0440 \u043b\u0443\u0447\u0448\u0438\u0445 \u0441\u043b\u043e\u0442\u043e\u0432 \u0432 \u043e\u043d\u043b\u0430\u0439\u043d \u043a\u0430\u0437\u0438\u043d\u043e","publisher":{"@id":"https:\/\/vegas831.com\/#organization"},"potentialAction":[{"@type":"SearchAction","target":{"@type":"EntryPoint","urlTemplate":"https:\/\/vegas831.com\/?s={search_term_string}"},"query-input":{"@type":"PropertyValueSpecification","valueRequired":true,"valueName":"search_term_string"}}],"inLanguage":"pt-PT"},{"@type":"Organization","@id":"https:\/\/vegas831.com\/#organization","name":"Vegas","url":"https:\/\/vegas831.com\/","logo":{"@type":"ImageObject","inLanguage":"pt-PT","@id":"https:\/\/vegas831.com\/#\/schema\/logo\/image\/","url":"https:\/\/vegas831.com\/wp-content\/uploads\/vegas-logo.png","contentUrl":"https:\/\/vegas831.com\/wp-content\/uploads\/vegas-logo.png","width":300,"height":155,"caption":"Vegas"},"image":{"@id":"https:\/\/vegas831.com\/#\/schema\/logo\/image\/"}}]}},"_links":{"self":[{"href":"https:\/\/vegas831.com\/pt\/wp-json\/wp\/v2\/pages\/8","targetHints":{"allow":["GET"]}}],"collection":[{"href":"https:\/\/vegas831.com\/pt\/wp-json\/wp\/v2\/pages"}],"about":[{"href":"https:\/\/vegas831.com\/pt\/wp-json\/wp\/v2\/types\/page"}],"author":[{"embeddable":true,"href":"https:\/\/vegas831.com\/pt\/wp-json\/wp\/v2\/users\/1"}],"replies":[{"embeddable":true,"href":"https:\/\/vegas831.com\/pt\/wp-json\/wp\/v2\/comments?post=8"}],"version-history":[{"count":28,"href":"https:\/\/vegas831.com\/pt\/wp-json\/wp\/v2\/pages\/8\/revisions"}],"predecessor-version":[{"id":276,"href":"https:\/\/vegas831.com\/pt\/wp-json\/wp\/v2\/pages\/8\/revisions\/276"}],"wp:attachment":[{"href":"https:\/\/vegas831.com\/pt\/wp-json\/wp\/v2\/media?parent=8"}],"curies":[{"name":"wp","href":"https:\/\/api.w.org\/{rel}","templated":true}]}}