{"id":17,"date":"2023-08-23T03:06:52","date_gmt":"2023-08-23T03:06:52","guid":{"rendered":"https:\/\/vegas831.com\/?page_id=17"},"modified":"2023-11-17T21:42:12","modified_gmt":"2023-11-17T21:42:12","slug":"online-slots","status":"publish","type":"page","link":"https:\/\/vegas831.com\/pt\/online-slots\/","title":{"rendered":"Tipos de Slots em Cassinos Online"},"content":{"rendered":"<p>No mundo do entretenimento de apostas, o site Vegas831 est\u00e1 na vanguarda de uma variedade infinita de categorias de jogos de slot para satisfazer os gostos dos jogadores mais exigentes. Independentemente das suas prefer\u00eancias &#8211; quer seja um f\u00e3 de slots cl\u00e1ssicos, um amante de mundos fant\u00e1sticos ou um viajante no tempo &#8211; temos algo especial para todos. Vamos explorar algumas das nossas vibrantes categorias de slots:<\/p>\n<h2><a href=\"\/category\/classic-slots\/\"><strong>Slots Cl\u00e1ssicos Empolgantes<\/strong><\/a><\/h2>\n<p>Levante o v\u00e9u sobre a hist\u00f3ria do entretenimento de apostas tentando a sua sorte nos slots cl\u00e1ssicos. Estas m\u00e1quinas de slot recriam a atmosfera dos primeiros slots mec\u00e2nicos e evocam sentimentos de nostalgia. Tr\u00eas rolos, s\u00edmbolos BAR e os n\u00fameros da sorte sete &#8211; tudo isso espera por voc\u00ea numa categoria onde a simplicidade se alia ao prazer.<\/p>\n<h2><a href=\"\/category\/video-slots\/\"><strong>Slots de V\u00eddeo: Portas para Novos Mundos<\/strong><\/a><\/h2>\n<p>Os modernos slots de v\u00eddeo s\u00e3o verdadeiras portas de entrada para reinos incr\u00edveis de aventuras de jogo. Gr\u00e1ficos deslumbrantes, anima\u00e7\u00f5es din\u00e2micas e enredos cativantes s\u00e3o o que voc\u00ea encontrar\u00e1 nesta categoria. Desde aventuras fant\u00e1sticas em planetas distantes at\u00e9 emocionantes ca\u00e7adas ao tesouro na selva, os slots de v\u00eddeo s\u00e3o t\u00e3o diversos e emocionantes como sempre.<\/p>\n<h2><a href=\"\/category\/jackpot-slots\/\"><strong>Jackpots Progressivos: Sua Chance para Grandes Recompensas<\/strong><\/a><\/h2>\n<p>Sonhando com uma grande vit\u00f3ria? Na categoria de jackpots progressivos, os seus sonhos podem se tornar realidade. Aqui, o jackpot cresce a cada aposta, e voc\u00ea pode estar no lugar certo na hora certa para reivindicar o jackpot inteiro como seu. Voc\u00ea pode ganhar milh\u00f5es, literalmente milh\u00f5es de d\u00f3lares. Apostas muito altas, jogabilidade din\u00e2mica e a chance de uma grande vit\u00f3ria s\u00e3o o que torna esta categoria t\u00e3o emocionante.<\/p>\n<h2><a href=\"\/category\/fantastic-slots\/\"><strong>Mundos Fant\u00e1sticos: Jornada ao Desconhecido<\/strong><\/a><\/h2>\n<p>Voc\u00ea adora fic\u00e7\u00e3o cient\u00edfica, reinos m\u00e1gicos ou fantasia? Esta categoria oferece slots que o transportam para mundos com enredos incr\u00edveis. Abra as portas para reinos fant\u00e1sticos onde os drag\u00f5es cospem fogo e segredos m\u00e1gicos esperam a cada esquina.<\/p>\n<h2><a href=\"\/category\/adventure-slots\/\"><strong>Temas de Aventura: Explore Novos Horizontes<\/strong><\/a><\/h2>\n<p>Toda jornada come\u00e7a com um \u00fanico passo, e nesta categoria, voc\u00ea certamente encontrar\u00e1 um lugar para a sua aventura. Quer esteja a explorar templos antigos, a combater piratas nos mares agitados ou a aventurar-se em planetas distantes, cada rodada se torna uma verdadeira aventura.<\/p>\n<h2><a href=\"\/category\/fruit-slots\/\"><strong>M\u00e1quinas de Frutas: A Luminosidade da Tradi\u00e7\u00e3o<\/strong><\/a><\/h2>\n<p>Para os amantes da tradi\u00e7\u00e3o e simplicidade, as m\u00e1quinas de frutas s\u00e3o precisamente o que voc\u00ea precisa. Frutas brilhantes, o som das bobinas a girar e muita divers\u00e3o &#8211; tudo isso voc\u00ea encontrar\u00e1 nesta categoria.<\/p>\n<h3><strong>Fa\u00e7a a Sua Escolha e Ven\u00e7a Agora!<\/strong><\/h3>\n<p>Isso \u00e9 apenas uma pequena parte do que o aguarda em nosso site. Independentemente dos seus interesses, as nossas categorias de slots oferecem possibilidades infinitas de sele\u00e7\u00e3o. Junte-se a n\u00f3s para embarcar numa emocionante jornada pelo mundo das apostas hoje!<\/p>\n","protected":false},"excerpt":{"rendered":"<p>No mundo do entretenimento de apostas, o site Vegas831 est\u00e1 na vanguarda de uma variedade infinita de categorias de jogos de slot para satisfazer os gostos dos jogadores mais exigentes. Independentemente das suas prefer\u00eancias &#8211; quer seja um f\u00e3 de slots cl\u00e1ssicos, um amante de mundos fant\u00e1sticos ou um viajante no tempo &#8211; temos algo especial para todos. Vamos explorar algumas das nossas vibrantes categorias de slots: Slots Cl\u00e1ssicos Empolgantes Levante o v\u00e9u sobre a&hellip; <\/p>\n","protected":false},"author":1,"featured_media":0,"parent":0,"menu_order":0,"comment_status":"closed","ping_status":"closed","template":"","meta":{"footnotes":""},"class_list":["post-17","page","type-page","status-publish","hentry"],"yoast_head":"<!-- This site is optimized with the Yoast SEO plugin v27.2 - https:\/\/yoast.com\/product\/yoast-seo-wordpress\/ -->\n<title>\u0412\u0438\u0434\u043e\u0432\u0435 \u0441\u043b\u043e\u0442\u043e\u0432\u0435 \u0437\u0430 \u0440\u0435\u0430\u043b\u043d\u0438 \u043f\u0430\u0440\u0438 \u0432 \u043e\u043d\u043b\u0430\u0439\u043d \u043a\u0430\u0437\u0438\u043d\u0430<\/title>\n<meta name=\"description\" content=\"Tipos de m\u00e1quinas de slot em cassinos online. Como escolher uma m\u00e1quina de slot para jogar em um cassino online. Como ganhar dinheiro real em uma m\u00e1quina de slot em um cassino online. Jogue de gra\u00e7a\" \/>\n<meta name=\"robots\" content=\"index, follow, max-snippet:-1, max-image-preview:large, max-video-preview:-1\" \/>\n<link rel=\"canonical\" href=\"https:\/\/vegas831.com\/pt\/online-slots\/\" \/>\n<meta property=\"og:locale\" content=\"pt_PT\" \/>\n<meta property=\"og:locale:alternate\" content=\"ru_RU\" \/>\n<meta property=\"og:locale:alternate\" content=\"en_US\" \/>\n<meta property=\"og:locale:alternate\" content=\"es_ES\" \/>\n<meta property=\"og:locale:alternate\" content=\"fr_FR\" \/>\n<meta property=\"og:locale:alternate\" content=\"de_DE\" \/>\n<meta property=\"og:locale:alternate\" content=\"ro_RO\" \/>\n<meta property=\"og:locale:alternate\" content=\"sr_RS\" \/>\n<meta property=\"og:locale:alternate\" content=\"bg_BG\" \/>\n<meta property=\"og:type\" content=\"article\" \/>\n<meta property=\"og:title\" content=\"\u0412\u0438\u0434\u043e\u0432\u0435 \u0441\u043b\u043e\u0442\u043e\u0432\u0435 \u0437\u0430 \u0440\u0435\u0430\u043b\u043d\u0438 \u043f\u0430\u0440\u0438 \u0432 \u043e\u043d\u043b\u0430\u0439\u043d \u043a\u0430\u0437\u0438\u043d\u0430\" \/>\n<meta property=\"og:description\" content=\"\u0412\u0438\u0434\u043e\u0432\u0435 \u0441\u043b\u043e\u0442 \u043c\u0430\u0448\u0438\u043d\u0438 \u0432 \u043e\u043d\u043b\u0430\u0439\u043d \u043a\u0430\u0437\u0438\u043d\u0430. \u041a\u0430\u043a \u0434\u0430 \u0438\u0437\u0431\u0435\u0440\u0435\u0442\u0435 \u0441\u043b\u043e\u0442 \u0437\u0430 \u0438\u0433\u0440\u0430 \u0432 \u043e\u043d\u043b\u0430\u0439\u043d \u043a\u0430\u0437\u0438\u043d\u043e. \u041a\u0430\u043a \u0434\u0430 \u0441\u043f\u0435\u0447\u0435\u043b\u0438\u0442\u0435 \u0440\u0435\u0430\u043b\u043d\u0438 \u043f\u0430\u0440\u0438 \u043d\u0430 \u0441\u043b\u043e\u0442 \u043c\u0430\u0448\u0438\u043d\u0430 \u0432 \u043e\u043d\u043b\u0430\u0439\u043d \u043a\u0430\u0437\u0438\u043d\u043e. \u0418\u0433\u0440\u0430\u0439\u0442\u0435 \u0431\u0435\u0437\u043f\u043b\u0430\u0442\u043d\u043e.\" \/>\n<meta property=\"og:url\" content=\"https:\/\/vegas831.com\/pt\/online-slots\/\" \/>\n<meta property=\"og:site_name\" content=\"Vegas\" \/>\n<meta property=\"article:modified_time\" content=\"2023-11-17T21:42:12+00:00\" \/>\n<meta name=\"twitter:card\" content=\"summary_large_image\" \/>\n<meta name=\"twitter:label1\" content=\"Tempo estimado de leitura\" \/>\n\t<meta name=\"twitter:data1\" content=\"15 minutos\" \/>\n<script type=\"application\/ld+json\" class=\"yoast-schema-graph\">{\"@context\":\"https:\/\/schema.org\",\"@graph\":[{\"@type\":\"WebPage\",\"@id\":\"https:\/\/vegas831.com\/bg\/online-slots\/\",\"url\":\"https:\/\/vegas831.com\/bg\/online-slots\/\",\"name\":\"\u0412\u0438\u0434\u043e\u0432\u0435 \u0441\u043b\u043e\u0442\u043e\u0432\u0435 \u0437\u0430 \u0440\u0435\u0430\u043b\u043d\u0438 \u043f\u0430\u0440\u0438 \u0432 \u043e\u043d\u043b\u0430\u0439\u043d \u043a\u0430\u0437\u0438\u043d\u0430\",\"isPartOf\":{\"@id\":\"https:\/\/vegas831.com\/#website\"},\"datePublished\":\"2023-08-23T03:06:52+00:00\",\"dateModified\":\"2023-11-17T21:42:12+00:00\",\"description\":\"\u0412\u0438\u0434\u043e\u0432\u0435 \u0441\u043b\u043e\u0442 \u043c\u0430\u0448\u0438\u043d\u0438 \u0432 \u043e\u043d\u043b\u0430\u0439\u043d \u043a\u0430\u0437\u0438\u043d\u0430. \u041a\u0430\u043a \u0434\u0430 \u0438\u0437\u0431\u0435\u0440\u0435\u0442\u0435 \u0441\u043b\u043e\u0442 \u0437\u0430 \u0438\u0433\u0440\u0430 \u0432 \u043e\u043d\u043b\u0430\u0439\u043d \u043a\u0430\u0437\u0438\u043d\u043e. \u041a\u0430\u043a \u0434\u0430 \u0441\u043f\u0435\u0447\u0435\u043b\u0438\u0442\u0435 \u0440\u0435\u0430\u043b\u043d\u0438 \u043f\u0430\u0440\u0438 \u043d\u0430 \u0441\u043b\u043e\u0442 \u043c\u0430\u0448\u0438\u043d\u0430 \u0432 \u043e\u043d\u043b\u0430\u0439\u043d \u043a\u0430\u0437\u0438\u043d\u043e. \u0418\u0433\u0440\u0430\u0439\u0442\u0435 \u0431\u0435\u0437\u043f\u043b\u0430\u0442\u043d\u043e.\",\"breadcrumb\":{\"@id\":\"https:\/\/vegas831.com\/bg\/online-slots\/#breadcrumb\"},\"inLanguage\":\"pt-PT\",\"potentialAction\":[{\"@type\":\"ReadAction\",\"target\":[\"https:\/\/vegas831.com\/bg\/online-slots\/\"]}]},{\"@type\":\"BreadcrumbList\",\"@id\":\"https:\/\/vegas831.com\/bg\/online-slots\/#breadcrumb\",\"itemListElement\":[{\"@type\":\"ListItem\",\"position\":1,\"name\":\"Home\",\"item\":\"https:\/\/vegas831.com\/\"},{\"@type\":\"ListItem\",\"position\":2,\"name\":\"\u0422\u0438\u043f\u043e\u0432\u0435 \u0441\u043b\u043e\u0442\u043e\u0432\u0435 \u0432 \u043e\u043d\u043b\u0430\u0439\u043d \u043a\u0430\u0437\u0438\u043d\u0430\"}]},{\"@type\":\"WebSite\",\"@id\":\"https:\/\/vegas831.com\/#website\",\"url\":\"https:\/\/vegas831.com\/\",\"name\":\"Vegas\",\"description\":\"\u041e\u0431\u0437\u043e\u0440 \u043b\u0443\u0447\u0448\u0438\u0445 \u0441\u043b\u043e\u0442\u043e\u0432 \u0432 \u043e\u043d\u043b\u0430\u0439\u043d \u043a\u0430\u0437\u0438\u043d\u043e\",\"publisher\":{\"@id\":\"https:\/\/vegas831.com\/#organization\"},\"potentialAction\":[{\"@type\":\"SearchAction\",\"target\":{\"@type\":\"EntryPoint\",\"urlTemplate\":\"https:\/\/vegas831.com\/?s={search_term_string}\"},\"query-input\":{\"@type\":\"PropertyValueSpecification\",\"valueRequired\":true,\"valueName\":\"search_term_string\"}}],\"inLanguage\":\"pt-PT\"},{\"@type\":\"Organization\",\"@id\":\"https:\/\/vegas831.com\/#organization\",\"name\":\"Vegas\",\"url\":\"https:\/\/vegas831.com\/\",\"logo\":{\"@type\":\"ImageObject\",\"inLanguage\":\"pt-PT\",\"@id\":\"https:\/\/vegas831.com\/#\/schema\/logo\/image\/\",\"url\":\"https:\/\/vegas831.com\/wp-content\/uploads\/vegas-logo.png\",\"contentUrl\":\"https:\/\/vegas831.com\/wp-content\/uploads\/vegas-logo.png\",\"width\":300,\"height\":155,\"caption\":\"Vegas\"},\"image\":{\"@id\":\"https:\/\/vegas831.com\/#\/schema\/logo\/image\/\"}}]}<\/script>\n<!-- \/ Yoast SEO plugin. -->","yoast_head_json":{"title":"\u0412\u0438\u0434\u043e\u0432\u0435 \u0441\u043b\u043e\u0442\u043e\u0432\u0435 \u0437\u0430 \u0440\u0435\u0430\u043b\u043d\u0438 \u043f\u0430\u0440\u0438 \u0432 \u043e\u043d\u043b\u0430\u0439\u043d \u043a\u0430\u0437\u0438\u043d\u0430","description":"Tipos de m\u00e1quinas de slot em cassinos online. Como escolher uma m\u00e1quina de slot para jogar em um cassino online. Como ganhar dinheiro real em uma m\u00e1quina de slot em um cassino online. Jogue de gra\u00e7a","robots":{"index":"index","follow":"follow","max-snippet":"max-snippet:-1","max-image-preview":"max-image-preview:large","max-video-preview":"max-video-preview:-1"},"canonical":"https:\/\/vegas831.com\/pt\/online-slots\/","og_locale":"pt_PT","og_type":"article","og_title":"\u0412\u0438\u0434\u043e\u0432\u0435 \u0441\u043b\u043e\u0442\u043e\u0432\u0435 \u0437\u0430 \u0440\u0435\u0430\u043b\u043d\u0438 \u043f\u0430\u0440\u0438 \u0432 \u043e\u043d\u043b\u0430\u0439\u043d \u043a\u0430\u0437\u0438\u043d\u0430","og_description":"\u0412\u0438\u0434\u043e\u0432\u0435 \u0441\u043b\u043e\u0442 \u043c\u0430\u0448\u0438\u043d\u0438 \u0432 \u043e\u043d\u043b\u0430\u0439\u043d \u043a\u0430\u0437\u0438\u043d\u0430. \u041a\u0430\u043a \u0434\u0430 \u0438\u0437\u0431\u0435\u0440\u0435\u0442\u0435 \u0441\u043b\u043e\u0442 \u0437\u0430 \u0438\u0433\u0440\u0430 \u0432 \u043e\u043d\u043b\u0430\u0439\u043d \u043a\u0430\u0437\u0438\u043d\u043e. \u041a\u0430\u043a \u0434\u0430 \u0441\u043f\u0435\u0447\u0435\u043b\u0438\u0442\u0435 \u0440\u0435\u0430\u043b\u043d\u0438 \u043f\u0430\u0440\u0438 \u043d\u0430 \u0441\u043b\u043e\u0442 \u043c\u0430\u0448\u0438\u043d\u0430 \u0432 \u043e\u043d\u043b\u0430\u0439\u043d \u043a\u0430\u0437\u0438\u043d\u043e. \u0418\u0433\u0440\u0430\u0439\u0442\u0435 \u0431\u0435\u0437\u043f\u043b\u0430\u0442\u043d\u043e.","og_url":"https:\/\/vegas831.com\/pt\/online-slots\/","og_site_name":"Vegas","article_modified_time":"2023-11-17T21:42:12+00:00","twitter_card":"summary_large_image","twitter_misc":{"Tempo estimado de leitura":"15 minutos"},"schema":{"@context":"https:\/\/schema.org","@graph":[{"@type":"WebPage","@id":"https:\/\/vegas831.com\/bg\/online-slots\/","url":"https:\/\/vegas831.com\/bg\/online-slots\/","name":"\u0412\u0438\u0434\u043e\u0432\u0435 \u0441\u043b\u043e\u0442\u043e\u0432\u0435 \u0437\u0430 \u0440\u0435\u0430\u043b\u043d\u0438 \u043f\u0430\u0440\u0438 \u0432 \u043e\u043d\u043b\u0430\u0439\u043d \u043a\u0430\u0437\u0438\u043d\u0430","isPartOf":{"@id":"https:\/\/vegas831.com\/#website"},"datePublished":"2023-08-23T03:06:52+00:00","dateModified":"2023-11-17T21:42:12+00:00","description":"\u0412\u0438\u0434\u043e\u0432\u0435 \u0441\u043b\u043e\u0442 \u043c\u0430\u0448\u0438\u043d\u0438 \u0432 \u043e\u043d\u043b\u0430\u0439\u043d \u043a\u0430\u0437\u0438\u043d\u0430. \u041a\u0430\u043a \u0434\u0430 \u0438\u0437\u0431\u0435\u0440\u0435\u0442\u0435 \u0441\u043b\u043e\u0442 \u0437\u0430 \u0438\u0433\u0440\u0430 \u0432 \u043e\u043d\u043b\u0430\u0439\u043d \u043a\u0430\u0437\u0438\u043d\u043e. \u041a\u0430\u043a \u0434\u0430 \u0441\u043f\u0435\u0447\u0435\u043b\u0438\u0442\u0435 \u0440\u0435\u0430\u043b\u043d\u0438 \u043f\u0430\u0440\u0438 \u043d\u0430 \u0441\u043b\u043e\u0442 \u043c\u0430\u0448\u0438\u043d\u0430 \u0432 \u043e\u043d\u043b\u0430\u0439\u043d \u043a\u0430\u0437\u0438\u043d\u043e. \u0418\u0433\u0440\u0430\u0439\u0442\u0435 \u0431\u0435\u0437\u043f\u043b\u0430\u0442\u043d\u043e.","breadcrumb":{"@id":"https:\/\/vegas831.com\/bg\/online-slots\/#breadcrumb"},"inLanguage":"pt-PT","potentialAction":[{"@type":"ReadAction","target":["https:\/\/vegas831.com\/bg\/online-slots\/"]}]},{"@type":"BreadcrumbList","@id":"https:\/\/vegas831.com\/bg\/online-slots\/#breadcrumb","itemListElement":[{"@type":"ListItem","position":1,"name":"Home","item":"https:\/\/vegas831.com\/"},{"@type":"ListItem","position":2,"name":"\u0422\u0438\u043f\u043e\u0432\u0435 \u0441\u043b\u043e\u0442\u043e\u0432\u0435 \u0432 \u043e\u043d\u043b\u0430\u0439\u043d \u043a\u0430\u0437\u0438\u043d\u0430"}]},{"@type":"WebSite","@id":"https:\/\/vegas831.com\/#website","url":"https:\/\/vegas831.com\/","name":"Vegas","description":"\u041e\u0431\u0437\u043e\u0440 \u043b\u0443\u0447\u0448\u0438\u0445 \u0441\u043b\u043e\u0442\u043e\u0432 \u0432 \u043e\u043d\u043b\u0430\u0439\u043d \u043a\u0430\u0437\u0438\u043d\u043e","publisher":{"@id":"https:\/\/vegas831.com\/#organization"},"potentialAction":[{"@type":"SearchAction","target":{"@type":"EntryPoint","urlTemplate":"https:\/\/vegas831.com\/?s={search_term_string}"},"query-input":{"@type":"PropertyValueSpecification","valueRequired":true,"valueName":"search_term_string"}}],"inLanguage":"pt-PT"},{"@type":"Organization","@id":"https:\/\/vegas831.com\/#organization","name":"Vegas","url":"https:\/\/vegas831.com\/","logo":{"@type":"ImageObject","inLanguage":"pt-PT","@id":"https:\/\/vegas831.com\/#\/schema\/logo\/image\/","url":"https:\/\/vegas831.com\/wp-content\/uploads\/vegas-logo.png","contentUrl":"https:\/\/vegas831.com\/wp-content\/uploads\/vegas-logo.png","width":300,"height":155,"caption":"Vegas"},"image":{"@id":"https:\/\/vegas831.com\/#\/schema\/logo\/image\/"}}]}},"_links":{"self":[{"href":"https:\/\/vegas831.com\/pt\/wp-json\/wp\/v2\/pages\/17","targetHints":{"allow":["GET"]}}],"collection":[{"href":"https:\/\/vegas831.com\/pt\/wp-json\/wp\/v2\/pages"}],"about":[{"href":"https:\/\/vegas831.com\/pt\/wp-json\/wp\/v2\/types\/page"}],"author":[{"embeddable":true,"href":"https:\/\/vegas831.com\/pt\/wp-json\/wp\/v2\/users\/1"}],"replies":[{"embeddable":true,"href":"https:\/\/vegas831.com\/pt\/wp-json\/wp\/v2\/comments?post=17"}],"version-history":[{"count":17,"href":"https:\/\/vegas831.com\/pt\/wp-json\/wp\/v2\/pages\/17\/revisions"}],"predecessor-version":[{"id":212,"href":"https:\/\/vegas831.com\/pt\/wp-json\/wp\/v2\/pages\/17\/revisions\/212"}],"wp:attachment":[{"href":"https:\/\/vegas831.com\/pt\/wp-json\/wp\/v2\/media?parent=17"}],"curies":[{"name":"wp","href":"https:\/\/api.w.org\/{rel}","templated":true}]}}