{"id":8,"date":"2023-08-23T02:11:53","date_gmt":"2023-08-23T02:11:53","guid":{"rendered":"https:\/\/vegas831.com\/?page_id=8"},"modified":"2024-04-24T09:44:25","modified_gmt":"2024-04-24T09:44:25","slug":"home","status":"publish","type":"page","link":"https:\/\/vegas831.com\/fr\/","title":{"rendered":"Vegas831.com &#8211; Avis sur les jeux de machines \u00e0 sous !"},"content":{"rendered":"<p>Bienvenue sur la plateforme d&rsquo;avis sur les machines \u00e0 sous de jeu d&rsquo;argent la plus compl\u00e8te &#8211; Vegas831, offrant une analyse approfondie et globale du monde passionnant des machines \u00e0 sous en ligne. Notre objectif est de vous fournir les informations les plus r\u00e9centes afin que vous puissiez profiter de sessions de jeu palpitantes tout en vous installant devant votre \u00e9cran et en appr\u00e9ciant les derni\u00e8res cr\u00e9ations des meilleurs studios de jeux dans les casinos en ligne.<\/p>\n<h2><strong>Vegas831.com &#8211; un paradis du jeu pour les amateurs de machines \u00e0 sous<\/strong><\/h2>\n<p><strong>Ce que nous offrons et ce que vous trouverez sur notre site :<\/strong><\/p>\n<h3><strong>Avis sur les machines \u00e0 sous dans les casinos en ligne<\/strong><\/h3>\n<p>Nos examinateurs professionnels diss\u00e8quent m\u00e9ticuleusement chaque d\u00e9tail des jeux de machines \u00e0 sous des principaux d\u00e9veloppeurs mondiaux que l&rsquo;on peut trouver dans n&rsquo;importe quel casino en ligne. Nous identifions des m\u00e9canismes uniques, scrutons les animations et les graphismes, analysons les chances de gagner et les fonctionnalit\u00e9s bonus. Aucun d\u00e9tail n&rsquo;\u00e9chappe \u00e0 nos experts. Ce qui rend nos avis sur les machines \u00e0 sous en ligne uniques ? Dans nos critiques de machines \u00e0 sous, vous trouverez toutes les informations n\u00e9cessaires pour choisir des jeux de machines \u00e0 sous qui correspondent \u00e0 vos pr\u00e9f\u00e9rences en fonction du go\u00fbt, du budget, et plus encore. Comme vous le savez, chaque joueur a des dizaines de crit\u00e8res pour choisir des machines \u00e0 sous.<\/p>\n<h3><strong>Meilleures Machines \u00e0 Sous et Recommandations<\/strong><\/h3>\n<p>L&rsquo;industrie du jeu \u00e9volue constamment, avec de nouveaux jeux de machines \u00e0 sous lanc\u00e9s chaque semaine. Nous comprenons l&rsquo;importance de rester \u00e0 jour avec les derni\u00e8res tendances. Nos \u00e9valuations et recommandations vous aideront \u00e0 d\u00e9couvrir les jeux d&rsquo;argent r\u00e9el les plus populaires et excitants. Vous pouvez \u00e9galement prendre en compte nos recommandations en fonction de vos int\u00e9r\u00eats pour trouver le meilleur choix pour vous.<\/p>\n<h3><strong>Strat\u00e9gies pour Gagner aux Machines \u00e0 Sous<\/strong><\/h3>\n<p>Dans le monde des machines \u00e0 sous de casino en ligne, tout ne d\u00e9pend pas de la chance. Des strat\u00e9gies efficaces peuvent augmenter vos chances de gagner. Personne ne peut garantir une victoire, mais augmenter vos chances de succ\u00e8s est d\u00e9j\u00e0 une bonne \u00e9tape. Nous partageons des strat\u00e9gies \u00e9prouv\u00e9es pour vous aider \u00e0 g\u00e9rer votre bankroll, choisir des mises optimales et appliquer diff\u00e9rentes approches selon les types de machines \u00e0 sous. Nos conseils peuvent \u00eatre votre compagnon fiable dans le monde du divertissement de jeu.<\/p>\n<h3><strong>Bonus et Promotions pour Jouer aux Machines \u00e0 Sous<\/strong><\/h3>\n<p>Pour ajouter du plaisir suppl\u00e9mentaire au processus de jeu, nous surveillons les offres de bonus actuelles et les promotions des casinos en ligne populaires. Les tours gratuits, l&rsquo;argent bonus et d&rsquo;autres cadeaux peuvent non seulement augmenter vos chances de gagner, mais aussi rendre le jeu encore plus int\u00e9ressant.<\/p>\n<h3><strong>Communaut\u00e9 de Joueurs<\/strong><\/h3>\n<p>Les machines \u00e0 sous ne sont pas seulement des jeux ; elles sont aussi synonymes de socialisation. Rejoignez notre communaut\u00e9 de joueurs pour partager vos exp\u00e9riences, \u00e9changer des strat\u00e9gies et vous faire de nouveaux amis. Notre environnement convivial et solidaire vous aidera \u00e0 vous sentir comme faisant partie d&rsquo;une grande famille de joueurs.<\/p>\n<h2><strong>Jeu Responsable<\/strong><\/h2>\n<p>Nous pr\u00f4nons le jeu responsable. Le plaisir du jeu doit \u00eatre agr\u00e9able et s\u00fbr. Nous vous encourageons toujours \u00e0 jouer de mani\u00e8re responsable et \u00e0 prendre en compte les limites. Si vous rencontrez des probl\u00e8mes, nos ressources peuvent vous aider \u00e0 trouver du soutien.<\/p>\n<p><strong>Ne manquez pas l&rsquo;occasion de plonger dans le monde passionnant des jeux de machines \u00e0 sous avec Vegas831 !<\/strong> Peu importe votre exp\u00e9rience et vos pr\u00e9f\u00e9rences, nous avons tout pour rendre votre exp\u00e9rience de jeu de machines \u00e0 sous vraiment inoubliable. Bienvenue dans un voyage passionnant dans le monde du jeu !<\/p>\n<p><em>N&rsquo;oubliez pas, le jeu peut \u00eatre addictif. Jouez de mani\u00e8re responsable et prenez soin de votre bien-\u00eatre.<\/em><\/p>\n","protected":false},"excerpt":{"rendered":"<p>Bienvenue sur la plateforme d&rsquo;avis sur les machines \u00e0 sous de jeu d&rsquo;argent la plus compl\u00e8te &#8211; Vegas831, offrant une analyse approfondie et globale du monde passionnant des machines \u00e0 sous en ligne. Notre objectif est de vous fournir les informations les plus r\u00e9centes afin que vous puissiez profiter de sessions de jeu palpitantes tout en vous installant devant votre \u00e9cran et en appr\u00e9ciant les derni\u00e8res cr\u00e9ations des meilleurs studios de jeux dans les casinos&hellip; <\/p>\n","protected":false},"author":1,"featured_media":0,"parent":0,"menu_order":0,"comment_status":"closed","ping_status":"closed","template":"","meta":{"footnotes":""},"class_list":["post-8","page","type-page","status-publish","hentry"],"yoast_head":"<!-- This site is optimized with the Yoast SEO plugin v27.2 - https:\/\/yoast.com\/product\/yoast-seo-wordpress\/ -->\n<title>\u041e\u0431\u0437\u043e\u0440 \u043e\u043d\u043b\u0430\u0439\u043d \u0441\u043b\u043e\u0442\u043e\u0432 Vegas831.com<\/title>\n<meta name=\"description\" content=\"Un aper\u00e7u des machines \u00e0 sous en ligne sur Vegas831 - toutes les informations sur les machines \u00e0 sous en argent r\u00e9el dans les casinos en ligne. Les meilleures machines \u00e0 sous en ligne sur Internet. Jouez et gagnez.\" \/>\n<meta name=\"robots\" content=\"index, follow, max-snippet:-1, max-image-preview:large, max-video-preview:-1\" \/>\n<link rel=\"canonical\" href=\"https:\/\/vegas831.com\/fr\/\" \/>\n<meta property=\"og:locale\" content=\"fr_FR\" \/>\n<meta property=\"og:locale:alternate\" content=\"ru_RU\" \/>\n<meta property=\"og:locale:alternate\" content=\"en_US\" \/>\n<meta property=\"og:locale:alternate\" content=\"pt_PT\" \/>\n<meta property=\"og:locale:alternate\" content=\"es_ES\" \/>\n<meta property=\"og:locale:alternate\" content=\"de_DE\" \/>\n<meta property=\"og:locale:alternate\" content=\"ro_RO\" \/>\n<meta property=\"og:locale:alternate\" content=\"sr_RS\" \/>\n<meta property=\"og:locale:alternate\" content=\"bg_BG\" \/>\n<meta property=\"og:type\" content=\"article\" \/>\n<meta property=\"og:title\" content=\"\u041e\u0431\u0437\u043e\u0440 \u043e\u043d\u043b\u0430\u0439\u043d \u0441\u043b\u043e\u0442\u043e\u0432 Vegas831.com\" \/>\n<meta property=\"og:description\" content=\"\u041e\u0431\u0437\u043e\u0440\u043d\u0438\u043a \u043e\u043d\u043b\u0430\u0439\u043d \u0441\u043b\u043e\u0442\u043e\u0432 \u0412\u0435\u0433\u0430\u0441831 - \u0432\u0441\u044f \u0438\u043d\u0444\u043e\u0440\u043c\u0430\u0446\u0438\u044f \u043e\u0431 \u0438\u0433\u0440\u043e\u0432\u044b\u0445 \u0430\u0432\u0442\u043e\u043c\u0430\u0442\u0430\u0445 \u043d\u0430 \u0440\u0435\u0430\u043b\u044c\u043d\u044b\u0435 \u0434\u0435\u043d\u044c\u0433\u0438 \u0432 \u043e\u043d\u043b\u0430\u0439\u043d \u043a\u0430\u0437\u0438\u043d\u043e. \u041b\u0443\u0447\u0448\u0438\u0435 \u043e\u043d\u043b\u0430\u0439\u043d \u0441\u043b\u043e\u0442\u044b \u0432 \u0418\u043d\u0442\u0435\u0440\u043d\u0435\u0442\u0435. \u0418\u0433\u0440\u0430\u0442\u044c \u0438 \u0432\u044b\u0438\u0433\u0440\u044b\u0432\u0430\u0442\u044c\" \/>\n<meta property=\"og:url\" content=\"https:\/\/vegas831.com\/fr\/\" \/>\n<meta property=\"og:site_name\" content=\"Vegas\" \/>\n<meta property=\"article:modified_time\" content=\"2024-04-24T09:44:25+00:00\" \/>\n<meta name=\"twitter:card\" content=\"summary_large_image\" \/>\n<meta name=\"twitter:label1\" content=\"Dur\u00e9e de lecture estim\u00e9e\" \/>\n\t<meta name=\"twitter:data1\" content=\"18 minutes\" \/>\n<script type=\"application\/ld+json\" class=\"yoast-schema-graph\">{\"@context\":\"https:\/\/schema.org\",\"@graph\":[{\"@type\":\"WebPage\",\"@id\":\"https:\/\/vegas831.com\/\",\"url\":\"https:\/\/vegas831.com\/\",\"name\":\"\u041e\u0431\u0437\u043e\u0440 \u043e\u043d\u043b\u0430\u0439\u043d \u0441\u043b\u043e\u0442\u043e\u0432 Vegas831.com\",\"isPartOf\":{\"@id\":\"https:\/\/vegas831.com\/#website\"},\"datePublished\":\"2023-08-23T02:11:53+00:00\",\"dateModified\":\"2024-04-24T09:44:25+00:00\",\"description\":\"\u041e\u0431\u0437\u043e\u0440\u043d\u0438\u043a \u043e\u043d\u043b\u0430\u0439\u043d \u0441\u043b\u043e\u0442\u043e\u0432 \u0412\u0435\u0433\u0430\u0441831 - \u0432\u0441\u044f \u0438\u043d\u0444\u043e\u0440\u043c\u0430\u0446\u0438\u044f \u043e\u0431 \u0438\u0433\u0440\u043e\u0432\u044b\u0445 \u0430\u0432\u0442\u043e\u043c\u0430\u0442\u0430\u0445 \u043d\u0430 \u0440\u0435\u0430\u043b\u044c\u043d\u044b\u0435 \u0434\u0435\u043d\u044c\u0433\u0438 \u0432 \u043e\u043d\u043b\u0430\u0439\u043d \u043a\u0430\u0437\u0438\u043d\u043e. \u041b\u0443\u0447\u0448\u0438\u0435 \u043e\u043d\u043b\u0430\u0439\u043d \u0441\u043b\u043e\u0442\u044b \u0432 \u0418\u043d\u0442\u0435\u0440\u043d\u0435\u0442\u0435. \u0418\u0433\u0440\u0430\u0442\u044c \u0438 \u0432\u044b\u0438\u0433\u0440\u044b\u0432\u0430\u0442\u044c\",\"breadcrumb\":{\"@id\":\"https:\/\/vegas831.com\/#breadcrumb\"},\"inLanguage\":\"fr-FR\",\"potentialAction\":[{\"@type\":\"ReadAction\",\"target\":[\"https:\/\/vegas831.com\/\"]}]},{\"@type\":\"BreadcrumbList\",\"@id\":\"https:\/\/vegas831.com\/#breadcrumb\",\"itemListElement\":[{\"@type\":\"ListItem\",\"position\":1,\"name\":\"Home\",\"item\":\"https:\/\/vegas831.com\/\"},{\"@type\":\"ListItem\",\"position\":2,\"name\":\"\u0421\u0430\u0439\u0442 Vegas831 &#8212; \u043e\u0431\u0437\u043e\u0440\u044b \u0441\u043b\u043e\u0442-\u0438\u0433\u0440!\"}]},{\"@type\":\"WebSite\",\"@id\":\"https:\/\/vegas831.com\/#website\",\"url\":\"https:\/\/vegas831.com\/\",\"name\":\"Vegas\",\"description\":\"\u041e\u0431\u0437\u043e\u0440 \u043b\u0443\u0447\u0448\u0438\u0445 \u0441\u043b\u043e\u0442\u043e\u0432 \u0432 \u043e\u043d\u043b\u0430\u0439\u043d \u043a\u0430\u0437\u0438\u043d\u043e\",\"publisher\":{\"@id\":\"https:\/\/vegas831.com\/#organization\"},\"potentialAction\":[{\"@type\":\"SearchAction\",\"target\":{\"@type\":\"EntryPoint\",\"urlTemplate\":\"https:\/\/vegas831.com\/?s={search_term_string}\"},\"query-input\":{\"@type\":\"PropertyValueSpecification\",\"valueRequired\":true,\"valueName\":\"search_term_string\"}}],\"inLanguage\":\"fr-FR\"},{\"@type\":\"Organization\",\"@id\":\"https:\/\/vegas831.com\/#organization\",\"name\":\"Vegas\",\"url\":\"https:\/\/vegas831.com\/\",\"logo\":{\"@type\":\"ImageObject\",\"inLanguage\":\"fr-FR\",\"@id\":\"https:\/\/vegas831.com\/#\/schema\/logo\/image\/\",\"url\":\"https:\/\/vegas831.com\/wp-content\/uploads\/vegas-logo.png\",\"contentUrl\":\"https:\/\/vegas831.com\/wp-content\/uploads\/vegas-logo.png\",\"width\":300,\"height\":155,\"caption\":\"Vegas\"},\"image\":{\"@id\":\"https:\/\/vegas831.com\/#\/schema\/logo\/image\/\"}}]}<\/script>\n<!-- \/ Yoast SEO plugin. -->","yoast_head_json":{"title":"\u041e\u0431\u0437\u043e\u0440 \u043e\u043d\u043b\u0430\u0439\u043d \u0441\u043b\u043e\u0442\u043e\u0432 Vegas831.com","description":"Un aper\u00e7u des machines \u00e0 sous en ligne sur Vegas831 - toutes les informations sur les machines \u00e0 sous en argent r\u00e9el dans les casinos en ligne. Les meilleures machines \u00e0 sous en ligne sur Internet. Jouez et gagnez.","robots":{"index":"index","follow":"follow","max-snippet":"max-snippet:-1","max-image-preview":"max-image-preview:large","max-video-preview":"max-video-preview:-1"},"canonical":"https:\/\/vegas831.com\/fr\/","og_locale":"fr_FR","og_type":"article","og_title":"\u041e\u0431\u0437\u043e\u0440 \u043e\u043d\u043b\u0430\u0439\u043d \u0441\u043b\u043e\u0442\u043e\u0432 Vegas831.com","og_description":"\u041e\u0431\u0437\u043e\u0440\u043d\u0438\u043a \u043e\u043d\u043b\u0430\u0439\u043d \u0441\u043b\u043e\u0442\u043e\u0432 \u0412\u0435\u0433\u0430\u0441831 - \u0432\u0441\u044f \u0438\u043d\u0444\u043e\u0440\u043c\u0430\u0446\u0438\u044f \u043e\u0431 \u0438\u0433\u0440\u043e\u0432\u044b\u0445 \u0430\u0432\u0442\u043e\u043c\u0430\u0442\u0430\u0445 \u043d\u0430 \u0440\u0435\u0430\u043b\u044c\u043d\u044b\u0435 \u0434\u0435\u043d\u044c\u0433\u0438 \u0432 \u043e\u043d\u043b\u0430\u0439\u043d \u043a\u0430\u0437\u0438\u043d\u043e. \u041b\u0443\u0447\u0448\u0438\u0435 \u043e\u043d\u043b\u0430\u0439\u043d \u0441\u043b\u043e\u0442\u044b \u0432 \u0418\u043d\u0442\u0435\u0440\u043d\u0435\u0442\u0435. \u0418\u0433\u0440\u0430\u0442\u044c \u0438 \u0432\u044b\u0438\u0433\u0440\u044b\u0432\u0430\u0442\u044c","og_url":"https:\/\/vegas831.com\/fr\/","og_site_name":"Vegas","article_modified_time":"2024-04-24T09:44:25+00:00","twitter_card":"summary_large_image","twitter_misc":{"Dur\u00e9e de lecture estim\u00e9e":"18 minutes"},"schema":{"@context":"https:\/\/schema.org","@graph":[{"@type":"WebPage","@id":"https:\/\/vegas831.com\/","url":"https:\/\/vegas831.com\/","name":"\u041e\u0431\u0437\u043e\u0440 \u043e\u043d\u043b\u0430\u0439\u043d \u0441\u043b\u043e\u0442\u043e\u0432 Vegas831.com","isPartOf":{"@id":"https:\/\/vegas831.com\/#website"},"datePublished":"2023-08-23T02:11:53+00:00","dateModified":"2024-04-24T09:44:25+00:00","description":"\u041e\u0431\u0437\u043e\u0440\u043d\u0438\u043a \u043e\u043d\u043b\u0430\u0439\u043d \u0441\u043b\u043e\u0442\u043e\u0432 \u0412\u0435\u0433\u0430\u0441831 - \u0432\u0441\u044f \u0438\u043d\u0444\u043e\u0440\u043c\u0430\u0446\u0438\u044f \u043e\u0431 \u0438\u0433\u0440\u043e\u0432\u044b\u0445 \u0430\u0432\u0442\u043e\u043c\u0430\u0442\u0430\u0445 \u043d\u0430 \u0440\u0435\u0430\u043b\u044c\u043d\u044b\u0435 \u0434\u0435\u043d\u044c\u0433\u0438 \u0432 \u043e\u043d\u043b\u0430\u0439\u043d \u043a\u0430\u0437\u0438\u043d\u043e. \u041b\u0443\u0447\u0448\u0438\u0435 \u043e\u043d\u043b\u0430\u0439\u043d \u0441\u043b\u043e\u0442\u044b \u0432 \u0418\u043d\u0442\u0435\u0440\u043d\u0435\u0442\u0435. \u0418\u0433\u0440\u0430\u0442\u044c \u0438 \u0432\u044b\u0438\u0433\u0440\u044b\u0432\u0430\u0442\u044c","breadcrumb":{"@id":"https:\/\/vegas831.com\/#breadcrumb"},"inLanguage":"fr-FR","potentialAction":[{"@type":"ReadAction","target":["https:\/\/vegas831.com\/"]}]},{"@type":"BreadcrumbList","@id":"https:\/\/vegas831.com\/#breadcrumb","itemListElement":[{"@type":"ListItem","position":1,"name":"Home","item":"https:\/\/vegas831.com\/"},{"@type":"ListItem","position":2,"name":"\u0421\u0430\u0439\u0442 Vegas831 &#8212; \u043e\u0431\u0437\u043e\u0440\u044b \u0441\u043b\u043e\u0442-\u0438\u0433\u0440!"}]},{"@type":"WebSite","@id":"https:\/\/vegas831.com\/#website","url":"https:\/\/vegas831.com\/","name":"Vegas","description":"\u041e\u0431\u0437\u043e\u0440 \u043b\u0443\u0447\u0448\u0438\u0445 \u0441\u043b\u043e\u0442\u043e\u0432 \u0432 \u043e\u043d\u043b\u0430\u0439\u043d \u043a\u0430\u0437\u0438\u043d\u043e","publisher":{"@id":"https:\/\/vegas831.com\/#organization"},"potentialAction":[{"@type":"SearchAction","target":{"@type":"EntryPoint","urlTemplate":"https:\/\/vegas831.com\/?s={search_term_string}"},"query-input":{"@type":"PropertyValueSpecification","valueRequired":true,"valueName":"search_term_string"}}],"inLanguage":"fr-FR"},{"@type":"Organization","@id":"https:\/\/vegas831.com\/#organization","name":"Vegas","url":"https:\/\/vegas831.com\/","logo":{"@type":"ImageObject","inLanguage":"fr-FR","@id":"https:\/\/vegas831.com\/#\/schema\/logo\/image\/","url":"https:\/\/vegas831.com\/wp-content\/uploads\/vegas-logo.png","contentUrl":"https:\/\/vegas831.com\/wp-content\/uploads\/vegas-logo.png","width":300,"height":155,"caption":"Vegas"},"image":{"@id":"https:\/\/vegas831.com\/#\/schema\/logo\/image\/"}}]}},"_links":{"self":[{"href":"https:\/\/vegas831.com\/fr\/wp-json\/wp\/v2\/pages\/8","targetHints":{"allow":["GET"]}}],"collection":[{"href":"https:\/\/vegas831.com\/fr\/wp-json\/wp\/v2\/pages"}],"about":[{"href":"https:\/\/vegas831.com\/fr\/wp-json\/wp\/v2\/types\/page"}],"author":[{"embeddable":true,"href":"https:\/\/vegas831.com\/fr\/wp-json\/wp\/v2\/users\/1"}],"replies":[{"embeddable":true,"href":"https:\/\/vegas831.com\/fr\/wp-json\/wp\/v2\/comments?post=8"}],"version-history":[{"count":28,"href":"https:\/\/vegas831.com\/fr\/wp-json\/wp\/v2\/pages\/8\/revisions"}],"predecessor-version":[{"id":276,"href":"https:\/\/vegas831.com\/fr\/wp-json\/wp\/v2\/pages\/8\/revisions\/276"}],"wp:attachment":[{"href":"https:\/\/vegas831.com\/fr\/wp-json\/wp\/v2\/media?parent=8"}],"curies":[{"name":"wp","href":"https:\/\/api.w.org\/{rel}","templated":true}]}}