{"id":3,"date":"2023-08-23T01:26:48","date_gmt":"2023-08-23T01:26:48","guid":{"rendered":"https:\/\/vegas831.com\/?page_id=3"},"modified":"2023-11-17T21:54:58","modified_gmt":"2023-11-17T21:54:58","slug":"privacy-policy","status":"publish","type":"page","link":"https:\/\/vegas831.com\/fr\/privacy-policy\/","title":{"rendered":"Politique de confidentialit\u00e9"},"content":{"rendered":"<p>Bienvenue sur la page de notre politique de confidentialit\u00e9. Nous accordons la plus grande importance \u00e0 la s\u00e9curit\u00e9 de vos informations personnelles et respectons votre vie priv\u00e9e lorsque vous utilisez notre site Web (https:\/\/vegas831.com). Notre engagement est de garantir la confidentialit\u00e9 et la s\u00e9curit\u00e9 des donn\u00e9es que vous nous fournissez. La politique de confidentialit\u00e9 ci-dessous d\u00e9taille comment nous collectons, utilisons et prot\u00e9geons vos informations dans le cadre de l&rsquo;utilisation de notre plateforme.<\/p>\n<p><strong>Collecte d&rsquo;informations<\/strong><\/p>\n<p>Dans le processus d&rsquo;interaction avec notre plateforme, nous collectons certaines donn\u00e9es personnelles, telles que votre nom, votre adresse e-mail et d&rsquo;autres informations pertinentes. De plus, nous pouvons recevoir des informations non personnelles, y compris des donn\u00e9es de l&rsquo;appareil, des adresses IP et des cookies. Ces donn\u00e9es contribuent \u00e0 am\u00e9liorer votre exp\u00e9rience et la qualit\u00e9 des services que nous fournissons.<\/p>\n<p><strong>Utilisation des informations<\/strong><\/p>\n<p>Les informations collect\u00e9es sont utilis\u00e9es pour fournir et am\u00e9liorer nos services, personnaliser votre exp\u00e9rience, vous contacter et garantir la s\u00e9curit\u00e9 de notre plateforme. Nous pouvons \u00e9galement analyser les tendances, mener des recherches et remplir des obligations l\u00e9gales.<\/p>\n<p><strong>S\u00e9curit\u00e9 des donn\u00e9es<\/strong><\/p>\n<p>Nous accordons une attention particuli\u00e8re \u00e0 la s\u00e9curit\u00e9 des donn\u00e9es et utilisons des mesures standard pour prot\u00e9ger vos informations contre tout acc\u00e8s non autoris\u00e9, fuite ou alt\u00e9ration. Nos syst\u00e8mes font l&rsquo;objet de v\u00e9rifications r\u00e9guli\u00e8res, et nous utilisons le cryptage, des pare-feu et des protocoles s\u00e9curis\u00e9s pour prot\u00e9ger les donn\u00e9es. Cependant, veuillez noter qu&rsquo;aucune m\u00e9thode de transmission de donn\u00e9es sur Internet ou de stockage \u00e9lectronique n&rsquo;est totalement s\u00e9curis\u00e9e.<\/p>\n<p><strong>Partage d&rsquo;informations avec des tiers<\/strong><\/p>\n<p>Nous pouvons partager vos informations avec des tiers de confiance, tels que des prestataires de services, pour soutenir nos op\u00e9rations et am\u00e9liorer les services que nous proposons. \u00c0 cet \u00e9gard, nous demandons \u00e0 ces tiers de maintenir la confidentialit\u00e9 et la s\u00e9curit\u00e9 de vos donn\u00e9es. Nous ne vendons, ne transf\u00e9rons ni ne divulguons vos informations personnelles \u00e0 des tiers \u00e0 des fins marketing sans votre consentement explicite.<\/p>\n<p><strong>Cookies et technologies de suivi<\/strong><\/p>\n<p>Nos cookies et technologies similaires sont utilis\u00e9s pour am\u00e9liorer votre exp\u00e9rience et analyser vos actions sur notre site Web. Vous pouvez g\u00e9rer les param\u00e8tres des cookies via votre navigateur. Des informations suppl\u00e9mentaires sur notre politique d&rsquo;utilisation des cookies peuvent \u00eatre trouv\u00e9es dans la section respective.<\/p>\n<p><strong>Vos droits et choix<\/strong><\/p>\n<p>Vous avez le droit d&rsquo;acc\u00e9der, de modifier ou de supprimer vos informations personnelles. Vous pouvez \u00e9galement restreindre le traitement des donn\u00e9es ou demander la portabilit\u00e9 des donn\u00e9es. Nous fournissons des m\u00e9canismes pour exercer ces droits et respectons vos choix en mati\u00e8re de collecte et d&rsquo;utilisation de vos informations.<\/p>\n<p><strong>Vie priv\u00e9e des enfants<\/strong><\/p>\n<p>Notre plateforme n&rsquo;est pas destin\u00e9e aux personnes de moins de 18 ans. Nous ne collectons sciemment aucune information personnelle sur les enfants. Si vous pensez que nous avons involontairement obtenu des informations sur un enfant, veuillez nous contacter imm\u00e9diatement, et nous prendrons des mesures pour supprimer de telles donn\u00e9es.<\/p>\n","protected":false},"excerpt":{"rendered":"<p>Bienvenue sur la page de notre politique de confidentialit\u00e9. Nous accordons la plus grande importance \u00e0 la s\u00e9curit\u00e9 de vos informations personnelles et respectons votre vie priv\u00e9e lorsque vous utilisez notre site Web (https:\/\/vegas831.com). Notre engagement est de garantir la confidentialit\u00e9 et la s\u00e9curit\u00e9 des donn\u00e9es que vous nous fournissez. La politique de confidentialit\u00e9 ci-dessous d\u00e9taille comment nous collectons, utilisons et prot\u00e9geons vos informations dans le cadre de l&rsquo;utilisation de notre plateforme. Collecte d&rsquo;informations Dans&hellip; <\/p>\n","protected":false},"author":1,"featured_media":0,"parent":0,"menu_order":0,"comment_status":"closed","ping_status":"open","template":"","meta":{"footnotes":""},"class_list":["post-3","page","type-page","status-publish","hentry"],"yoast_head":"<!-- This site is optimized with the Yoast SEO plugin v27.2 - https:\/\/yoast.com\/product\/yoast-seo-wordpress\/ -->\n<title>\u041f\u043e\u043b\u0438\u0442\u0438\u043a\u0438 \u043a\u043e\u043d\u0444\u0438\u0434\u0435\u043d\u0446\u0438\u0430\u043b\u044c\u043d\u043e\u0441\u0442\u0438 \u0441\u0430\u0439\u0442\u0430 Vegas831.com<\/title>\n<meta name=\"description\" content=\"La page d\u00e9crit la politique de confidentialit\u00e9 du site Web Vegas831.com\" \/>\n<meta name=\"robots\" content=\"index, follow, max-snippet:-1, max-image-preview:large, max-video-preview:-1\" \/>\n<link rel=\"canonical\" href=\"https:\/\/vegas831.com\/fr\/privacy-policy\/\" \/>\n<meta property=\"og:locale\" content=\"fr_FR\" \/>\n<meta property=\"og:locale:alternate\" content=\"ru_RU\" \/>\n<meta property=\"og:locale:alternate\" content=\"en_US\" \/>\n<meta property=\"og:locale:alternate\" content=\"pt_PT\" \/>\n<meta property=\"og:locale:alternate\" content=\"es_ES\" \/>\n<meta property=\"og:locale:alternate\" content=\"de_DE\" \/>\n<meta property=\"og:locale:alternate\" content=\"ro_RO\" \/>\n<meta property=\"og:locale:alternate\" content=\"sr_RS\" \/>\n<meta property=\"og:locale:alternate\" content=\"bg_BG\" \/>\n<meta property=\"og:type\" content=\"article\" \/>\n<meta property=\"og:title\" content=\"\u041f\u043e\u043b\u0438\u0442\u0438\u043a\u0438 \u043a\u043e\u043d\u0444\u0438\u0434\u0435\u043d\u0446\u0438\u0430\u043b\u044c\u043d\u043e\u0441\u0442\u0438 \u0441\u0430\u0439\u0442\u0430 Vegas831.com\" \/>\n<meta property=\"og:description\" content=\"\u041d\u0430 \u0441\u0442\u0440\u0430\u043d\u0438\u0446\u0435 \u043e\u043f\u0438\u0441\u0430\u043d\u0430 \u043f\u043e\u043b\u0438\u0442\u0438\u043a\u0430 \u043a\u043e\u043d\u0444\u0438\u0434\u0435\u043d\u0446\u0438\u0430\u043b\u044c\u043d\u043e\u0441\u0442\u0438 \u0441\u0430\u0439\u0442\u0430 Vegas831.com\" \/>\n<meta property=\"og:url\" content=\"https:\/\/vegas831.com\/fr\/privacy-policy\/\" \/>\n<meta property=\"og:site_name\" content=\"Vegas\" \/>\n<meta property=\"article:modified_time\" content=\"2023-11-17T21:54:58+00:00\" \/>\n<meta name=\"twitter:card\" content=\"summary_large_image\" \/>\n<meta name=\"twitter:label1\" content=\"Dur\u00e9e de lecture estim\u00e9e\" \/>\n\t<meta name=\"twitter:data1\" content=\"15 minutes\" \/>\n<script type=\"application\/ld+json\" class=\"yoast-schema-graph\">{\"@context\":\"https:\/\/schema.org\",\"@graph\":[{\"@type\":\"WebPage\",\"@id\":\"https:\/\/vegas831.com\/privacy-policy\/\",\"url\":\"https:\/\/vegas831.com\/privacy-policy\/\",\"name\":\"\u041f\u043e\u043b\u0438\u0442\u0438\u043a\u0438 \u043a\u043e\u043d\u0444\u0438\u0434\u0435\u043d\u0446\u0438\u0430\u043b\u044c\u043d\u043e\u0441\u0442\u0438 \u0441\u0430\u0439\u0442\u0430 Vegas831.com\",\"isPartOf\":{\"@id\":\"https:\/\/vegas831.com\/#website\"},\"datePublished\":\"2023-08-23T01:26:48+00:00\",\"dateModified\":\"2023-11-17T21:54:58+00:00\",\"description\":\"\u041d\u0430 \u0441\u0442\u0440\u0430\u043d\u0438\u0446\u0435 \u043e\u043f\u0438\u0441\u0430\u043d\u0430 \u043f\u043e\u043b\u0438\u0442\u0438\u043a\u0430 \u043a\u043e\u043d\u0444\u0438\u0434\u0435\u043d\u0446\u0438\u0430\u043b\u044c\u043d\u043e\u0441\u0442\u0438 \u0441\u0430\u0439\u0442\u0430 Vegas831.com\",\"breadcrumb\":{\"@id\":\"https:\/\/vegas831.com\/privacy-policy\/#breadcrumb\"},\"inLanguage\":\"fr-FR\",\"potentialAction\":[{\"@type\":\"ReadAction\",\"target\":[\"https:\/\/vegas831.com\/privacy-policy\/\"]}]},{\"@type\":\"BreadcrumbList\",\"@id\":\"https:\/\/vegas831.com\/privacy-policy\/#breadcrumb\",\"itemListElement\":[{\"@type\":\"ListItem\",\"position\":1,\"name\":\"Home\",\"item\":\"https:\/\/vegas831.com\/\"},{\"@type\":\"ListItem\",\"position\":2,\"name\":\"\u041f\u043e\u043b\u0438\u0442\u0438\u043a\u0430 \u0437\u0430\u0449\u0438\u0442\u044b \u043a\u043e\u043d\u0444\u0438\u0434\u0435\u043d\u0446\u0438\u0430\u043b\u044c\u043d\u043e\u0441\u0442\u0438\"}]},{\"@type\":\"WebSite\",\"@id\":\"https:\/\/vegas831.com\/#website\",\"url\":\"https:\/\/vegas831.com\/\",\"name\":\"Vegas\",\"description\":\"\u041e\u0431\u0437\u043e\u0440 \u043b\u0443\u0447\u0448\u0438\u0445 \u0441\u043b\u043e\u0442\u043e\u0432 \u0432 \u043e\u043d\u043b\u0430\u0439\u043d \u043a\u0430\u0437\u0438\u043d\u043e\",\"publisher\":{\"@id\":\"https:\/\/vegas831.com\/#organization\"},\"potentialAction\":[{\"@type\":\"SearchAction\",\"target\":{\"@type\":\"EntryPoint\",\"urlTemplate\":\"https:\/\/vegas831.com\/?s={search_term_string}\"},\"query-input\":{\"@type\":\"PropertyValueSpecification\",\"valueRequired\":true,\"valueName\":\"search_term_string\"}}],\"inLanguage\":\"fr-FR\"},{\"@type\":\"Organization\",\"@id\":\"https:\/\/vegas831.com\/#organization\",\"name\":\"Vegas\",\"url\":\"https:\/\/vegas831.com\/\",\"logo\":{\"@type\":\"ImageObject\",\"inLanguage\":\"fr-FR\",\"@id\":\"https:\/\/vegas831.com\/#\/schema\/logo\/image\/\",\"url\":\"https:\/\/vegas831.com\/wp-content\/uploads\/vegas-logo.png\",\"contentUrl\":\"https:\/\/vegas831.com\/wp-content\/uploads\/vegas-logo.png\",\"width\":300,\"height\":155,\"caption\":\"Vegas\"},\"image\":{\"@id\":\"https:\/\/vegas831.com\/#\/schema\/logo\/image\/\"}}]}<\/script>\n<!-- \/ Yoast SEO plugin. -->","yoast_head_json":{"title":"\u041f\u043e\u043b\u0438\u0442\u0438\u043a\u0438 \u043a\u043e\u043d\u0444\u0438\u0434\u0435\u043d\u0446\u0438\u0430\u043b\u044c\u043d\u043e\u0441\u0442\u0438 \u0441\u0430\u0439\u0442\u0430 Vegas831.com","description":"La page d\u00e9crit la politique de confidentialit\u00e9 du site Web Vegas831.com","robots":{"index":"index","follow":"follow","max-snippet":"max-snippet:-1","max-image-preview":"max-image-preview:large","max-video-preview":"max-video-preview:-1"},"canonical":"https:\/\/vegas831.com\/fr\/privacy-policy\/","og_locale":"fr_FR","og_type":"article","og_title":"\u041f\u043e\u043b\u0438\u0442\u0438\u043a\u0438 \u043a\u043e\u043d\u0444\u0438\u0434\u0435\u043d\u0446\u0438\u0430\u043b\u044c\u043d\u043e\u0441\u0442\u0438 \u0441\u0430\u0439\u0442\u0430 Vegas831.com","og_description":"\u041d\u0430 \u0441\u0442\u0440\u0430\u043d\u0438\u0446\u0435 \u043e\u043f\u0438\u0441\u0430\u043d\u0430 \u043f\u043e\u043b\u0438\u0442\u0438\u043a\u0430 \u043a\u043e\u043d\u0444\u0438\u0434\u0435\u043d\u0446\u0438\u0430\u043b\u044c\u043d\u043e\u0441\u0442\u0438 \u0441\u0430\u0439\u0442\u0430 Vegas831.com","og_url":"https:\/\/vegas831.com\/fr\/privacy-policy\/","og_site_name":"Vegas","article_modified_time":"2023-11-17T21:54:58+00:00","twitter_card":"summary_large_image","twitter_misc":{"Dur\u00e9e de lecture estim\u00e9e":"15 minutes"},"schema":{"@context":"https:\/\/schema.org","@graph":[{"@type":"WebPage","@id":"https:\/\/vegas831.com\/privacy-policy\/","url":"https:\/\/vegas831.com\/privacy-policy\/","name":"\u041f\u043e\u043b\u0438\u0442\u0438\u043a\u0438 \u043a\u043e\u043d\u0444\u0438\u0434\u0435\u043d\u0446\u0438\u0430\u043b\u044c\u043d\u043e\u0441\u0442\u0438 \u0441\u0430\u0439\u0442\u0430 Vegas831.com","isPartOf":{"@id":"https:\/\/vegas831.com\/#website"},"datePublished":"2023-08-23T01:26:48+00:00","dateModified":"2023-11-17T21:54:58+00:00","description":"\u041d\u0430 \u0441\u0442\u0440\u0430\u043d\u0438\u0446\u0435 \u043e\u043f\u0438\u0441\u0430\u043d\u0430 \u043f\u043e\u043b\u0438\u0442\u0438\u043a\u0430 \u043a\u043e\u043d\u0444\u0438\u0434\u0435\u043d\u0446\u0438\u0430\u043b\u044c\u043d\u043e\u0441\u0442\u0438 \u0441\u0430\u0439\u0442\u0430 Vegas831.com","breadcrumb":{"@id":"https:\/\/vegas831.com\/privacy-policy\/#breadcrumb"},"inLanguage":"fr-FR","potentialAction":[{"@type":"ReadAction","target":["https:\/\/vegas831.com\/privacy-policy\/"]}]},{"@type":"BreadcrumbList","@id":"https:\/\/vegas831.com\/privacy-policy\/#breadcrumb","itemListElement":[{"@type":"ListItem","position":1,"name":"Home","item":"https:\/\/vegas831.com\/"},{"@type":"ListItem","position":2,"name":"\u041f\u043e\u043b\u0438\u0442\u0438\u043a\u0430 \u0437\u0430\u0449\u0438\u0442\u044b \u043a\u043e\u043d\u0444\u0438\u0434\u0435\u043d\u0446\u0438\u0430\u043b\u044c\u043d\u043e\u0441\u0442\u0438"}]},{"@type":"WebSite","@id":"https:\/\/vegas831.com\/#website","url":"https:\/\/vegas831.com\/","name":"Vegas","description":"\u041e\u0431\u0437\u043e\u0440 \u043b\u0443\u0447\u0448\u0438\u0445 \u0441\u043b\u043e\u0442\u043e\u0432 \u0432 \u043e\u043d\u043b\u0430\u0439\u043d \u043a\u0430\u0437\u0438\u043d\u043e","publisher":{"@id":"https:\/\/vegas831.com\/#organization"},"potentialAction":[{"@type":"SearchAction","target":{"@type":"EntryPoint","urlTemplate":"https:\/\/vegas831.com\/?s={search_term_string}"},"query-input":{"@type":"PropertyValueSpecification","valueRequired":true,"valueName":"search_term_string"}}],"inLanguage":"fr-FR"},{"@type":"Organization","@id":"https:\/\/vegas831.com\/#organization","name":"Vegas","url":"https:\/\/vegas831.com\/","logo":{"@type":"ImageObject","inLanguage":"fr-FR","@id":"https:\/\/vegas831.com\/#\/schema\/logo\/image\/","url":"https:\/\/vegas831.com\/wp-content\/uploads\/vegas-logo.png","contentUrl":"https:\/\/vegas831.com\/wp-content\/uploads\/vegas-logo.png","width":300,"height":155,"caption":"Vegas"},"image":{"@id":"https:\/\/vegas831.com\/#\/schema\/logo\/image\/"}}]}},"_links":{"self":[{"href":"https:\/\/vegas831.com\/fr\/wp-json\/wp\/v2\/pages\/3","targetHints":{"allow":["GET"]}}],"collection":[{"href":"https:\/\/vegas831.com\/fr\/wp-json\/wp\/v2\/pages"}],"about":[{"href":"https:\/\/vegas831.com\/fr\/wp-json\/wp\/v2\/types\/page"}],"author":[{"embeddable":true,"href":"https:\/\/vegas831.com\/fr\/wp-json\/wp\/v2\/users\/1"}],"replies":[{"embeddable":true,"href":"https:\/\/vegas831.com\/fr\/wp-json\/wp\/v2\/comments?post=3"}],"version-history":[{"count":16,"href":"https:\/\/vegas831.com\/fr\/wp-json\/wp\/v2\/pages\/3\/revisions"}],"predecessor-version":[{"id":216,"href":"https:\/\/vegas831.com\/fr\/wp-json\/wp\/v2\/pages\/3\/revisions\/216"}],"wp:attachment":[{"href":"https:\/\/vegas831.com\/fr\/wp-json\/wp\/v2\/media?parent=3"}],"curies":[{"name":"wp","href":"https:\/\/api.w.org\/{rel}","templated":true}]}}