{"id":17,"date":"2023-08-23T03:06:52","date_gmt":"2023-08-23T03:06:52","guid":{"rendered":"https:\/\/vegas831.com\/?page_id=17"},"modified":"2023-11-17T21:42:12","modified_gmt":"2023-11-17T21:42:12","slug":"online-slots","status":"publish","type":"page","link":"https:\/\/vegas831.com\/fr\/online-slots\/","title":{"rendered":"Types de machines \u00e0 sous dans les casinos en ligne"},"content":{"rendered":"<p>Dans le monde du divertissement de jeu, le site web Vegas831 se trouve \u00e0 l&rsquo;avant-garde d&rsquo;une vari\u00e9t\u00e9 infinie de cat\u00e9gories de machines \u00e0 sous pour satisfaire les go\u00fbts des joueurs les plus exigeants. Peu importe vos pr\u00e9f\u00e9rences &#8211; que vous soyez fan de machines \u00e0 sous classiques, amateur de mondes fantastiques ou voyageur temporel &#8211; nous avons quelque chose de sp\u00e9cial pour tout le monde. Explorons certaines de nos cat\u00e9gories de machines \u00e0 sous vibrantes :<\/p>\n<h2><a href=\"\/category\/classic-slots\/\"><strong>Machines \u00e0 sous classiques passionnantes<\/strong><\/a><\/h2>\n<p>Ouvrez le rideau sur l&rsquo;histoire du divertissement de jeu en essayant votre chance aux machines \u00e0 sous classiques. Ces machines \u00e0 sous recr\u00e9ent l&rsquo;atmosph\u00e8re des premi\u00e8res machines \u00e0 sous m\u00e9caniques et \u00e9voquent des sentiments nostalgiques. Trois rouleaux, des symboles BAR et des sept chanceux &#8211; tout cela vous attend dans une cat\u00e9gorie o\u00f9 la simplicit\u00e9 va de pair avec le plaisir.<\/p>\n<h2><a href=\"\/category\/video-slots\/\"><strong>Machines \u00e0 sous vid\u00e9o : Portes vers de nouveaux mondes<\/strong><\/a><\/h2>\n<p>Les machines \u00e0 sous vid\u00e9o modernes sont des portails complets vers des royaumes incroyables d&rsquo;aventures de jeu. Des graphismes \u00e9poustouflants, des animations dynamiques et des sc\u00e9narios captivants sont ce que vous trouverez dans cette cat\u00e9gorie. Des aventures fantastiques sur des plan\u00e8tes lointaines aux chasses au tr\u00e9sor palpitantes dans la jungle, les machines \u00e0 sous vid\u00e9o sont aussi diverses et excitantes que jamais.<\/p>\n<h2><a href=\"\/category\/jackpot-slots\/\"><strong>Jackpots progressifs : Votre chance de grandes r\u00e9compenses<\/strong><\/a><\/h2>\n<p>R\u00eavez-vous d&rsquo;une grande victoire ? Dans la cat\u00e9gorie des jackpots progressifs, vos r\u00eaves peuvent devenir r\u00e9alit\u00e9. Ici, le jackpot augmente avec chaque mise, et vous pourriez \u00eatre au bon endroit au bon moment pour revendiquer l&rsquo;int\u00e9gralit\u00e9 du jackpot comme le v\u00f4tre. Vous pouvez gagner des millions, litt\u00e9ralement des millions de dollars. Des enjeux tr\u00e8s \u00e9lev\u00e9s, un gameplay dynamique et la possibilit\u00e9 d&rsquo;une grande victoire font de cette cat\u00e9gorie quelque chose de palpitant.<\/p>\n<h2><a href=\"\/category\/fantastic-slots\/\"><strong>Mondes fantastiques : Voyage dans l&rsquo;inconnu<\/strong><\/a><\/h2>\n<p>Aimez-vous la science-fiction, les royaumes magiques ou la fantasy ? Cette cat\u00e9gorie propose des machines \u00e0 sous qui vous transportent dans des mondes aux sc\u00e9narios incroyables. Ouvrez les portes \u00e0 des royaumes fantastiques o\u00f9 les dragons crachent du feu et o\u00f9 des secrets magiques vous attendent \u00e0 chaque tournant.<\/p>\n<h2><a href=\"\/category\/adventure-slots\/\"><strong>Th\u00e8mes d&rsquo;aventure : Explorez de nouveaux horizons<\/strong><\/a><\/h2>\n<p>Chaque voyage commence par un seul pas, et dans cette cat\u00e9gorie, vous trouverez s\u00fbrement une place pour votre aventure. Que ce soit pour explorer des temples anciens, combattre des pirates en haute mer ou partir vers des plan\u00e8tes lointaines, chaque rotation devient une v\u00e9ritable aventure.<\/p>\n<h2><a href=\"\/category\/fruit-slots\/\"><strong>Machines \u00e0 fruits : La luminosit\u00e9 de la tradition<\/strong><\/a><\/h2>\n<p>Pour les amateurs de tradition et de simplicit\u00e9, les machines \u00e0 fruits sont exactement ce dont vous avez besoin. Des fruits vifs, le son des rouleaux qui tournent et beaucoup de plaisir &#8211; tout cela vous trouverez dans cette cat\u00e9gorie.<\/p>\n<h3><strong>Faites votre choix et gagnez maintenant !<\/strong><\/h3>\n<p>Ceci n&rsquo;est qu&rsquo;une petite partie de ce qui vous attend sur notre site web. Peu importe vos centres d&rsquo;int\u00e9r\u00eat, nos cat\u00e9gories de machines \u00e0 sous offrent d&rsquo;innombrables possibilit\u00e9s de s\u00e9lection. Rejoignez-nous pour vous lancer dans une excitante aventure dans le monde du jeu d\u00e8s aujourd&rsquo;hui !<\/p>\n","protected":false},"excerpt":{"rendered":"<p>Dans le monde du divertissement de jeu, le site web Vegas831 se trouve \u00e0 l&rsquo;avant-garde d&rsquo;une vari\u00e9t\u00e9 infinie de cat\u00e9gories de machines \u00e0 sous pour satisfaire les go\u00fbts des joueurs les plus exigeants. Peu importe vos pr\u00e9f\u00e9rences &#8211; que vous soyez fan de machines \u00e0 sous classiques, amateur de mondes fantastiques ou voyageur temporel &#8211; nous avons quelque chose de sp\u00e9cial pour tout le monde. Explorons certaines de nos cat\u00e9gories de machines \u00e0 sous vibrantes&hellip; <\/p>\n","protected":false},"author":1,"featured_media":0,"parent":0,"menu_order":0,"comment_status":"closed","ping_status":"closed","template":"","meta":{"footnotes":""},"class_list":["post-17","page","type-page","status-publish","hentry"],"yoast_head":"<!-- This site is optimized with the Yoast SEO plugin v27.2 - https:\/\/yoast.com\/product\/yoast-seo-wordpress\/ -->\n<title>\u0412\u0438\u0434\u043e\u0432\u0435 \u0441\u043b\u043e\u0442\u043e\u0432\u0435 \u0437\u0430 \u0440\u0435\u0430\u043b\u043d\u0438 \u043f\u0430\u0440\u0438 \u0432 \u043e\u043d\u043b\u0430\u0439\u043d \u043a\u0430\u0437\u0438\u043d\u0430<\/title>\n<meta name=\"description\" content=\"Types de machines \u00e0 sous dans les casinos en ligne. Comment choisir une machine \u00e0 sous pour jouer dans un casino en ligne. Comment gagner de l&#039;argent r\u00e9el sur une machine \u00e0 sous dans un casino en ligne. Jouez gratuitement.\" \/>\n<meta name=\"robots\" content=\"index, follow, max-snippet:-1, max-image-preview:large, max-video-preview:-1\" \/>\n<link rel=\"canonical\" href=\"https:\/\/vegas831.com\/fr\/online-slots\/\" \/>\n<meta property=\"og:locale\" content=\"fr_FR\" \/>\n<meta property=\"og:locale:alternate\" content=\"ru_RU\" \/>\n<meta property=\"og:locale:alternate\" content=\"en_US\" \/>\n<meta property=\"og:locale:alternate\" content=\"pt_PT\" \/>\n<meta property=\"og:locale:alternate\" content=\"es_ES\" \/>\n<meta property=\"og:locale:alternate\" content=\"de_DE\" \/>\n<meta property=\"og:locale:alternate\" content=\"ro_RO\" \/>\n<meta property=\"og:locale:alternate\" content=\"sr_RS\" \/>\n<meta property=\"og:locale:alternate\" content=\"bg_BG\" \/>\n<meta property=\"og:type\" content=\"article\" \/>\n<meta property=\"og:title\" content=\"\u0412\u0438\u0434\u043e\u0432\u0435 \u0441\u043b\u043e\u0442\u043e\u0432\u0435 \u0437\u0430 \u0440\u0435\u0430\u043b\u043d\u0438 \u043f\u0430\u0440\u0438 \u0432 \u043e\u043d\u043b\u0430\u0439\u043d \u043a\u0430\u0437\u0438\u043d\u0430\" \/>\n<meta property=\"og:description\" content=\"\u0412\u0438\u0434\u043e\u0432\u0435 \u0441\u043b\u043e\u0442 \u043c\u0430\u0448\u0438\u043d\u0438 \u0432 \u043e\u043d\u043b\u0430\u0439\u043d \u043a\u0430\u0437\u0438\u043d\u0430. \u041a\u0430\u043a \u0434\u0430 \u0438\u0437\u0431\u0435\u0440\u0435\u0442\u0435 \u0441\u043b\u043e\u0442 \u0437\u0430 \u0438\u0433\u0440\u0430 \u0432 \u043e\u043d\u043b\u0430\u0439\u043d \u043a\u0430\u0437\u0438\u043d\u043e. \u041a\u0430\u043a \u0434\u0430 \u0441\u043f\u0435\u0447\u0435\u043b\u0438\u0442\u0435 \u0440\u0435\u0430\u043b\u043d\u0438 \u043f\u0430\u0440\u0438 \u043d\u0430 \u0441\u043b\u043e\u0442 \u043c\u0430\u0448\u0438\u043d\u0430 \u0432 \u043e\u043d\u043b\u0430\u0439\u043d \u043a\u0430\u0437\u0438\u043d\u043e. \u0418\u0433\u0440\u0430\u0439\u0442\u0435 \u0431\u0435\u0437\u043f\u043b\u0430\u0442\u043d\u043e.\" \/>\n<meta property=\"og:url\" content=\"https:\/\/vegas831.com\/fr\/online-slots\/\" \/>\n<meta property=\"og:site_name\" content=\"Vegas\" \/>\n<meta property=\"article:modified_time\" content=\"2023-11-17T21:42:12+00:00\" \/>\n<meta name=\"twitter:card\" content=\"summary_large_image\" \/>\n<meta name=\"twitter:label1\" content=\"Dur\u00e9e de lecture estim\u00e9e\" \/>\n\t<meta name=\"twitter:data1\" content=\"15 minutes\" \/>\n<script type=\"application\/ld+json\" class=\"yoast-schema-graph\">{\"@context\":\"https:\/\/schema.org\",\"@graph\":[{\"@type\":\"WebPage\",\"@id\":\"https:\/\/vegas831.com\/bg\/online-slots\/\",\"url\":\"https:\/\/vegas831.com\/bg\/online-slots\/\",\"name\":\"\u0412\u0438\u0434\u043e\u0432\u0435 \u0441\u043b\u043e\u0442\u043e\u0432\u0435 \u0437\u0430 \u0440\u0435\u0430\u043b\u043d\u0438 \u043f\u0430\u0440\u0438 \u0432 \u043e\u043d\u043b\u0430\u0439\u043d \u043a\u0430\u0437\u0438\u043d\u0430\",\"isPartOf\":{\"@id\":\"https:\/\/vegas831.com\/#website\"},\"datePublished\":\"2023-08-23T03:06:52+00:00\",\"dateModified\":\"2023-11-17T21:42:12+00:00\",\"description\":\"\u0412\u0438\u0434\u043e\u0432\u0435 \u0441\u043b\u043e\u0442 \u043c\u0430\u0448\u0438\u043d\u0438 \u0432 \u043e\u043d\u043b\u0430\u0439\u043d \u043a\u0430\u0437\u0438\u043d\u0430. \u041a\u0430\u043a \u0434\u0430 \u0438\u0437\u0431\u0435\u0440\u0435\u0442\u0435 \u0441\u043b\u043e\u0442 \u0437\u0430 \u0438\u0433\u0440\u0430 \u0432 \u043e\u043d\u043b\u0430\u0439\u043d \u043a\u0430\u0437\u0438\u043d\u043e. \u041a\u0430\u043a \u0434\u0430 \u0441\u043f\u0435\u0447\u0435\u043b\u0438\u0442\u0435 \u0440\u0435\u0430\u043b\u043d\u0438 \u043f\u0430\u0440\u0438 \u043d\u0430 \u0441\u043b\u043e\u0442 \u043c\u0430\u0448\u0438\u043d\u0430 \u0432 \u043e\u043d\u043b\u0430\u0439\u043d \u043a\u0430\u0437\u0438\u043d\u043e. \u0418\u0433\u0440\u0430\u0439\u0442\u0435 \u0431\u0435\u0437\u043f\u043b\u0430\u0442\u043d\u043e.\",\"breadcrumb\":{\"@id\":\"https:\/\/vegas831.com\/bg\/online-slots\/#breadcrumb\"},\"inLanguage\":\"fr-FR\",\"potentialAction\":[{\"@type\":\"ReadAction\",\"target\":[\"https:\/\/vegas831.com\/bg\/online-slots\/\"]}]},{\"@type\":\"BreadcrumbList\",\"@id\":\"https:\/\/vegas831.com\/bg\/online-slots\/#breadcrumb\",\"itemListElement\":[{\"@type\":\"ListItem\",\"position\":1,\"name\":\"Home\",\"item\":\"https:\/\/vegas831.com\/\"},{\"@type\":\"ListItem\",\"position\":2,\"name\":\"\u0422\u0438\u043f\u043e\u0432\u0435 \u0441\u043b\u043e\u0442\u043e\u0432\u0435 \u0432 \u043e\u043d\u043b\u0430\u0439\u043d \u043a\u0430\u0437\u0438\u043d\u0430\"}]},{\"@type\":\"WebSite\",\"@id\":\"https:\/\/vegas831.com\/#website\",\"url\":\"https:\/\/vegas831.com\/\",\"name\":\"Vegas\",\"description\":\"\u041e\u0431\u0437\u043e\u0440 \u043b\u0443\u0447\u0448\u0438\u0445 \u0441\u043b\u043e\u0442\u043e\u0432 \u0432 \u043e\u043d\u043b\u0430\u0439\u043d \u043a\u0430\u0437\u0438\u043d\u043e\",\"publisher\":{\"@id\":\"https:\/\/vegas831.com\/#organization\"},\"potentialAction\":[{\"@type\":\"SearchAction\",\"target\":{\"@type\":\"EntryPoint\",\"urlTemplate\":\"https:\/\/vegas831.com\/?s={search_term_string}\"},\"query-input\":{\"@type\":\"PropertyValueSpecification\",\"valueRequired\":true,\"valueName\":\"search_term_string\"}}],\"inLanguage\":\"fr-FR\"},{\"@type\":\"Organization\",\"@id\":\"https:\/\/vegas831.com\/#organization\",\"name\":\"Vegas\",\"url\":\"https:\/\/vegas831.com\/\",\"logo\":{\"@type\":\"ImageObject\",\"inLanguage\":\"fr-FR\",\"@id\":\"https:\/\/vegas831.com\/#\/schema\/logo\/image\/\",\"url\":\"https:\/\/vegas831.com\/wp-content\/uploads\/vegas-logo.png\",\"contentUrl\":\"https:\/\/vegas831.com\/wp-content\/uploads\/vegas-logo.png\",\"width\":300,\"height\":155,\"caption\":\"Vegas\"},\"image\":{\"@id\":\"https:\/\/vegas831.com\/#\/schema\/logo\/image\/\"}}]}<\/script>\n<!-- \/ Yoast SEO plugin. -->","yoast_head_json":{"title":"\u0412\u0438\u0434\u043e\u0432\u0435 \u0441\u043b\u043e\u0442\u043e\u0432\u0435 \u0437\u0430 \u0440\u0435\u0430\u043b\u043d\u0438 \u043f\u0430\u0440\u0438 \u0432 \u043e\u043d\u043b\u0430\u0439\u043d \u043a\u0430\u0437\u0438\u043d\u0430","description":"Types de machines \u00e0 sous dans les casinos en ligne. Comment choisir une machine \u00e0 sous pour jouer dans un casino en ligne. Comment gagner de l'argent r\u00e9el sur une machine \u00e0 sous dans un casino en ligne. Jouez gratuitement.","robots":{"index":"index","follow":"follow","max-snippet":"max-snippet:-1","max-image-preview":"max-image-preview:large","max-video-preview":"max-video-preview:-1"},"canonical":"https:\/\/vegas831.com\/fr\/online-slots\/","og_locale":"fr_FR","og_type":"article","og_title":"\u0412\u0438\u0434\u043e\u0432\u0435 \u0441\u043b\u043e\u0442\u043e\u0432\u0435 \u0437\u0430 \u0440\u0435\u0430\u043b\u043d\u0438 \u043f\u0430\u0440\u0438 \u0432 \u043e\u043d\u043b\u0430\u0439\u043d \u043a\u0430\u0437\u0438\u043d\u0430","og_description":"\u0412\u0438\u0434\u043e\u0432\u0435 \u0441\u043b\u043e\u0442 \u043c\u0430\u0448\u0438\u043d\u0438 \u0432 \u043e\u043d\u043b\u0430\u0439\u043d \u043a\u0430\u0437\u0438\u043d\u0430. \u041a\u0430\u043a \u0434\u0430 \u0438\u0437\u0431\u0435\u0440\u0435\u0442\u0435 \u0441\u043b\u043e\u0442 \u0437\u0430 \u0438\u0433\u0440\u0430 \u0432 \u043e\u043d\u043b\u0430\u0439\u043d \u043a\u0430\u0437\u0438\u043d\u043e. \u041a\u0430\u043a \u0434\u0430 \u0441\u043f\u0435\u0447\u0435\u043b\u0438\u0442\u0435 \u0440\u0435\u0430\u043b\u043d\u0438 \u043f\u0430\u0440\u0438 \u043d\u0430 \u0441\u043b\u043e\u0442 \u043c\u0430\u0448\u0438\u043d\u0430 \u0432 \u043e\u043d\u043b\u0430\u0439\u043d \u043a\u0430\u0437\u0438\u043d\u043e. \u0418\u0433\u0440\u0430\u0439\u0442\u0435 \u0431\u0435\u0437\u043f\u043b\u0430\u0442\u043d\u043e.","og_url":"https:\/\/vegas831.com\/fr\/online-slots\/","og_site_name":"Vegas","article_modified_time":"2023-11-17T21:42:12+00:00","twitter_card":"summary_large_image","twitter_misc":{"Dur\u00e9e de lecture estim\u00e9e":"15 minutes"},"schema":{"@context":"https:\/\/schema.org","@graph":[{"@type":"WebPage","@id":"https:\/\/vegas831.com\/bg\/online-slots\/","url":"https:\/\/vegas831.com\/bg\/online-slots\/","name":"\u0412\u0438\u0434\u043e\u0432\u0435 \u0441\u043b\u043e\u0442\u043e\u0432\u0435 \u0437\u0430 \u0440\u0435\u0430\u043b\u043d\u0438 \u043f\u0430\u0440\u0438 \u0432 \u043e\u043d\u043b\u0430\u0439\u043d \u043a\u0430\u0437\u0438\u043d\u0430","isPartOf":{"@id":"https:\/\/vegas831.com\/#website"},"datePublished":"2023-08-23T03:06:52+00:00","dateModified":"2023-11-17T21:42:12+00:00","description":"\u0412\u0438\u0434\u043e\u0432\u0435 \u0441\u043b\u043e\u0442 \u043c\u0430\u0448\u0438\u043d\u0438 \u0432 \u043e\u043d\u043b\u0430\u0439\u043d \u043a\u0430\u0437\u0438\u043d\u0430. \u041a\u0430\u043a \u0434\u0430 \u0438\u0437\u0431\u0435\u0440\u0435\u0442\u0435 \u0441\u043b\u043e\u0442 \u0437\u0430 \u0438\u0433\u0440\u0430 \u0432 \u043e\u043d\u043b\u0430\u0439\u043d \u043a\u0430\u0437\u0438\u043d\u043e. \u041a\u0430\u043a \u0434\u0430 \u0441\u043f\u0435\u0447\u0435\u043b\u0438\u0442\u0435 \u0440\u0435\u0430\u043b\u043d\u0438 \u043f\u0430\u0440\u0438 \u043d\u0430 \u0441\u043b\u043e\u0442 \u043c\u0430\u0448\u0438\u043d\u0430 \u0432 \u043e\u043d\u043b\u0430\u0439\u043d \u043a\u0430\u0437\u0438\u043d\u043e. \u0418\u0433\u0440\u0430\u0439\u0442\u0435 \u0431\u0435\u0437\u043f\u043b\u0430\u0442\u043d\u043e.","breadcrumb":{"@id":"https:\/\/vegas831.com\/bg\/online-slots\/#breadcrumb"},"inLanguage":"fr-FR","potentialAction":[{"@type":"ReadAction","target":["https:\/\/vegas831.com\/bg\/online-slots\/"]}]},{"@type":"BreadcrumbList","@id":"https:\/\/vegas831.com\/bg\/online-slots\/#breadcrumb","itemListElement":[{"@type":"ListItem","position":1,"name":"Home","item":"https:\/\/vegas831.com\/"},{"@type":"ListItem","position":2,"name":"\u0422\u0438\u043f\u043e\u0432\u0435 \u0441\u043b\u043e\u0442\u043e\u0432\u0435 \u0432 \u043e\u043d\u043b\u0430\u0439\u043d \u043a\u0430\u0437\u0438\u043d\u0430"}]},{"@type":"WebSite","@id":"https:\/\/vegas831.com\/#website","url":"https:\/\/vegas831.com\/","name":"Vegas","description":"\u041e\u0431\u0437\u043e\u0440 \u043b\u0443\u0447\u0448\u0438\u0445 \u0441\u043b\u043e\u0442\u043e\u0432 \u0432 \u043e\u043d\u043b\u0430\u0439\u043d \u043a\u0430\u0437\u0438\u043d\u043e","publisher":{"@id":"https:\/\/vegas831.com\/#organization"},"potentialAction":[{"@type":"SearchAction","target":{"@type":"EntryPoint","urlTemplate":"https:\/\/vegas831.com\/?s={search_term_string}"},"query-input":{"@type":"PropertyValueSpecification","valueRequired":true,"valueName":"search_term_string"}}],"inLanguage":"fr-FR"},{"@type":"Organization","@id":"https:\/\/vegas831.com\/#organization","name":"Vegas","url":"https:\/\/vegas831.com\/","logo":{"@type":"ImageObject","inLanguage":"fr-FR","@id":"https:\/\/vegas831.com\/#\/schema\/logo\/image\/","url":"https:\/\/vegas831.com\/wp-content\/uploads\/vegas-logo.png","contentUrl":"https:\/\/vegas831.com\/wp-content\/uploads\/vegas-logo.png","width":300,"height":155,"caption":"Vegas"},"image":{"@id":"https:\/\/vegas831.com\/#\/schema\/logo\/image\/"}}]}},"_links":{"self":[{"href":"https:\/\/vegas831.com\/fr\/wp-json\/wp\/v2\/pages\/17","targetHints":{"allow":["GET"]}}],"collection":[{"href":"https:\/\/vegas831.com\/fr\/wp-json\/wp\/v2\/pages"}],"about":[{"href":"https:\/\/vegas831.com\/fr\/wp-json\/wp\/v2\/types\/page"}],"author":[{"embeddable":true,"href":"https:\/\/vegas831.com\/fr\/wp-json\/wp\/v2\/users\/1"}],"replies":[{"embeddable":true,"href":"https:\/\/vegas831.com\/fr\/wp-json\/wp\/v2\/comments?post=17"}],"version-history":[{"count":17,"href":"https:\/\/vegas831.com\/fr\/wp-json\/wp\/v2\/pages\/17\/revisions"}],"predecessor-version":[{"id":212,"href":"https:\/\/vegas831.com\/fr\/wp-json\/wp\/v2\/pages\/17\/revisions\/212"}],"wp:attachment":[{"href":"https:\/\/vegas831.com\/fr\/wp-json\/wp\/v2\/media?parent=17"}],"curies":[{"name":"wp","href":"https:\/\/api.w.org\/{rel}","templated":true}]}}