{"id":15,"date":"2023-08-23T02:31:49","date_gmt":"2023-08-23T02:31:49","guid":{"rendered":"https:\/\/vegas831.com\/?page_id=15"},"modified":"2023-11-17T22:05:03","modified_gmt":"2023-11-17T22:05:03","slug":"about-us","status":"publish","type":"page","link":"https:\/\/vegas831.com\/fr\/about-us\/","title":{"rendered":"\u00c0 propos de nous : Le monde du jeu pour votre divertissement"},"content":{"rendered":"<p>Bienvenue sur notre site d&rsquo;analyse de machines \u00e0 sous Vegas831, o\u00f9 chaque rotation devient une marche dans le monde passionnant du divertissement de jeu. Nous avons cr\u00e9\u00e9 cette ressource pour vous fournir des informations compl\u00e8tes sur divers jeux de machines \u00e0 sous, vous aider \u00e0 comprendre les r\u00e8gles, les strat\u00e9gies, les th\u00e8mes, et partager les meilleurs conseils pour maximiser votre exp\u00e9rience de jeu.<\/p>\n<h2>Ce que nous offrons<\/h2>\n<p>Le site Vegas831 vise \u00e0 devenir votre partenaire fiable dans le monde du jeu. Nos experts r\u00e9alisent des analyses approfondies et des critiques de divers jeux de machines \u00e0 sous afin que vous puissiez prendre des d\u00e9cisions \u00e9clair\u00e9es. Nous vous fournissons des critiques d\u00e9taill\u00e9es de chaque jeu, de sa m\u00e9canique, de ses fonctionnalit\u00e9s et de ses gains afin que vous puissiez choisir ceux qui correspondent \u00e0 vos int\u00e9r\u00eats et pr\u00e9f\u00e9rences.<\/p>\n<h2>Notre mission<\/h2>\n<p>Notre objectif principal est de vous aider \u00e0 profiter pleinement de jouer aux machines \u00e0 sous. Nous visons \u00e0 vous fournir toutes les informations n\u00e9cessaires pour que vous puissiez prendre des d\u00e9cisions \u00e9clair\u00e9es lors du choix de jeux et de la gestion de votre bankroll. Nous visons \u00e9galement \u00e0 vous aider \u00e0 gagner de l&rsquo;argent en jouant \u00e0 des jeux de hasard. Que vous soyez novice ou joueur exp\u00e9riment\u00e9, nous sommes convaincus que nous avons quelque chose de pr\u00e9cieux pour chaque joueur, quel que soit son budget et ses objectifs.<\/p>\n<h2>Pourquoi nous ?<\/h2>\n<ul>\n<li><strong>Avis d&rsquo;experts :<\/strong> Notre \u00e9quipe est compos\u00e9e de joueurs exp\u00e9riment\u00e9s et d&rsquo;experts en jeux de hasard qui partagent leurs connaissances et leur exp\u00e9rience avec vous.<\/li>\n<li><strong>Critiques objectives :<\/strong> Nous fournissons des critiques objectives bas\u00e9es sur l&rsquo;analyse et l&rsquo;\u00e9valuation de chaque jeu de machines \u00e0 sous.<\/li>\n<li><strong>Instructions d\u00e9taill\u00e9es :<\/strong> Nous expliquons les r\u00e8gles, la m\u00e9canique et les fonctionnalit\u00e9s de chaque jeu pour que vous puissiez vous sentir en confiance en jouant.<\/li>\n<li><strong>Strat\u00e9gies et astuces :<\/strong> Nous partageons des strat\u00e9gies et des astuces efficaces pour vous aider \u00e0 augmenter vos chances de succ\u00e8s.<\/li>\n<\/ul>\n<h2>Rejoignez-nous<\/h2>\n<p>Nous vous invitons \u00e0 rejoindre notre communaut\u00e9 de joueurs, pour qui le jeu n&rsquo;est pas seulement un moyen de passer le temps, mais aussi une partie de la vie. Nos critiques vous aideront non seulement \u00e0 comprendre la m\u00e9canique du jeu, mais aussi \u00e0 appr\u00e9cier l&rsquo;atmosph\u00e8re passionnante du monde des machines \u00e0 sous. Restez inform\u00e9 des derni\u00e8res actualit\u00e9s, strat\u00e9gies et opportunit\u00e9s, et ensemble, cr\u00e9ons un monde passionnant de jeu et de gains.<\/p>\n","protected":false},"excerpt":{"rendered":"<p>Bienvenue sur notre site d&rsquo;analyse de machines \u00e0 sous Vegas831, o\u00f9 chaque rotation devient une marche dans le monde passionnant du divertissement de jeu. Nous avons cr\u00e9\u00e9 cette ressource pour vous fournir des informations compl\u00e8tes sur divers jeux de machines \u00e0 sous, vous aider \u00e0 comprendre les r\u00e8gles, les strat\u00e9gies, les th\u00e8mes, et partager les meilleurs conseils pour maximiser votre exp\u00e9rience de jeu. Ce que nous offrons Le site Vegas831 vise \u00e0 devenir votre partenaire&hellip; <\/p>\n","protected":false},"author":1,"featured_media":0,"parent":0,"menu_order":0,"comment_status":"closed","ping_status":"closed","template":"","meta":{"footnotes":""},"class_list":["post-15","page","type-page","status-publish","hentry"],"yoast_head":"<!-- This site is optimized with the Yoast SEO plugin v27.2 - https:\/\/yoast.com\/product\/yoast-seo-wordpress\/ -->\n<title>\u0423\u0435\u0431\u0441\u0430\u0439\u0442 Vegas831.com<\/title>\n<meta name=\"description\" content=\"Tout sur le site Web Vegas831.com - informations sur les machines \u00e0 sous et autres jeux en ligne dans les casinos en ligne\" \/>\n<meta name=\"robots\" content=\"index, follow, max-snippet:-1, max-image-preview:large, max-video-preview:-1\" \/>\n<link rel=\"canonical\" href=\"https:\/\/vegas831.com\/fr\/about-us\/\" \/>\n<meta property=\"og:locale\" content=\"fr_FR\" \/>\n<meta property=\"og:locale:alternate\" content=\"ru_RU\" \/>\n<meta property=\"og:locale:alternate\" content=\"en_US\" \/>\n<meta property=\"og:locale:alternate\" content=\"pt_PT\" \/>\n<meta property=\"og:locale:alternate\" content=\"es_ES\" \/>\n<meta property=\"og:locale:alternate\" content=\"de_DE\" \/>\n<meta property=\"og:locale:alternate\" content=\"ro_RO\" \/>\n<meta property=\"og:locale:alternate\" content=\"sr_RS\" \/>\n<meta property=\"og:locale:alternate\" content=\"bg_BG\" \/>\n<meta property=\"og:type\" content=\"article\" \/>\n<meta property=\"og:title\" content=\"\u0423\u0435\u0431\u0441\u0430\u0439\u0442 Vegas831.com\" \/>\n<meta property=\"og:description\" content=\"\u0412\u0441\u0438\u0447\u043a\u043e \u0437\u0430 \u0443\u0435\u0431\u0441\u0430\u0439\u0442\u0430 Vegas831.com - \u0438\u043d\u0444\u043e\u0440\u043c\u0430\u0446\u0438\u044f \u0437\u0430 \u0441\u043b\u043e\u0442\u043e\u0432\u0435 \u0438 \u0434\u0440\u0443\u0433\u0438 \u043e\u043d\u043b\u0430\u0439\u043d \u0438\u0433\u0440\u0438 \u0432 \u043e\u043d\u043b\u0430\u0439\u043d \u043a\u0430\u0437\u0438\u043d\u0430.\" \/>\n<meta property=\"og:url\" content=\"https:\/\/vegas831.com\/fr\/about-us\/\" \/>\n<meta property=\"og:site_name\" content=\"Vegas\" \/>\n<meta property=\"article:modified_time\" content=\"2023-11-17T22:05:03+00:00\" \/>\n<meta name=\"twitter:card\" content=\"summary_large_image\" \/>\n<meta name=\"twitter:label1\" content=\"Dur\u00e9e de lecture estim\u00e9e\" \/>\n\t<meta name=\"twitter:data1\" content=\"12 minutes\" \/>\n<script type=\"application\/ld+json\" class=\"yoast-schema-graph\">{\"@context\":\"https:\/\/schema.org\",\"@graph\":[{\"@type\":\"WebPage\",\"@id\":\"https:\/\/vegas831.com\/bg\/about-us\/\",\"url\":\"https:\/\/vegas831.com\/bg\/about-us\/\",\"name\":\"\u0423\u0435\u0431\u0441\u0430\u0439\u0442 Vegas831.com\",\"isPartOf\":{\"@id\":\"https:\/\/vegas831.com\/#website\"},\"datePublished\":\"2023-08-23T02:31:49+00:00\",\"dateModified\":\"2023-11-17T22:05:03+00:00\",\"description\":\"\u0412\u0441\u0438\u0447\u043a\u043e \u0437\u0430 \u0443\u0435\u0431\u0441\u0430\u0439\u0442\u0430 Vegas831.com - \u0438\u043d\u0444\u043e\u0440\u043c\u0430\u0446\u0438\u044f \u0437\u0430 \u0441\u043b\u043e\u0442\u043e\u0432\u0435 \u0438 \u0434\u0440\u0443\u0433\u0438 \u043e\u043d\u043b\u0430\u0439\u043d \u0438\u0433\u0440\u0438 \u0432 \u043e\u043d\u043b\u0430\u0439\u043d \u043a\u0430\u0437\u0438\u043d\u0430.\",\"breadcrumb\":{\"@id\":\"https:\/\/vegas831.com\/bg\/about-us\/#breadcrumb\"},\"inLanguage\":\"fr-FR\",\"potentialAction\":[{\"@type\":\"ReadAction\",\"target\":[\"https:\/\/vegas831.com\/bg\/about-us\/\"]}]},{\"@type\":\"BreadcrumbList\",\"@id\":\"https:\/\/vegas831.com\/bg\/about-us\/#breadcrumb\",\"itemListElement\":[{\"@type\":\"ListItem\",\"position\":1,\"name\":\"Home\",\"item\":\"https:\/\/vegas831.com\/\"},{\"@type\":\"ListItem\",\"position\":2,\"name\":\"\u041e\u0442\u043d\u043e\u0441\u043d\u043e \u043d\u0430\u0441: \u0421\u0432\u044f\u0442 \u043d\u0430 \u0445\u0430\u0437\u0430\u0440\u0442\u0430 \u0437\u0430 \u0432\u0430\u0448\u0435 \u0437\u0430\u0431\u0430\u0432\u043b\u0435\u043d\u0438\u0435\"}]},{\"@type\":\"WebSite\",\"@id\":\"https:\/\/vegas831.com\/#website\",\"url\":\"https:\/\/vegas831.com\/\",\"name\":\"Vegas\",\"description\":\"\u041e\u0431\u0437\u043e\u0440 \u043b\u0443\u0447\u0448\u0438\u0445 \u0441\u043b\u043e\u0442\u043e\u0432 \u0432 \u043e\u043d\u043b\u0430\u0439\u043d \u043a\u0430\u0437\u0438\u043d\u043e\",\"publisher\":{\"@id\":\"https:\/\/vegas831.com\/#organization\"},\"potentialAction\":[{\"@type\":\"SearchAction\",\"target\":{\"@type\":\"EntryPoint\",\"urlTemplate\":\"https:\/\/vegas831.com\/?s={search_term_string}\"},\"query-input\":{\"@type\":\"PropertyValueSpecification\",\"valueRequired\":true,\"valueName\":\"search_term_string\"}}],\"inLanguage\":\"fr-FR\"},{\"@type\":\"Organization\",\"@id\":\"https:\/\/vegas831.com\/#organization\",\"name\":\"Vegas\",\"url\":\"https:\/\/vegas831.com\/\",\"logo\":{\"@type\":\"ImageObject\",\"inLanguage\":\"fr-FR\",\"@id\":\"https:\/\/vegas831.com\/#\/schema\/logo\/image\/\",\"url\":\"https:\/\/vegas831.com\/wp-content\/uploads\/vegas-logo.png\",\"contentUrl\":\"https:\/\/vegas831.com\/wp-content\/uploads\/vegas-logo.png\",\"width\":300,\"height\":155,\"caption\":\"Vegas\"},\"image\":{\"@id\":\"https:\/\/vegas831.com\/#\/schema\/logo\/image\/\"}}]}<\/script>\n<!-- \/ Yoast SEO plugin. -->","yoast_head_json":{"title":"\u0423\u0435\u0431\u0441\u0430\u0439\u0442 Vegas831.com","description":"Tout sur le site Web Vegas831.com - informations sur les machines \u00e0 sous et autres jeux en ligne dans les casinos en ligne","robots":{"index":"index","follow":"follow","max-snippet":"max-snippet:-1","max-image-preview":"max-image-preview:large","max-video-preview":"max-video-preview:-1"},"canonical":"https:\/\/vegas831.com\/fr\/about-us\/","og_locale":"fr_FR","og_type":"article","og_title":"\u0423\u0435\u0431\u0441\u0430\u0439\u0442 Vegas831.com","og_description":"\u0412\u0441\u0438\u0447\u043a\u043e \u0437\u0430 \u0443\u0435\u0431\u0441\u0430\u0439\u0442\u0430 Vegas831.com - \u0438\u043d\u0444\u043e\u0440\u043c\u0430\u0446\u0438\u044f \u0437\u0430 \u0441\u043b\u043e\u0442\u043e\u0432\u0435 \u0438 \u0434\u0440\u0443\u0433\u0438 \u043e\u043d\u043b\u0430\u0439\u043d \u0438\u0433\u0440\u0438 \u0432 \u043e\u043d\u043b\u0430\u0439\u043d \u043a\u0430\u0437\u0438\u043d\u0430.","og_url":"https:\/\/vegas831.com\/fr\/about-us\/","og_site_name":"Vegas","article_modified_time":"2023-11-17T22:05:03+00:00","twitter_card":"summary_large_image","twitter_misc":{"Dur\u00e9e de lecture estim\u00e9e":"12 minutes"},"schema":{"@context":"https:\/\/schema.org","@graph":[{"@type":"WebPage","@id":"https:\/\/vegas831.com\/bg\/about-us\/","url":"https:\/\/vegas831.com\/bg\/about-us\/","name":"\u0423\u0435\u0431\u0441\u0430\u0439\u0442 Vegas831.com","isPartOf":{"@id":"https:\/\/vegas831.com\/#website"},"datePublished":"2023-08-23T02:31:49+00:00","dateModified":"2023-11-17T22:05:03+00:00","description":"\u0412\u0441\u0438\u0447\u043a\u043e \u0437\u0430 \u0443\u0435\u0431\u0441\u0430\u0439\u0442\u0430 Vegas831.com - \u0438\u043d\u0444\u043e\u0440\u043c\u0430\u0446\u0438\u044f \u0437\u0430 \u0441\u043b\u043e\u0442\u043e\u0432\u0435 \u0438 \u0434\u0440\u0443\u0433\u0438 \u043e\u043d\u043b\u0430\u0439\u043d \u0438\u0433\u0440\u0438 \u0432 \u043e\u043d\u043b\u0430\u0439\u043d \u043a\u0430\u0437\u0438\u043d\u0430.","breadcrumb":{"@id":"https:\/\/vegas831.com\/bg\/about-us\/#breadcrumb"},"inLanguage":"fr-FR","potentialAction":[{"@type":"ReadAction","target":["https:\/\/vegas831.com\/bg\/about-us\/"]}]},{"@type":"BreadcrumbList","@id":"https:\/\/vegas831.com\/bg\/about-us\/#breadcrumb","itemListElement":[{"@type":"ListItem","position":1,"name":"Home","item":"https:\/\/vegas831.com\/"},{"@type":"ListItem","position":2,"name":"\u041e\u0442\u043d\u043e\u0441\u043d\u043e \u043d\u0430\u0441: \u0421\u0432\u044f\u0442 \u043d\u0430 \u0445\u0430\u0437\u0430\u0440\u0442\u0430 \u0437\u0430 \u0432\u0430\u0448\u0435 \u0437\u0430\u0431\u0430\u0432\u043b\u0435\u043d\u0438\u0435"}]},{"@type":"WebSite","@id":"https:\/\/vegas831.com\/#website","url":"https:\/\/vegas831.com\/","name":"Vegas","description":"\u041e\u0431\u0437\u043e\u0440 \u043b\u0443\u0447\u0448\u0438\u0445 \u0441\u043b\u043e\u0442\u043e\u0432 \u0432 \u043e\u043d\u043b\u0430\u0439\u043d \u043a\u0430\u0437\u0438\u043d\u043e","publisher":{"@id":"https:\/\/vegas831.com\/#organization"},"potentialAction":[{"@type":"SearchAction","target":{"@type":"EntryPoint","urlTemplate":"https:\/\/vegas831.com\/?s={search_term_string}"},"query-input":{"@type":"PropertyValueSpecification","valueRequired":true,"valueName":"search_term_string"}}],"inLanguage":"fr-FR"},{"@type":"Organization","@id":"https:\/\/vegas831.com\/#organization","name":"Vegas","url":"https:\/\/vegas831.com\/","logo":{"@type":"ImageObject","inLanguage":"fr-FR","@id":"https:\/\/vegas831.com\/#\/schema\/logo\/image\/","url":"https:\/\/vegas831.com\/wp-content\/uploads\/vegas-logo.png","contentUrl":"https:\/\/vegas831.com\/wp-content\/uploads\/vegas-logo.png","width":300,"height":155,"caption":"Vegas"},"image":{"@id":"https:\/\/vegas831.com\/#\/schema\/logo\/image\/"}}]}},"_links":{"self":[{"href":"https:\/\/vegas831.com\/fr\/wp-json\/wp\/v2\/pages\/15","targetHints":{"allow":["GET"]}}],"collection":[{"href":"https:\/\/vegas831.com\/fr\/wp-json\/wp\/v2\/pages"}],"about":[{"href":"https:\/\/vegas831.com\/fr\/wp-json\/wp\/v2\/types\/page"}],"author":[{"embeddable":true,"href":"https:\/\/vegas831.com\/fr\/wp-json\/wp\/v2\/users\/1"}],"replies":[{"embeddable":true,"href":"https:\/\/vegas831.com\/fr\/wp-json\/wp\/v2\/comments?post=15"}],"version-history":[{"count":17,"href":"https:\/\/vegas831.com\/fr\/wp-json\/wp\/v2\/pages\/15\/revisions"}],"predecessor-version":[{"id":218,"href":"https:\/\/vegas831.com\/fr\/wp-json\/wp\/v2\/pages\/15\/revisions\/218"}],"wp:attachment":[{"href":"https:\/\/vegas831.com\/fr\/wp-json\/wp\/v2\/media?parent=15"}],"curies":[{"name":"wp","href":"https:\/\/api.w.org\/{rel}","templated":true}]}}