{"id":8,"date":"2023-08-23T02:11:53","date_gmt":"2023-08-23T02:11:53","guid":{"rendered":"https:\/\/vegas831.com\/?page_id=8"},"modified":"2024-04-24T09:44:25","modified_gmt":"2024-04-24T09:44:25","slug":"home","status":"publish","type":"page","link":"https:\/\/vegas831.com\/es\/","title":{"rendered":"El sitio web Vegas831 &#8211; Rese\u00f1as de juegos de tragamonedas"},"content":{"rendered":"<p>Bienvenidos al centro de an\u00e1lisis de tragamonedas de juego m\u00e1s completo: Vegas831, ofreciendo un an\u00e1lisis profundo y completo del emocionante mundo de las <a href=\"https:\/\/play1win.com\/\">tragamonedas en l\u00ednea<\/a>. Nuestra meta es proporcionarte la informaci\u00f3n m\u00e1s actualizada para que disfrutes de emocionantes sesiones de juego mientras te sientas frente a tu monitor y disfrutas de las \u00faltimas creaciones de los mejores estudios de juegos en <a href=\"https:\/\/1-win.in\/spanish\/1win-online-casino\">casinos en l\u00ednea<\/a>.<\/p>\n<h2><strong>Vegas831.com: un para\u00edso de juegos para entusiastas de las tragamonedas<\/strong><\/h2>\n<p><strong>Lo que ofrecemos y lo que encontrar\u00e1s en nuestro sitio:<\/strong><\/p>\n<h3><strong>Rese\u00f1as de Tragamonedas en Casinos en L\u00ednea<\/strong><\/h3>\n<p>Nuestros revisores profesionales desmenuzan meticulosamente cada detalle de los juegos de tragamonedas de los principales desarrolladores globales que se pueden encontrar en cualquier casino en l\u00ednea. Identificamos mec\u00e1nicas \u00fanicas, escudri\u00f1amos animaciones y gr\u00e1ficos, analizamos las probabilidades de ganar y las caracter\u00edsticas de bonificaci\u00f3n. No se escapa ning\u00fan detalle a nuestros expertos. \u00bfQu\u00e9 hace \u00fanicas a nuestras rese\u00f1as de tragamonedas en l\u00ednea? En nuestras rese\u00f1as de m\u00e1quinas tragamonedas, encontrar\u00e1s toda la informaci\u00f3n que necesitas para elegir juegos de tragamonedas que se adapten a tus preferencias basadas en el gusto, el presupuesto y m\u00e1s. Como sabes, cada jugador tiene docenas de criterios para elegir tragamonedas.<\/p>\n<h3><strong>Las Mejores Tragamonedas y Recomendaciones<\/strong><\/h3>\n<p>La industria del juego est\u00e1 en constante evoluci\u00f3n, con nuevos juegos de tragamonedas que se lanzan cada semana. Entendemos la importancia de mantenerse al d\u00eda con las \u00faltimas tendencias. Nuestras calificaciones y recomendaciones te ayudar\u00e1n a descubrir los juegos de dinero real m\u00e1s populares y emocionantes. Tambi\u00e9n puedes tener en cuenta nuestras recomendaciones seg\u00fan tus intereses para encontrar la mejor opci\u00f3n para ti.<\/p>\n<h3><strong>Estrategias para Ganar en las Tragamonedas<\/strong><\/h3>\n<p>En el mundo de las tragamonedas de casino en l\u00ednea, no todo depende de la suerte. Las estrategias efectivas pueden aumentar tus posibilidades de ganar. Nadie puede garantizar una victoria, pero aumentar tus posibilidades de \u00e9xito ya es un buen paso. Compartimos estrategias probadas para ayudarte a gestionar tu bankroll, elegir apuestas \u00f3ptimas y aplicar diferentes enfoques a diferentes tipos de tragamonedas. Nuestro consejo puede ser tu compa\u00f1ero confiable en el mundo del entretenimiento de juegos de azar.<\/p>\n<h3><strong>Bonos y Promociones para Jugar a las Tragamonedas<\/strong><\/h3>\n<p>Para a\u00f1adir diversi\u00f3n adicional al proceso de juego, estamos atentos a las ofertas de bonos y promociones actuales de los casinos en l\u00ednea populares. Tiradas gratis, dinero de bonificaci\u00f3n y otros regalos no solo pueden aumentar tus posibilidades de ganar, sino tambi\u00e9n hacer el juego a\u00fan m\u00e1s interesante.<\/p>\n<h3><strong>Comunidad de Jugadores<\/strong><\/h3>\n<p>Las tragamonedas no son solo juegos; tambi\u00e9n se trata de socializar. \u00danete a nuestra comunidad de jugadores para compartir tus experiencias, intercambiar estrategias y hacer nuevos amigos. Nuestro entorno amigable y de apoyo te ayudar\u00e1 a sentirte parte de una gran familia de jugadores.<\/p>\n<h2><strong>Juego Responsable<\/strong><\/h2>\n<p>Defendemos el juego responsable. Disfrutar del juego debe ser agradable y seguro. Siempre te animamos a jugar de manera sensata y tener en cuenta las limitaciones. Si encuentras problemas, nuestros recursos pueden ayudarte a encontrar apoyo.<\/p>\n<p>\u00a1No pierdas la oportunidad de sumergirte en el emocionante mundo de las tragamonedas con Vegas831! Independientemente de tu experiencia y preferencias, tenemos todo lo necesario para que tu experiencia de juego de tragamonedas sea realmente inolvidable. \u00a1Bienvenido a un emocionante viaje al mundo de los juegos de azar!<\/p>\n<p><em>Recuerda, el juego puede ser adictivo. Juega de manera responsable y cuida de tu bienestar.<\/em><\/p>\n","protected":false},"excerpt":{"rendered":"<p>Bienvenidos al centro de an\u00e1lisis de tragamonedas de juego m\u00e1s completo: Vegas831, ofreciendo un an\u00e1lisis profundo y completo del emocionante mundo de las tragamonedas en l\u00ednea. Nuestra meta es proporcionarte la informaci\u00f3n m\u00e1s actualizada para que disfrutes de emocionantes sesiones de juego mientras te sientas frente a tu monitor y disfrutas de las \u00faltimas creaciones de los mejores estudios de juegos en casinos en l\u00ednea. Vegas831.com: un para\u00edso de juegos para entusiastas de las tragamonedas&hellip; <\/p>\n","protected":false},"author":1,"featured_media":0,"parent":0,"menu_order":0,"comment_status":"closed","ping_status":"closed","template":"","meta":{"footnotes":""},"class_list":["post-8","page","type-page","status-publish","hentry"],"yoast_head":"<!-- This site is optimized with the Yoast SEO plugin v27.2 - https:\/\/yoast.com\/product\/yoast-seo-wordpress\/ -->\n<title>\u041e\u0431\u0437\u043e\u0440 \u043e\u043d\u043b\u0430\u0439\u043d \u0441\u043b\u043e\u0442\u043e\u0432 Vegas831.com<\/title>\n<meta name=\"description\" content=\"Una visi\u00f3n general de las tragamonedas en l\u00ednea en Vegas831: toda la informaci\u00f3n sobre m\u00e1quinas tragamonedas de dinero real en casinos en l\u00ednea. Las mejores tragamonedas en l\u00ednea en Internet. \u00a1Juega y gana!\" \/>\n<meta name=\"robots\" content=\"index, follow, max-snippet:-1, max-image-preview:large, max-video-preview:-1\" \/>\n<link rel=\"canonical\" href=\"https:\/\/vegas831.com\/es\/\" \/>\n<meta property=\"og:locale\" content=\"es_ES\" \/>\n<meta property=\"og:locale:alternate\" content=\"ru_RU\" \/>\n<meta property=\"og:locale:alternate\" content=\"en_US\" \/>\n<meta property=\"og:locale:alternate\" content=\"pt_PT\" \/>\n<meta property=\"og:locale:alternate\" content=\"fr_FR\" \/>\n<meta property=\"og:locale:alternate\" content=\"de_DE\" \/>\n<meta property=\"og:locale:alternate\" content=\"ro_RO\" \/>\n<meta property=\"og:locale:alternate\" content=\"sr_RS\" \/>\n<meta property=\"og:locale:alternate\" content=\"bg_BG\" \/>\n<meta property=\"og:type\" content=\"article\" \/>\n<meta property=\"og:title\" content=\"\u041e\u0431\u0437\u043e\u0440 \u043e\u043d\u043b\u0430\u0439\u043d \u0441\u043b\u043e\u0442\u043e\u0432 Vegas831.com\" \/>\n<meta property=\"og:description\" content=\"\u041e\u0431\u0437\u043e\u0440\u043d\u0438\u043a \u043e\u043d\u043b\u0430\u0439\u043d \u0441\u043b\u043e\u0442\u043e\u0432 \u0412\u0435\u0433\u0430\u0441831 - \u0432\u0441\u044f \u0438\u043d\u0444\u043e\u0440\u043c\u0430\u0446\u0438\u044f \u043e\u0431 \u0438\u0433\u0440\u043e\u0432\u044b\u0445 \u0430\u0432\u0442\u043e\u043c\u0430\u0442\u0430\u0445 \u043d\u0430 \u0440\u0435\u0430\u043b\u044c\u043d\u044b\u0435 \u0434\u0435\u043d\u044c\u0433\u0438 \u0432 \u043e\u043d\u043b\u0430\u0439\u043d \u043a\u0430\u0437\u0438\u043d\u043e. \u041b\u0443\u0447\u0448\u0438\u0435 \u043e\u043d\u043b\u0430\u0439\u043d \u0441\u043b\u043e\u0442\u044b \u0432 \u0418\u043d\u0442\u0435\u0440\u043d\u0435\u0442\u0435. \u0418\u0433\u0440\u0430\u0442\u044c \u0438 \u0432\u044b\u0438\u0433\u0440\u044b\u0432\u0430\u0442\u044c\" \/>\n<meta property=\"og:url\" content=\"https:\/\/vegas831.com\/es\/\" \/>\n<meta property=\"og:site_name\" content=\"Vegas\" \/>\n<meta property=\"article:modified_time\" content=\"2024-04-24T09:44:25+00:00\" \/>\n<meta name=\"twitter:card\" content=\"summary_large_image\" \/>\n<meta name=\"twitter:label1\" content=\"Tiempo de lectura\" \/>\n\t<meta name=\"twitter:data1\" content=\"18 minutos\" \/>\n<script type=\"application\/ld+json\" class=\"yoast-schema-graph\">{\"@context\":\"https:\/\/schema.org\",\"@graph\":[{\"@type\":\"WebPage\",\"@id\":\"https:\/\/vegas831.com\/\",\"url\":\"https:\/\/vegas831.com\/\",\"name\":\"\u041e\u0431\u0437\u043e\u0440 \u043e\u043d\u043b\u0430\u0439\u043d \u0441\u043b\u043e\u0442\u043e\u0432 Vegas831.com\",\"isPartOf\":{\"@id\":\"https:\/\/vegas831.com\/#website\"},\"datePublished\":\"2023-08-23T02:11:53+00:00\",\"dateModified\":\"2024-04-24T09:44:25+00:00\",\"description\":\"\u041e\u0431\u0437\u043e\u0440\u043d\u0438\u043a \u043e\u043d\u043b\u0430\u0439\u043d \u0441\u043b\u043e\u0442\u043e\u0432 \u0412\u0435\u0433\u0430\u0441831 - \u0432\u0441\u044f \u0438\u043d\u0444\u043e\u0440\u043c\u0430\u0446\u0438\u044f \u043e\u0431 \u0438\u0433\u0440\u043e\u0432\u044b\u0445 \u0430\u0432\u0442\u043e\u043c\u0430\u0442\u0430\u0445 \u043d\u0430 \u0440\u0435\u0430\u043b\u044c\u043d\u044b\u0435 \u0434\u0435\u043d\u044c\u0433\u0438 \u0432 \u043e\u043d\u043b\u0430\u0439\u043d \u043a\u0430\u0437\u0438\u043d\u043e. \u041b\u0443\u0447\u0448\u0438\u0435 \u043e\u043d\u043b\u0430\u0439\u043d \u0441\u043b\u043e\u0442\u044b \u0432 \u0418\u043d\u0442\u0435\u0440\u043d\u0435\u0442\u0435. \u0418\u0433\u0440\u0430\u0442\u044c \u0438 \u0432\u044b\u0438\u0433\u0440\u044b\u0432\u0430\u0442\u044c\",\"breadcrumb\":{\"@id\":\"https:\/\/vegas831.com\/#breadcrumb\"},\"inLanguage\":\"es-ES\",\"potentialAction\":[{\"@type\":\"ReadAction\",\"target\":[\"https:\/\/vegas831.com\/\"]}]},{\"@type\":\"BreadcrumbList\",\"@id\":\"https:\/\/vegas831.com\/#breadcrumb\",\"itemListElement\":[{\"@type\":\"ListItem\",\"position\":1,\"name\":\"Home\",\"item\":\"https:\/\/vegas831.com\/\"},{\"@type\":\"ListItem\",\"position\":2,\"name\":\"\u0421\u0430\u0439\u0442 Vegas831 &#8212; \u043e\u0431\u0437\u043e\u0440\u044b \u0441\u043b\u043e\u0442-\u0438\u0433\u0440!\"}]},{\"@type\":\"WebSite\",\"@id\":\"https:\/\/vegas831.com\/#website\",\"url\":\"https:\/\/vegas831.com\/\",\"name\":\"Vegas\",\"description\":\"\u041e\u0431\u0437\u043e\u0440 \u043b\u0443\u0447\u0448\u0438\u0445 \u0441\u043b\u043e\u0442\u043e\u0432 \u0432 \u043e\u043d\u043b\u0430\u0439\u043d \u043a\u0430\u0437\u0438\u043d\u043e\",\"publisher\":{\"@id\":\"https:\/\/vegas831.com\/#organization\"},\"potentialAction\":[{\"@type\":\"SearchAction\",\"target\":{\"@type\":\"EntryPoint\",\"urlTemplate\":\"https:\/\/vegas831.com\/?s={search_term_string}\"},\"query-input\":{\"@type\":\"PropertyValueSpecification\",\"valueRequired\":true,\"valueName\":\"search_term_string\"}}],\"inLanguage\":\"es-ES\"},{\"@type\":\"Organization\",\"@id\":\"https:\/\/vegas831.com\/#organization\",\"name\":\"Vegas\",\"url\":\"https:\/\/vegas831.com\/\",\"logo\":{\"@type\":\"ImageObject\",\"inLanguage\":\"es-ES\",\"@id\":\"https:\/\/vegas831.com\/#\/schema\/logo\/image\/\",\"url\":\"https:\/\/vegas831.com\/wp-content\/uploads\/vegas-logo.png\",\"contentUrl\":\"https:\/\/vegas831.com\/wp-content\/uploads\/vegas-logo.png\",\"width\":300,\"height\":155,\"caption\":\"Vegas\"},\"image\":{\"@id\":\"https:\/\/vegas831.com\/#\/schema\/logo\/image\/\"}}]}<\/script>\n<!-- \/ Yoast SEO plugin. -->","yoast_head_json":{"title":"\u041e\u0431\u0437\u043e\u0440 \u043e\u043d\u043b\u0430\u0439\u043d \u0441\u043b\u043e\u0442\u043e\u0432 Vegas831.com","description":"Una visi\u00f3n general de las tragamonedas en l\u00ednea en Vegas831: toda la informaci\u00f3n sobre m\u00e1quinas tragamonedas de dinero real en casinos en l\u00ednea. Las mejores tragamonedas en l\u00ednea en Internet. \u00a1Juega y gana!","robots":{"index":"index","follow":"follow","max-snippet":"max-snippet:-1","max-image-preview":"max-image-preview:large","max-video-preview":"max-video-preview:-1"},"canonical":"https:\/\/vegas831.com\/es\/","og_locale":"es_ES","og_type":"article","og_title":"\u041e\u0431\u0437\u043e\u0440 \u043e\u043d\u043b\u0430\u0439\u043d \u0441\u043b\u043e\u0442\u043e\u0432 Vegas831.com","og_description":"\u041e\u0431\u0437\u043e\u0440\u043d\u0438\u043a \u043e\u043d\u043b\u0430\u0439\u043d \u0441\u043b\u043e\u0442\u043e\u0432 \u0412\u0435\u0433\u0430\u0441831 - \u0432\u0441\u044f \u0438\u043d\u0444\u043e\u0440\u043c\u0430\u0446\u0438\u044f \u043e\u0431 \u0438\u0433\u0440\u043e\u0432\u044b\u0445 \u0430\u0432\u0442\u043e\u043c\u0430\u0442\u0430\u0445 \u043d\u0430 \u0440\u0435\u0430\u043b\u044c\u043d\u044b\u0435 \u0434\u0435\u043d\u044c\u0433\u0438 \u0432 \u043e\u043d\u043b\u0430\u0439\u043d \u043a\u0430\u0437\u0438\u043d\u043e. \u041b\u0443\u0447\u0448\u0438\u0435 \u043e\u043d\u043b\u0430\u0439\u043d \u0441\u043b\u043e\u0442\u044b \u0432 \u0418\u043d\u0442\u0435\u0440\u043d\u0435\u0442\u0435. \u0418\u0433\u0440\u0430\u0442\u044c \u0438 \u0432\u044b\u0438\u0433\u0440\u044b\u0432\u0430\u0442\u044c","og_url":"https:\/\/vegas831.com\/es\/","og_site_name":"Vegas","article_modified_time":"2024-04-24T09:44:25+00:00","twitter_card":"summary_large_image","twitter_misc":{"Tiempo de lectura":"18 minutos"},"schema":{"@context":"https:\/\/schema.org","@graph":[{"@type":"WebPage","@id":"https:\/\/vegas831.com\/","url":"https:\/\/vegas831.com\/","name":"\u041e\u0431\u0437\u043e\u0440 \u043e\u043d\u043b\u0430\u0439\u043d \u0441\u043b\u043e\u0442\u043e\u0432 Vegas831.com","isPartOf":{"@id":"https:\/\/vegas831.com\/#website"},"datePublished":"2023-08-23T02:11:53+00:00","dateModified":"2024-04-24T09:44:25+00:00","description":"\u041e\u0431\u0437\u043e\u0440\u043d\u0438\u043a \u043e\u043d\u043b\u0430\u0439\u043d \u0441\u043b\u043e\u0442\u043e\u0432 \u0412\u0435\u0433\u0430\u0441831 - \u0432\u0441\u044f \u0438\u043d\u0444\u043e\u0440\u043c\u0430\u0446\u0438\u044f \u043e\u0431 \u0438\u0433\u0440\u043e\u0432\u044b\u0445 \u0430\u0432\u0442\u043e\u043c\u0430\u0442\u0430\u0445 \u043d\u0430 \u0440\u0435\u0430\u043b\u044c\u043d\u044b\u0435 \u0434\u0435\u043d\u044c\u0433\u0438 \u0432 \u043e\u043d\u043b\u0430\u0439\u043d \u043a\u0430\u0437\u0438\u043d\u043e. \u041b\u0443\u0447\u0448\u0438\u0435 \u043e\u043d\u043b\u0430\u0439\u043d \u0441\u043b\u043e\u0442\u044b \u0432 \u0418\u043d\u0442\u0435\u0440\u043d\u0435\u0442\u0435. \u0418\u0433\u0440\u0430\u0442\u044c \u0438 \u0432\u044b\u0438\u0433\u0440\u044b\u0432\u0430\u0442\u044c","breadcrumb":{"@id":"https:\/\/vegas831.com\/#breadcrumb"},"inLanguage":"es-ES","potentialAction":[{"@type":"ReadAction","target":["https:\/\/vegas831.com\/"]}]},{"@type":"BreadcrumbList","@id":"https:\/\/vegas831.com\/#breadcrumb","itemListElement":[{"@type":"ListItem","position":1,"name":"Home","item":"https:\/\/vegas831.com\/"},{"@type":"ListItem","position":2,"name":"\u0421\u0430\u0439\u0442 Vegas831 &#8212; \u043e\u0431\u0437\u043e\u0440\u044b \u0441\u043b\u043e\u0442-\u0438\u0433\u0440!"}]},{"@type":"WebSite","@id":"https:\/\/vegas831.com\/#website","url":"https:\/\/vegas831.com\/","name":"Vegas","description":"\u041e\u0431\u0437\u043e\u0440 \u043b\u0443\u0447\u0448\u0438\u0445 \u0441\u043b\u043e\u0442\u043e\u0432 \u0432 \u043e\u043d\u043b\u0430\u0439\u043d \u043a\u0430\u0437\u0438\u043d\u043e","publisher":{"@id":"https:\/\/vegas831.com\/#organization"},"potentialAction":[{"@type":"SearchAction","target":{"@type":"EntryPoint","urlTemplate":"https:\/\/vegas831.com\/?s={search_term_string}"},"query-input":{"@type":"PropertyValueSpecification","valueRequired":true,"valueName":"search_term_string"}}],"inLanguage":"es-ES"},{"@type":"Organization","@id":"https:\/\/vegas831.com\/#organization","name":"Vegas","url":"https:\/\/vegas831.com\/","logo":{"@type":"ImageObject","inLanguage":"es-ES","@id":"https:\/\/vegas831.com\/#\/schema\/logo\/image\/","url":"https:\/\/vegas831.com\/wp-content\/uploads\/vegas-logo.png","contentUrl":"https:\/\/vegas831.com\/wp-content\/uploads\/vegas-logo.png","width":300,"height":155,"caption":"Vegas"},"image":{"@id":"https:\/\/vegas831.com\/#\/schema\/logo\/image\/"}}]}},"_links":{"self":[{"href":"https:\/\/vegas831.com\/es\/wp-json\/wp\/v2\/pages\/8","targetHints":{"allow":["GET"]}}],"collection":[{"href":"https:\/\/vegas831.com\/es\/wp-json\/wp\/v2\/pages"}],"about":[{"href":"https:\/\/vegas831.com\/es\/wp-json\/wp\/v2\/types\/page"}],"author":[{"embeddable":true,"href":"https:\/\/vegas831.com\/es\/wp-json\/wp\/v2\/users\/1"}],"replies":[{"embeddable":true,"href":"https:\/\/vegas831.com\/es\/wp-json\/wp\/v2\/comments?post=8"}],"version-history":[{"count":28,"href":"https:\/\/vegas831.com\/es\/wp-json\/wp\/v2\/pages\/8\/revisions"}],"predecessor-version":[{"id":276,"href":"https:\/\/vegas831.com\/es\/wp-json\/wp\/v2\/pages\/8\/revisions\/276"}],"wp:attachment":[{"href":"https:\/\/vegas831.com\/es\/wp-json\/wp\/v2\/media?parent=8"}],"curies":[{"name":"wp","href":"https:\/\/api.w.org\/{rel}","templated":true}]}}