{"id":17,"date":"2023-08-23T03:06:52","date_gmt":"2023-08-23T03:06:52","guid":{"rendered":"https:\/\/vegas831.com\/?page_id=17"},"modified":"2023-11-17T21:42:12","modified_gmt":"2023-11-17T21:42:12","slug":"online-slots","status":"publish","type":"page","link":"https:\/\/vegas831.com\/es\/online-slots\/","title":{"rendered":"Tipos de Tragamonedas en Casinos en L\u00ednea"},"content":{"rendered":"<p>En el mundo del entretenimiento de apuestas, el sitio web de Vegas831 se encuentra a la vanguardia de una variedad interminable de categor\u00edas de m\u00e1quinas tragamonedas para satisfacer los gustos de los jugadores m\u00e1s exigentes. Independientemente de sus preferencias, ya sea que sea fan\u00e1tico de las tragamonedas cl\u00e1sicas, amante de mundos fant\u00e1sticos o un viajero en el tiempo, tenemos algo especial para todos. Exploremos algunas de nuestras vibrantes categor\u00edas de tragamonedas:<\/p>\n<h2><a href=\"\/category\/classic-slots\/\"><strong>Emocionantes Tragamonedas Cl\u00e1sicas<\/strong><\/a><\/h2>\n<p>Levante el tel\u00f3n de la historia del entretenimiento de apuestas probando suerte en las tragamonedas cl\u00e1sicas. Estas m\u00e1quinas recrean la atm\u00f3sfera de las primeras tragamonedas mec\u00e1nicas y evocan sentimientos nost\u00e1lgicos. Tres carretes, s\u00edmbolos de BAR y sietes de la suerte; todo esto lo espera en una categor\u00eda donde la simplicidad se combina con el disfrute.<\/p>\n<h2><a href=\"\/category\/video-slots\/\"><strong>Tragamonedas de Video: Puertas a Nuevos Mundos<\/strong><\/a><\/h2>\n<p>Las tragamonedas de video modernas son puertas completas a incre\u00edbles mundos de aventuras de juegos. En esta categor\u00eda encontrar\u00e1 impresionantes gr\u00e1ficos, animaciones din\u00e1micas e historias cautivadoras. Desde aventuras fant\u00e1sticas en planetas lejanos hasta emocionantes b\u00fasquedas de tesoros en la jungla, las tragamonedas de video son tan diversas y emocionantes como siempre.<\/p>\n<h2><a href=\"\/category\/jackpot-slots\/\"><strong>Jackpots Progresivos: Tu Oportunidad para Grandes Recompensas<\/strong><\/a><\/h2>\n<p>\u00bfSue\u00f1a con ganar a lo grande? En la categor\u00eda de jackpot progresivo, tus sue\u00f1os pueden hacerse realidad. Aqu\u00ed, el jackpot crece con cada apuesta, y podr\u00edas estar en el lugar correcto en el momento adecuado para reclamarlo por completo como tuyo. Puedes ganar millones, literalmente millones de d\u00f3lares. Las apuestas muy altas, la jugabilidad din\u00e1mica y la posibilidad de una gran victoria son lo que hacen que esta categor\u00eda sea tan emocionante.<\/p>\n<h2><a href=\"\/category\/fantastic-slots\/\"><strong>Mundos Fant\u00e1sticos: Viaje a lo Desconocido<\/strong><\/a><\/h2>\n<p>\u00bfAmas la ciencia ficci\u00f3n, los reinos m\u00e1gicos o la fantas\u00eda? Esta categor\u00eda ofrece tragamonedas que te transportan a mundos con tramas sorprendentes. Abre las puertas a reinos fant\u00e1sticos donde los dragones escupen fuego y los secretos m\u00e1gicos esperan en cada rinc\u00f3n.<\/p>\n<h2><a href=\"\/category\/adventure-slots\/\"><strong>Temas de Aventuras: Explora Nuevos Horizontes<\/strong><\/a><\/h2>\n<p>Cada viaje comienza con un solo paso, y en esta categor\u00eda, seguramente encontrar\u00e1s un lugar para tu aventura. Ya sea explorar antiguos templos, luchar contra piratas en alta mar o aventurarte en planetas distantes, cada giro se convierte en una verdadera aventura.<\/p>\n<h2><a href=\"\/category\/fruit-slots\/\"><strong>M\u00e1quinas Tragamonedas de Frutas: El Resplandor de la Tradici\u00f3n<\/strong><\/a><\/h2>\n<p>Para los amantes de la tradici\u00f3n y la simplicidad, las m\u00e1quinas tragamonedas de frutas son justo lo que necesitas. Frutas brillantes, el sonido de los carretes girando y mucha diversi\u00f3n; todo esto lo encontrar\u00e1s en esta categor\u00eda.<\/p>\n<h3><strong>\u00a1Haz Tu Elecci\u00f3n y Gana Ahora!<\/strong><\/h3>\n<p>Esto es solo una peque\u00f1a parte de lo que te espera en nuestro sitio web. Independientemente de tus intereses, nuestras categor\u00edas de tragamonedas ofrecen infinitas posibilidades de selecci\u00f3n. \u00a1\u00danete a nosotros para embarcarte en un emocionante viaje al mundo de las apuestas hoy mismo!<\/p>\n","protected":false},"excerpt":{"rendered":"<p>En el mundo del entretenimiento de apuestas, el sitio web de Vegas831 se encuentra a la vanguardia de una variedad interminable de categor\u00edas de m\u00e1quinas tragamonedas para satisfacer los gustos de los jugadores m\u00e1s exigentes. Independientemente de sus preferencias, ya sea que sea fan\u00e1tico de las tragamonedas cl\u00e1sicas, amante de mundos fant\u00e1sticos o un viajero en el tiempo, tenemos algo especial para todos. Exploremos algunas de nuestras vibrantes categor\u00edas de tragamonedas: Emocionantes Tragamonedas Cl\u00e1sicas Levante&hellip; <\/p>\n","protected":false},"author":1,"featured_media":0,"parent":0,"menu_order":0,"comment_status":"closed","ping_status":"closed","template":"","meta":{"footnotes":""},"class_list":["post-17","page","type-page","status-publish","hentry"],"yoast_head":"<!-- This site is optimized with the Yoast SEO plugin v27.2 - https:\/\/yoast.com\/product\/yoast-seo-wordpress\/ -->\n<title>\u0412\u0438\u0434\u043e\u0432\u0435 \u0441\u043b\u043e\u0442\u043e\u0432\u0435 \u0437\u0430 \u0440\u0435\u0430\u043b\u043d\u0438 \u043f\u0430\u0440\u0438 \u0432 \u043e\u043d\u043b\u0430\u0439\u043d \u043a\u0430\u0437\u0438\u043d\u0430<\/title>\n<meta name=\"description\" content=\"Tipos de m\u00e1quinas tragamonedas en casinos en l\u00ednea. C\u00f3mo elegir una m\u00e1quina tragamonedas para jugar en un casino en l\u00ednea. C\u00f3mo ganar dinero real en una m\u00e1quina tragamonedas en un casino en l\u00ednea. Jugar gratis\" \/>\n<meta name=\"robots\" content=\"index, follow, max-snippet:-1, max-image-preview:large, max-video-preview:-1\" \/>\n<link rel=\"canonical\" href=\"https:\/\/vegas831.com\/es\/online-slots\/\" \/>\n<meta property=\"og:locale\" content=\"es_ES\" \/>\n<meta property=\"og:locale:alternate\" content=\"ru_RU\" \/>\n<meta property=\"og:locale:alternate\" content=\"en_US\" \/>\n<meta property=\"og:locale:alternate\" content=\"pt_PT\" \/>\n<meta property=\"og:locale:alternate\" content=\"fr_FR\" \/>\n<meta property=\"og:locale:alternate\" content=\"de_DE\" \/>\n<meta property=\"og:locale:alternate\" content=\"ro_RO\" \/>\n<meta property=\"og:locale:alternate\" content=\"sr_RS\" \/>\n<meta property=\"og:locale:alternate\" content=\"bg_BG\" \/>\n<meta property=\"og:type\" content=\"article\" \/>\n<meta property=\"og:title\" content=\"\u0412\u0438\u0434\u043e\u0432\u0435 \u0441\u043b\u043e\u0442\u043e\u0432\u0435 \u0437\u0430 \u0440\u0435\u0430\u043b\u043d\u0438 \u043f\u0430\u0440\u0438 \u0432 \u043e\u043d\u043b\u0430\u0439\u043d \u043a\u0430\u0437\u0438\u043d\u0430\" \/>\n<meta property=\"og:description\" content=\"\u0412\u0438\u0434\u043e\u0432\u0435 \u0441\u043b\u043e\u0442 \u043c\u0430\u0448\u0438\u043d\u0438 \u0432 \u043e\u043d\u043b\u0430\u0439\u043d \u043a\u0430\u0437\u0438\u043d\u0430. \u041a\u0430\u043a \u0434\u0430 \u0438\u0437\u0431\u0435\u0440\u0435\u0442\u0435 \u0441\u043b\u043e\u0442 \u0437\u0430 \u0438\u0433\u0440\u0430 \u0432 \u043e\u043d\u043b\u0430\u0439\u043d \u043a\u0430\u0437\u0438\u043d\u043e. \u041a\u0430\u043a \u0434\u0430 \u0441\u043f\u0435\u0447\u0435\u043b\u0438\u0442\u0435 \u0440\u0435\u0430\u043b\u043d\u0438 \u043f\u0430\u0440\u0438 \u043d\u0430 \u0441\u043b\u043e\u0442 \u043c\u0430\u0448\u0438\u043d\u0430 \u0432 \u043e\u043d\u043b\u0430\u0439\u043d \u043a\u0430\u0437\u0438\u043d\u043e. \u0418\u0433\u0440\u0430\u0439\u0442\u0435 \u0431\u0435\u0437\u043f\u043b\u0430\u0442\u043d\u043e.\" \/>\n<meta property=\"og:url\" content=\"https:\/\/vegas831.com\/es\/online-slots\/\" \/>\n<meta property=\"og:site_name\" content=\"Vegas\" \/>\n<meta property=\"article:modified_time\" content=\"2023-11-17T21:42:12+00:00\" \/>\n<meta name=\"twitter:card\" content=\"summary_large_image\" \/>\n<meta name=\"twitter:label1\" content=\"Tiempo de lectura\" \/>\n\t<meta name=\"twitter:data1\" content=\"15 minutos\" \/>\n<script type=\"application\/ld+json\" class=\"yoast-schema-graph\">{\"@context\":\"https:\/\/schema.org\",\"@graph\":[{\"@type\":\"WebPage\",\"@id\":\"https:\/\/vegas831.com\/bg\/online-slots\/\",\"url\":\"https:\/\/vegas831.com\/bg\/online-slots\/\",\"name\":\"\u0412\u0438\u0434\u043e\u0432\u0435 \u0441\u043b\u043e\u0442\u043e\u0432\u0435 \u0437\u0430 \u0440\u0435\u0430\u043b\u043d\u0438 \u043f\u0430\u0440\u0438 \u0432 \u043e\u043d\u043b\u0430\u0439\u043d \u043a\u0430\u0437\u0438\u043d\u0430\",\"isPartOf\":{\"@id\":\"https:\/\/vegas831.com\/#website\"},\"datePublished\":\"2023-08-23T03:06:52+00:00\",\"dateModified\":\"2023-11-17T21:42:12+00:00\",\"description\":\"\u0412\u0438\u0434\u043e\u0432\u0435 \u0441\u043b\u043e\u0442 \u043c\u0430\u0448\u0438\u043d\u0438 \u0432 \u043e\u043d\u043b\u0430\u0439\u043d \u043a\u0430\u0437\u0438\u043d\u0430. \u041a\u0430\u043a \u0434\u0430 \u0438\u0437\u0431\u0435\u0440\u0435\u0442\u0435 \u0441\u043b\u043e\u0442 \u0437\u0430 \u0438\u0433\u0440\u0430 \u0432 \u043e\u043d\u043b\u0430\u0439\u043d \u043a\u0430\u0437\u0438\u043d\u043e. \u041a\u0430\u043a \u0434\u0430 \u0441\u043f\u0435\u0447\u0435\u043b\u0438\u0442\u0435 \u0440\u0435\u0430\u043b\u043d\u0438 \u043f\u0430\u0440\u0438 \u043d\u0430 \u0441\u043b\u043e\u0442 \u043c\u0430\u0448\u0438\u043d\u0430 \u0432 \u043e\u043d\u043b\u0430\u0439\u043d \u043a\u0430\u0437\u0438\u043d\u043e. \u0418\u0433\u0440\u0430\u0439\u0442\u0435 \u0431\u0435\u0437\u043f\u043b\u0430\u0442\u043d\u043e.\",\"breadcrumb\":{\"@id\":\"https:\/\/vegas831.com\/bg\/online-slots\/#breadcrumb\"},\"inLanguage\":\"es-ES\",\"potentialAction\":[{\"@type\":\"ReadAction\",\"target\":[\"https:\/\/vegas831.com\/bg\/online-slots\/\"]}]},{\"@type\":\"BreadcrumbList\",\"@id\":\"https:\/\/vegas831.com\/bg\/online-slots\/#breadcrumb\",\"itemListElement\":[{\"@type\":\"ListItem\",\"position\":1,\"name\":\"Home\",\"item\":\"https:\/\/vegas831.com\/\"},{\"@type\":\"ListItem\",\"position\":2,\"name\":\"\u0422\u0438\u043f\u043e\u0432\u0435 \u0441\u043b\u043e\u0442\u043e\u0432\u0435 \u0432 \u043e\u043d\u043b\u0430\u0439\u043d \u043a\u0430\u0437\u0438\u043d\u0430\"}]},{\"@type\":\"WebSite\",\"@id\":\"https:\/\/vegas831.com\/#website\",\"url\":\"https:\/\/vegas831.com\/\",\"name\":\"Vegas\",\"description\":\"\u041e\u0431\u0437\u043e\u0440 \u043b\u0443\u0447\u0448\u0438\u0445 \u0441\u043b\u043e\u0442\u043e\u0432 \u0432 \u043e\u043d\u043b\u0430\u0439\u043d \u043a\u0430\u0437\u0438\u043d\u043e\",\"publisher\":{\"@id\":\"https:\/\/vegas831.com\/#organization\"},\"potentialAction\":[{\"@type\":\"SearchAction\",\"target\":{\"@type\":\"EntryPoint\",\"urlTemplate\":\"https:\/\/vegas831.com\/?s={search_term_string}\"},\"query-input\":{\"@type\":\"PropertyValueSpecification\",\"valueRequired\":true,\"valueName\":\"search_term_string\"}}],\"inLanguage\":\"es-ES\"},{\"@type\":\"Organization\",\"@id\":\"https:\/\/vegas831.com\/#organization\",\"name\":\"Vegas\",\"url\":\"https:\/\/vegas831.com\/\",\"logo\":{\"@type\":\"ImageObject\",\"inLanguage\":\"es-ES\",\"@id\":\"https:\/\/vegas831.com\/#\/schema\/logo\/image\/\",\"url\":\"https:\/\/vegas831.com\/wp-content\/uploads\/vegas-logo.png\",\"contentUrl\":\"https:\/\/vegas831.com\/wp-content\/uploads\/vegas-logo.png\",\"width\":300,\"height\":155,\"caption\":\"Vegas\"},\"image\":{\"@id\":\"https:\/\/vegas831.com\/#\/schema\/logo\/image\/\"}}]}<\/script>\n<!-- \/ Yoast SEO plugin. -->","yoast_head_json":{"title":"\u0412\u0438\u0434\u043e\u0432\u0435 \u0441\u043b\u043e\u0442\u043e\u0432\u0435 \u0437\u0430 \u0440\u0435\u0430\u043b\u043d\u0438 \u043f\u0430\u0440\u0438 \u0432 \u043e\u043d\u043b\u0430\u0439\u043d \u043a\u0430\u0437\u0438\u043d\u0430","description":"Tipos de m\u00e1quinas tragamonedas en casinos en l\u00ednea. C\u00f3mo elegir una m\u00e1quina tragamonedas para jugar en un casino en l\u00ednea. C\u00f3mo ganar dinero real en una m\u00e1quina tragamonedas en un casino en l\u00ednea. Jugar gratis","robots":{"index":"index","follow":"follow","max-snippet":"max-snippet:-1","max-image-preview":"max-image-preview:large","max-video-preview":"max-video-preview:-1"},"canonical":"https:\/\/vegas831.com\/es\/online-slots\/","og_locale":"es_ES","og_type":"article","og_title":"\u0412\u0438\u0434\u043e\u0432\u0435 \u0441\u043b\u043e\u0442\u043e\u0432\u0435 \u0437\u0430 \u0440\u0435\u0430\u043b\u043d\u0438 \u043f\u0430\u0440\u0438 \u0432 \u043e\u043d\u043b\u0430\u0439\u043d \u043a\u0430\u0437\u0438\u043d\u0430","og_description":"\u0412\u0438\u0434\u043e\u0432\u0435 \u0441\u043b\u043e\u0442 \u043c\u0430\u0448\u0438\u043d\u0438 \u0432 \u043e\u043d\u043b\u0430\u0439\u043d \u043a\u0430\u0437\u0438\u043d\u0430. \u041a\u0430\u043a \u0434\u0430 \u0438\u0437\u0431\u0435\u0440\u0435\u0442\u0435 \u0441\u043b\u043e\u0442 \u0437\u0430 \u0438\u0433\u0440\u0430 \u0432 \u043e\u043d\u043b\u0430\u0439\u043d \u043a\u0430\u0437\u0438\u043d\u043e. \u041a\u0430\u043a \u0434\u0430 \u0441\u043f\u0435\u0447\u0435\u043b\u0438\u0442\u0435 \u0440\u0435\u0430\u043b\u043d\u0438 \u043f\u0430\u0440\u0438 \u043d\u0430 \u0441\u043b\u043e\u0442 \u043c\u0430\u0448\u0438\u043d\u0430 \u0432 \u043e\u043d\u043b\u0430\u0439\u043d \u043a\u0430\u0437\u0438\u043d\u043e. \u0418\u0433\u0440\u0430\u0439\u0442\u0435 \u0431\u0435\u0437\u043f\u043b\u0430\u0442\u043d\u043e.","og_url":"https:\/\/vegas831.com\/es\/online-slots\/","og_site_name":"Vegas","article_modified_time":"2023-11-17T21:42:12+00:00","twitter_card":"summary_large_image","twitter_misc":{"Tiempo de lectura":"15 minutos"},"schema":{"@context":"https:\/\/schema.org","@graph":[{"@type":"WebPage","@id":"https:\/\/vegas831.com\/bg\/online-slots\/","url":"https:\/\/vegas831.com\/bg\/online-slots\/","name":"\u0412\u0438\u0434\u043e\u0432\u0435 \u0441\u043b\u043e\u0442\u043e\u0432\u0435 \u0437\u0430 \u0440\u0435\u0430\u043b\u043d\u0438 \u043f\u0430\u0440\u0438 \u0432 \u043e\u043d\u043b\u0430\u0439\u043d \u043a\u0430\u0437\u0438\u043d\u0430","isPartOf":{"@id":"https:\/\/vegas831.com\/#website"},"datePublished":"2023-08-23T03:06:52+00:00","dateModified":"2023-11-17T21:42:12+00:00","description":"\u0412\u0438\u0434\u043e\u0432\u0435 \u0441\u043b\u043e\u0442 \u043c\u0430\u0448\u0438\u043d\u0438 \u0432 \u043e\u043d\u043b\u0430\u0439\u043d \u043a\u0430\u0437\u0438\u043d\u0430. \u041a\u0430\u043a \u0434\u0430 \u0438\u0437\u0431\u0435\u0440\u0435\u0442\u0435 \u0441\u043b\u043e\u0442 \u0437\u0430 \u0438\u0433\u0440\u0430 \u0432 \u043e\u043d\u043b\u0430\u0439\u043d \u043a\u0430\u0437\u0438\u043d\u043e. \u041a\u0430\u043a \u0434\u0430 \u0441\u043f\u0435\u0447\u0435\u043b\u0438\u0442\u0435 \u0440\u0435\u0430\u043b\u043d\u0438 \u043f\u0430\u0440\u0438 \u043d\u0430 \u0441\u043b\u043e\u0442 \u043c\u0430\u0448\u0438\u043d\u0430 \u0432 \u043e\u043d\u043b\u0430\u0439\u043d \u043a\u0430\u0437\u0438\u043d\u043e. \u0418\u0433\u0440\u0430\u0439\u0442\u0435 \u0431\u0435\u0437\u043f\u043b\u0430\u0442\u043d\u043e.","breadcrumb":{"@id":"https:\/\/vegas831.com\/bg\/online-slots\/#breadcrumb"},"inLanguage":"es-ES","potentialAction":[{"@type":"ReadAction","target":["https:\/\/vegas831.com\/bg\/online-slots\/"]}]},{"@type":"BreadcrumbList","@id":"https:\/\/vegas831.com\/bg\/online-slots\/#breadcrumb","itemListElement":[{"@type":"ListItem","position":1,"name":"Home","item":"https:\/\/vegas831.com\/"},{"@type":"ListItem","position":2,"name":"\u0422\u0438\u043f\u043e\u0432\u0435 \u0441\u043b\u043e\u0442\u043e\u0432\u0435 \u0432 \u043e\u043d\u043b\u0430\u0439\u043d \u043a\u0430\u0437\u0438\u043d\u0430"}]},{"@type":"WebSite","@id":"https:\/\/vegas831.com\/#website","url":"https:\/\/vegas831.com\/","name":"Vegas","description":"\u041e\u0431\u0437\u043e\u0440 \u043b\u0443\u0447\u0448\u0438\u0445 \u0441\u043b\u043e\u0442\u043e\u0432 \u0432 \u043e\u043d\u043b\u0430\u0439\u043d \u043a\u0430\u0437\u0438\u043d\u043e","publisher":{"@id":"https:\/\/vegas831.com\/#organization"},"potentialAction":[{"@type":"SearchAction","target":{"@type":"EntryPoint","urlTemplate":"https:\/\/vegas831.com\/?s={search_term_string}"},"query-input":{"@type":"PropertyValueSpecification","valueRequired":true,"valueName":"search_term_string"}}],"inLanguage":"es-ES"},{"@type":"Organization","@id":"https:\/\/vegas831.com\/#organization","name":"Vegas","url":"https:\/\/vegas831.com\/","logo":{"@type":"ImageObject","inLanguage":"es-ES","@id":"https:\/\/vegas831.com\/#\/schema\/logo\/image\/","url":"https:\/\/vegas831.com\/wp-content\/uploads\/vegas-logo.png","contentUrl":"https:\/\/vegas831.com\/wp-content\/uploads\/vegas-logo.png","width":300,"height":155,"caption":"Vegas"},"image":{"@id":"https:\/\/vegas831.com\/#\/schema\/logo\/image\/"}}]}},"_links":{"self":[{"href":"https:\/\/vegas831.com\/es\/wp-json\/wp\/v2\/pages\/17","targetHints":{"allow":["GET"]}}],"collection":[{"href":"https:\/\/vegas831.com\/es\/wp-json\/wp\/v2\/pages"}],"about":[{"href":"https:\/\/vegas831.com\/es\/wp-json\/wp\/v2\/types\/page"}],"author":[{"embeddable":true,"href":"https:\/\/vegas831.com\/es\/wp-json\/wp\/v2\/users\/1"}],"replies":[{"embeddable":true,"href":"https:\/\/vegas831.com\/es\/wp-json\/wp\/v2\/comments?post=17"}],"version-history":[{"count":17,"href":"https:\/\/vegas831.com\/es\/wp-json\/wp\/v2\/pages\/17\/revisions"}],"predecessor-version":[{"id":212,"href":"https:\/\/vegas831.com\/es\/wp-json\/wp\/v2\/pages\/17\/revisions\/212"}],"wp:attachment":[{"href":"https:\/\/vegas831.com\/es\/wp-json\/wp\/v2\/media?parent=17"}],"curies":[{"name":"wp","href":"https:\/\/api.w.org\/{rel}","templated":true}]}}