{"id":15,"date":"2023-08-23T02:31:49","date_gmt":"2023-08-23T02:31:49","guid":{"rendered":"https:\/\/vegas831.com\/?page_id=15"},"modified":"2023-11-17T22:05:03","modified_gmt":"2023-11-17T22:05:03","slug":"about-us","status":"publish","type":"page","link":"https:\/\/vegas831.com\/es\/about-us\/","title":{"rendered":"Acerca de Nosotros: El Mundo del Juego para Tu Entretenimiento"},"content":{"rendered":"<p>Bienvenido a nuestro sitio de rese\u00f1as de tragamonedas Vegas831, donde cada giro se convierte en un paso hacia el emocionante mundo del entretenimiento de apuestas. Hemos creado este recurso para brindarte informaci\u00f3n completa sobre diversos juegos de tragamonedas, ayudarte a comprender las reglas, estrategias, temas y compartir los mejores consejos para maximizar tu experiencia de juego.<\/p>\n<h2>Lo Que Ofrecemos<\/h2>\n<p>El sitio web Vegas831 tiene como objetivo convertirse en tu socio confiable en el mundo de las apuestas. Nuestros expertos realizan an\u00e1lisis y rese\u00f1as exhaustivas de diversos juegos de tragamonedas para que puedas tomar decisiones informadas. Te proporcionamos rese\u00f1as detalladas de cada juego, sus mec\u00e1nicas, caracter\u00edsticas y pagos, para que puedas elegir aquellos que se alineen con tus intereses y preferencias.<\/p>\n<h2>Nuestra Misi\u00f3n<\/h2>\n<p>Nuestro objetivo principal es ayudarte a disfrutar por completo de jugar a las tragamonedas. Pretendemos brindarte toda la informaci\u00f3n necesaria para que puedas tomar decisiones informadas al elegir juegos y gestionar tu bankroll. Tambi\u00e9n aspiramos a ayudarte a ganar dinero jugando a juegos de apuestas. Ya seas un principiante o un jugador experimentado, estamos seguros de que tenemos algo valioso para cada jugador, independientemente de su presupuesto y objetivos.<\/p>\n<h2>\u00bfPor Qu\u00e9 Elegirnos?<\/h2>\n<ul>\n<li><strong>Opini\u00f3n de Expertos:<\/strong> Nuestro equipo est\u00e1 compuesto por jugadores experimentados y expertos en apuestas que comparten su conocimiento y experiencia contigo.<\/li>\n<li><strong>Rese\u00f1as Objetivas:<\/strong> Proporcionamos rese\u00f1as objetivas basadas en el an\u00e1lisis y evaluaci\u00f3n de cada juego de tragamonedas.<\/li>\n<li><strong>Instrucciones Detalladas:<\/strong> Explicamos las reglas, mec\u00e1nicas y caracter\u00edsticas de cada juego para que te sientas seguro al jugar.<\/li>\n<li><strong>Estrategias y Consejos:<\/strong> Compartimos estrategias y consejos efectivos para ayudarte a aumentar tus posibilidades de \u00e9xito.<\/li>\n<\/ul>\n<h2>\u00danete a Nosotros<\/h2>\n<p>Te invitamos a unirte a nuestra comunidad de jugadores, para quienes las apuestas no son solo una forma de pasar el tiempo, sino tambi\u00e9n una parte de la vida. Nuestras rese\u00f1as te ayudar\u00e1n a comprender no solo la mec\u00e1nica del juego, sino tambi\u00e9n a disfrutar de la emocionante atm\u00f3sfera del mundo de las tragamonedas. Mantente al d\u00eda con las \u00faltimas noticias, estrategias y oportunidades, y juntos creemos un emocionante mundo de apuestas y ganancias.<\/p>\n","protected":false},"excerpt":{"rendered":"<p>Bienvenido a nuestro sitio de rese\u00f1as de tragamonedas Vegas831, donde cada giro se convierte en un paso hacia el emocionante mundo del entretenimiento de apuestas. Hemos creado este recurso para brindarte informaci\u00f3n completa sobre diversos juegos de tragamonedas, ayudarte a comprender las reglas, estrategias, temas y compartir los mejores consejos para maximizar tu experiencia de juego. Lo Que Ofrecemos El sitio web Vegas831 tiene como objetivo convertirse en tu socio confiable en el mundo de&hellip; <\/p>\n","protected":false},"author":1,"featured_media":0,"parent":0,"menu_order":0,"comment_status":"closed","ping_status":"closed","template":"","meta":{"footnotes":""},"class_list":["post-15","page","type-page","status-publish","hentry"],"yoast_head":"<!-- This site is optimized with the Yoast SEO plugin v27.2 - https:\/\/yoast.com\/product\/yoast-seo-wordpress\/ -->\n<title>\u0423\u0435\u0431\u0441\u0430\u0439\u0442 Vegas831.com<\/title>\n<meta name=\"description\" content=\"Todo sobre el sitio web Vegas831.com: informaci\u00f3n sobre tragamonedas y otros juegos en l\u00ednea en casinos en l\u00ednea\" \/>\n<meta name=\"robots\" content=\"index, follow, max-snippet:-1, max-image-preview:large, max-video-preview:-1\" \/>\n<link rel=\"canonical\" href=\"https:\/\/vegas831.com\/es\/about-us\/\" \/>\n<meta property=\"og:locale\" content=\"es_ES\" \/>\n<meta property=\"og:locale:alternate\" content=\"ru_RU\" \/>\n<meta property=\"og:locale:alternate\" content=\"en_US\" \/>\n<meta property=\"og:locale:alternate\" content=\"pt_PT\" \/>\n<meta property=\"og:locale:alternate\" content=\"fr_FR\" \/>\n<meta property=\"og:locale:alternate\" content=\"de_DE\" \/>\n<meta property=\"og:locale:alternate\" content=\"ro_RO\" \/>\n<meta property=\"og:locale:alternate\" content=\"sr_RS\" \/>\n<meta property=\"og:locale:alternate\" content=\"bg_BG\" \/>\n<meta property=\"og:type\" content=\"article\" \/>\n<meta property=\"og:title\" content=\"\u0423\u0435\u0431\u0441\u0430\u0439\u0442 Vegas831.com\" \/>\n<meta property=\"og:description\" content=\"\u0412\u0441\u0438\u0447\u043a\u043e \u0437\u0430 \u0443\u0435\u0431\u0441\u0430\u0439\u0442\u0430 Vegas831.com - \u0438\u043d\u0444\u043e\u0440\u043c\u0430\u0446\u0438\u044f \u0437\u0430 \u0441\u043b\u043e\u0442\u043e\u0432\u0435 \u0438 \u0434\u0440\u0443\u0433\u0438 \u043e\u043d\u043b\u0430\u0439\u043d \u0438\u0433\u0440\u0438 \u0432 \u043e\u043d\u043b\u0430\u0439\u043d \u043a\u0430\u0437\u0438\u043d\u0430.\" \/>\n<meta property=\"og:url\" content=\"https:\/\/vegas831.com\/es\/about-us\/\" \/>\n<meta property=\"og:site_name\" content=\"Vegas\" \/>\n<meta property=\"article:modified_time\" content=\"2023-11-17T22:05:03+00:00\" \/>\n<meta name=\"twitter:card\" content=\"summary_large_image\" \/>\n<meta name=\"twitter:label1\" content=\"Tiempo de lectura\" \/>\n\t<meta name=\"twitter:data1\" content=\"12 minutos\" \/>\n<script type=\"application\/ld+json\" class=\"yoast-schema-graph\">{\"@context\":\"https:\/\/schema.org\",\"@graph\":[{\"@type\":\"WebPage\",\"@id\":\"https:\/\/vegas831.com\/bg\/about-us\/\",\"url\":\"https:\/\/vegas831.com\/bg\/about-us\/\",\"name\":\"\u0423\u0435\u0431\u0441\u0430\u0439\u0442 Vegas831.com\",\"isPartOf\":{\"@id\":\"https:\/\/vegas831.com\/#website\"},\"datePublished\":\"2023-08-23T02:31:49+00:00\",\"dateModified\":\"2023-11-17T22:05:03+00:00\",\"description\":\"\u0412\u0441\u0438\u0447\u043a\u043e \u0437\u0430 \u0443\u0435\u0431\u0441\u0430\u0439\u0442\u0430 Vegas831.com - \u0438\u043d\u0444\u043e\u0440\u043c\u0430\u0446\u0438\u044f \u0437\u0430 \u0441\u043b\u043e\u0442\u043e\u0432\u0435 \u0438 \u0434\u0440\u0443\u0433\u0438 \u043e\u043d\u043b\u0430\u0439\u043d \u0438\u0433\u0440\u0438 \u0432 \u043e\u043d\u043b\u0430\u0439\u043d \u043a\u0430\u0437\u0438\u043d\u0430.\",\"breadcrumb\":{\"@id\":\"https:\/\/vegas831.com\/bg\/about-us\/#breadcrumb\"},\"inLanguage\":\"es-ES\",\"potentialAction\":[{\"@type\":\"ReadAction\",\"target\":[\"https:\/\/vegas831.com\/bg\/about-us\/\"]}]},{\"@type\":\"BreadcrumbList\",\"@id\":\"https:\/\/vegas831.com\/bg\/about-us\/#breadcrumb\",\"itemListElement\":[{\"@type\":\"ListItem\",\"position\":1,\"name\":\"Home\",\"item\":\"https:\/\/vegas831.com\/\"},{\"@type\":\"ListItem\",\"position\":2,\"name\":\"\u041e\u0442\u043d\u043e\u0441\u043d\u043e \u043d\u0430\u0441: \u0421\u0432\u044f\u0442 \u043d\u0430 \u0445\u0430\u0437\u0430\u0440\u0442\u0430 \u0437\u0430 \u0432\u0430\u0448\u0435 \u0437\u0430\u0431\u0430\u0432\u043b\u0435\u043d\u0438\u0435\"}]},{\"@type\":\"WebSite\",\"@id\":\"https:\/\/vegas831.com\/#website\",\"url\":\"https:\/\/vegas831.com\/\",\"name\":\"Vegas\",\"description\":\"\u041e\u0431\u0437\u043e\u0440 \u043b\u0443\u0447\u0448\u0438\u0445 \u0441\u043b\u043e\u0442\u043e\u0432 \u0432 \u043e\u043d\u043b\u0430\u0439\u043d \u043a\u0430\u0437\u0438\u043d\u043e\",\"publisher\":{\"@id\":\"https:\/\/vegas831.com\/#organization\"},\"potentialAction\":[{\"@type\":\"SearchAction\",\"target\":{\"@type\":\"EntryPoint\",\"urlTemplate\":\"https:\/\/vegas831.com\/?s={search_term_string}\"},\"query-input\":{\"@type\":\"PropertyValueSpecification\",\"valueRequired\":true,\"valueName\":\"search_term_string\"}}],\"inLanguage\":\"es-ES\"},{\"@type\":\"Organization\",\"@id\":\"https:\/\/vegas831.com\/#organization\",\"name\":\"Vegas\",\"url\":\"https:\/\/vegas831.com\/\",\"logo\":{\"@type\":\"ImageObject\",\"inLanguage\":\"es-ES\",\"@id\":\"https:\/\/vegas831.com\/#\/schema\/logo\/image\/\",\"url\":\"https:\/\/vegas831.com\/wp-content\/uploads\/vegas-logo.png\",\"contentUrl\":\"https:\/\/vegas831.com\/wp-content\/uploads\/vegas-logo.png\",\"width\":300,\"height\":155,\"caption\":\"Vegas\"},\"image\":{\"@id\":\"https:\/\/vegas831.com\/#\/schema\/logo\/image\/\"}}]}<\/script>\n<!-- \/ Yoast SEO plugin. -->","yoast_head_json":{"title":"\u0423\u0435\u0431\u0441\u0430\u0439\u0442 Vegas831.com","description":"Todo sobre el sitio web Vegas831.com: informaci\u00f3n sobre tragamonedas y otros juegos en l\u00ednea en casinos en l\u00ednea","robots":{"index":"index","follow":"follow","max-snippet":"max-snippet:-1","max-image-preview":"max-image-preview:large","max-video-preview":"max-video-preview:-1"},"canonical":"https:\/\/vegas831.com\/es\/about-us\/","og_locale":"es_ES","og_type":"article","og_title":"\u0423\u0435\u0431\u0441\u0430\u0439\u0442 Vegas831.com","og_description":"\u0412\u0441\u0438\u0447\u043a\u043e \u0437\u0430 \u0443\u0435\u0431\u0441\u0430\u0439\u0442\u0430 Vegas831.com - \u0438\u043d\u0444\u043e\u0440\u043c\u0430\u0446\u0438\u044f \u0437\u0430 \u0441\u043b\u043e\u0442\u043e\u0432\u0435 \u0438 \u0434\u0440\u0443\u0433\u0438 \u043e\u043d\u043b\u0430\u0439\u043d \u0438\u0433\u0440\u0438 \u0432 \u043e\u043d\u043b\u0430\u0439\u043d \u043a\u0430\u0437\u0438\u043d\u0430.","og_url":"https:\/\/vegas831.com\/es\/about-us\/","og_site_name":"Vegas","article_modified_time":"2023-11-17T22:05:03+00:00","twitter_card":"summary_large_image","twitter_misc":{"Tiempo de lectura":"12 minutos"},"schema":{"@context":"https:\/\/schema.org","@graph":[{"@type":"WebPage","@id":"https:\/\/vegas831.com\/bg\/about-us\/","url":"https:\/\/vegas831.com\/bg\/about-us\/","name":"\u0423\u0435\u0431\u0441\u0430\u0439\u0442 Vegas831.com","isPartOf":{"@id":"https:\/\/vegas831.com\/#website"},"datePublished":"2023-08-23T02:31:49+00:00","dateModified":"2023-11-17T22:05:03+00:00","description":"\u0412\u0441\u0438\u0447\u043a\u043e \u0437\u0430 \u0443\u0435\u0431\u0441\u0430\u0439\u0442\u0430 Vegas831.com - \u0438\u043d\u0444\u043e\u0440\u043c\u0430\u0446\u0438\u044f \u0437\u0430 \u0441\u043b\u043e\u0442\u043e\u0432\u0435 \u0438 \u0434\u0440\u0443\u0433\u0438 \u043e\u043d\u043b\u0430\u0439\u043d \u0438\u0433\u0440\u0438 \u0432 \u043e\u043d\u043b\u0430\u0439\u043d \u043a\u0430\u0437\u0438\u043d\u0430.","breadcrumb":{"@id":"https:\/\/vegas831.com\/bg\/about-us\/#breadcrumb"},"inLanguage":"es-ES","potentialAction":[{"@type":"ReadAction","target":["https:\/\/vegas831.com\/bg\/about-us\/"]}]},{"@type":"BreadcrumbList","@id":"https:\/\/vegas831.com\/bg\/about-us\/#breadcrumb","itemListElement":[{"@type":"ListItem","position":1,"name":"Home","item":"https:\/\/vegas831.com\/"},{"@type":"ListItem","position":2,"name":"\u041e\u0442\u043d\u043e\u0441\u043d\u043e \u043d\u0430\u0441: \u0421\u0432\u044f\u0442 \u043d\u0430 \u0445\u0430\u0437\u0430\u0440\u0442\u0430 \u0437\u0430 \u0432\u0430\u0448\u0435 \u0437\u0430\u0431\u0430\u0432\u043b\u0435\u043d\u0438\u0435"}]},{"@type":"WebSite","@id":"https:\/\/vegas831.com\/#website","url":"https:\/\/vegas831.com\/","name":"Vegas","description":"\u041e\u0431\u0437\u043e\u0440 \u043b\u0443\u0447\u0448\u0438\u0445 \u0441\u043b\u043e\u0442\u043e\u0432 \u0432 \u043e\u043d\u043b\u0430\u0439\u043d \u043a\u0430\u0437\u0438\u043d\u043e","publisher":{"@id":"https:\/\/vegas831.com\/#organization"},"potentialAction":[{"@type":"SearchAction","target":{"@type":"EntryPoint","urlTemplate":"https:\/\/vegas831.com\/?s={search_term_string}"},"query-input":{"@type":"PropertyValueSpecification","valueRequired":true,"valueName":"search_term_string"}}],"inLanguage":"es-ES"},{"@type":"Organization","@id":"https:\/\/vegas831.com\/#organization","name":"Vegas","url":"https:\/\/vegas831.com\/","logo":{"@type":"ImageObject","inLanguage":"es-ES","@id":"https:\/\/vegas831.com\/#\/schema\/logo\/image\/","url":"https:\/\/vegas831.com\/wp-content\/uploads\/vegas-logo.png","contentUrl":"https:\/\/vegas831.com\/wp-content\/uploads\/vegas-logo.png","width":300,"height":155,"caption":"Vegas"},"image":{"@id":"https:\/\/vegas831.com\/#\/schema\/logo\/image\/"}}]}},"_links":{"self":[{"href":"https:\/\/vegas831.com\/es\/wp-json\/wp\/v2\/pages\/15","targetHints":{"allow":["GET"]}}],"collection":[{"href":"https:\/\/vegas831.com\/es\/wp-json\/wp\/v2\/pages"}],"about":[{"href":"https:\/\/vegas831.com\/es\/wp-json\/wp\/v2\/types\/page"}],"author":[{"embeddable":true,"href":"https:\/\/vegas831.com\/es\/wp-json\/wp\/v2\/users\/1"}],"replies":[{"embeddable":true,"href":"https:\/\/vegas831.com\/es\/wp-json\/wp\/v2\/comments?post=15"}],"version-history":[{"count":17,"href":"https:\/\/vegas831.com\/es\/wp-json\/wp\/v2\/pages\/15\/revisions"}],"predecessor-version":[{"id":218,"href":"https:\/\/vegas831.com\/es\/wp-json\/wp\/v2\/pages\/15\/revisions\/218"}],"wp:attachment":[{"href":"https:\/\/vegas831.com\/es\/wp-json\/wp\/v2\/media?parent=15"}],"curies":[{"name":"wp","href":"https:\/\/api.w.org\/{rel}","templated":true}]}}