{"id":8,"date":"2023-08-23T02:11:53","date_gmt":"2023-08-23T02:11:53","guid":{"rendered":"https:\/\/vegas831.com\/?page_id=8"},"modified":"2024-04-24T09:44:25","modified_gmt":"2024-04-24T09:44:25","slug":"home","status":"publish","type":"page","link":"https:\/\/vegas831.com\/de\/","title":{"rendered":"Vegas831.com &#8211; Spielautomatenbewertungen!"},"content":{"rendered":"<p>Willkommen beim umfassendsten Hub f\u00fcr Spielautomatenbewertungen &#8211; Vegas831, der eine eingehende und allumfassende Analyse der aufregenden Welt der Online-Slots <a href=\"https:\/\/beep-beep-casino.com\/de\/\">Online-Slots<\/a> bietet. Unser Ziel ist es, Ihnen die aktuellsten Informationen zu liefern, damit Sie spannende Spielerlebnisse genie\u00dfen k\u00f6nnen, w\u00e4hrend Sie vor Ihrem Monitor sitzen und die neuesten Kreationen der besten Spielestudios in Online-Casinos <a href=\"https:\/\/spinbetter.casino\/\">Online-Casinos<\/a> genie\u00dfen.<\/p>\n<h2><strong>Vegas831.com &#8211; ein Spielparadies f\u00fcr Slot-Enthusiasten<\/strong><\/h2>\n<p><strong>Was wir anbieten und was Sie auf unserer Seite finden:<\/strong><\/p>\n<h3><strong>Bewertungen von Spielautomaten in Online-Casinos<\/strong><\/h3>\n<p>Unsere professionellen Gutachter zerlegen akribisch jedes Detail von Spielautomaten f\u00fchrender globaler Entwickler, die in jedem Online-Casino zu finden sind. Wir identifizieren einzigartige Mechaniken, durchleuchten Animationen und Grafiken, analysieren Gewinnchancen und Bonusfunktionen. Kein Detail entgeht unseren Experten. Was unsere Online-Spielautomatenbewertungen einzigartig macht? In unseren Spielautomatenbewertungen finden Sie alle Informationen, die Sie ben\u00f6tigen, um Spielautomaten auszuw\u00e4hlen, die Ihren Vorlieben entsprechen, basierend auf Geschmack, Budget und mehr. Wie Sie wissen, hat jeder Spieler Dutzende von Kriterien f\u00fcr die Auswahl von Slots.<\/p>\n<h3><strong>Beste Spielautomaten und Empfehlungen<\/strong><\/h3>\n<p>Die Spieleindustrie entwickelt sich st\u00e4ndig weiter, mit neuen Spielautomatenspielen, die jede Woche ver\u00f6ffentlicht werden. Wir verstehen die Bedeutung, mit den neuesten Trends Schritt zu halten. Unsere Bewertungen und Empfehlungen helfen Ihnen dabei, die beliebtesten und aufregendsten Echtgeldspiele zu entdecken. Sie k\u00f6nnen auch unsere Empfehlungen basierend auf Ihren Interessen ber\u00fccksichtigen, um die beste Wahl f\u00fcr Sie zu finden.<\/p>\n<h3><strong>Strategien f\u00fcr das Gewinnen an Spielautomaten<\/strong><\/h3>\n<p>In der Welt der Online-Casino-Slots h\u00e4ngt nicht alles vom Gl\u00fcck ab. Effektive Strategien k\u00f6nnen Ihre Gewinnchancen erh\u00f6hen. Niemand kann einen Gewinn garantieren, aber die Erh\u00f6hung Ihrer Erfolgschancen ist bereits ein guter Schritt. Wir teilen erprobte Strategien, um Ihnen beim Management Ihres Spielbudgets, der Auswahl optimaler Eins\u00e4tze und der Anwendung unterschiedlicher Ans\u00e4tze f\u00fcr verschiedene Arten von Slots zu helfen. Unsere Ratschl\u00e4ge k\u00f6nnen Ihr zuverl\u00e4ssiger Begleiter in der Welt des Gl\u00fccksspielunterhaltung sein.<\/p>\n<h3><strong>Boni und Aktionen f\u00fcr das Spiel an Spielautomaten<\/strong><\/h3>\n<p>Um dem Spielerlebnis zus\u00e4tzlichen Spa\u00df zu verleihen, behalten wir die aktuellen Bonusangebote und Aktionen von beliebten Online-Casinos im Auge. Freispiele, Bonusgeld und andere Geschenke k\u00f6nnen nicht nur Ihre Gewinnchancen erh\u00f6hen, sondern auch das Spiel noch interessanter gestalten.<\/p>\n<h3><strong>Spieler-Community<\/strong><\/h3>\n<p>Slots sind nicht nur Spiele; sie dienen auch der sozialen Interaktion. Treten Sie unserer Spieler-Community bei, um Ihre Erfahrungen zu teilen, Strategien auszutauschen und neue Freunde zu finden. Unsere freundliche und unterst\u00fctzende Umgebung hilft Ihnen dabei, sich wie ein Teil einer gro\u00dfen Spielerfamilie zu f\u00fchlen.<\/p>\n<h2><strong>Verantwortungsbewusstes Spielen<\/strong><\/h2>\n<p>Wir setzen uns f\u00fcr verantwortungsbewusstes Spielen ein. Das Genie\u00dfen des Gl\u00fccksspiels sollte angenehm und sicher sein. Wir ermutigen Sie immer, verantwortungsbewusst zu spielen und die Grenzen im Auge zu behalten. Wenn Sie auf Probleme sto\u00dfen, k\u00f6nnen Ihnen unsere Ressourcen Unterst\u00fctzung bieten.<\/p>\n<p><strong>Verpassen Sie nicht die Gelegenheit, in die aufregende Welt der Spielautomaten mit Vegas831 einzutauchen!<\/strong> Unabh\u00e4ngig von Ihrer Erfahrung und Ihren Vorlieben haben wir alles, um Ihr Spielerlebnis mit Spielautomaten wirklich unvergesslich zu machen. Willkommen zu einer aufregenden Reise in die Welt des Gl\u00fccksspiels!<\/p>\n<p><em>Denken Sie daran, Gl\u00fccksspiel kann s\u00fcchtig machen. Spielen Sie verantwortungsbewusst und k\u00fcmmern Sie sich um Ihr Wohlbefinden.<\/em><\/p>\n","protected":false},"excerpt":{"rendered":"<p>Willkommen beim umfassendsten Hub f\u00fcr Spielautomatenbewertungen &#8211; Vegas831, der eine eingehende und allumfassende Analyse der aufregenden Welt der Online-Slots Online-Slots bietet. Unser Ziel ist es, Ihnen die aktuellsten Informationen zu liefern, damit Sie spannende Spielerlebnisse genie\u00dfen k\u00f6nnen, w\u00e4hrend Sie vor Ihrem Monitor sitzen und die neuesten Kreationen der besten Spielestudios in Online-Casinos Online-Casinos genie\u00dfen. Vegas831.com &#8211; ein Spielparadies f\u00fcr Slot-Enthusiasten Was wir anbieten und was Sie auf unserer Seite finden: Bewertungen von Spielautomaten in Online-Casinos&hellip; <\/p>\n","protected":false},"author":1,"featured_media":0,"parent":0,"menu_order":0,"comment_status":"closed","ping_status":"closed","template":"","meta":{"footnotes":""},"class_list":["post-8","page","type-page","status-publish","hentry"],"yoast_head":"<!-- This site is optimized with the Yoast SEO plugin v27.2 - https:\/\/yoast.com\/product\/yoast-seo-wordpress\/ -->\n<title>\u041e\u0431\u0437\u043e\u0440 \u043e\u043d\u043b\u0430\u0439\u043d \u0441\u043b\u043e\u0442\u043e\u0432 Vegas831.com<\/title>\n<meta name=\"description\" content=\"Eine \u00dcbersicht \u00fcber Online-Slots bei Vegas831 - alle Informationen zu Echtgeld-Spielautomaten in Online-Casinos. Die besten Online-Slots im Internet. Spielen und gewinnen.\" \/>\n<meta name=\"robots\" content=\"index, follow, max-snippet:-1, max-image-preview:large, max-video-preview:-1\" \/>\n<link rel=\"canonical\" href=\"https:\/\/vegas831.com\/de\/\" \/>\n<meta property=\"og:locale\" content=\"de_DE\" \/>\n<meta property=\"og:locale:alternate\" content=\"ru_RU\" \/>\n<meta property=\"og:locale:alternate\" content=\"en_US\" \/>\n<meta property=\"og:locale:alternate\" content=\"pt_PT\" \/>\n<meta property=\"og:locale:alternate\" content=\"es_ES\" \/>\n<meta property=\"og:locale:alternate\" content=\"fr_FR\" \/>\n<meta property=\"og:locale:alternate\" content=\"ro_RO\" \/>\n<meta property=\"og:locale:alternate\" content=\"sr_RS\" \/>\n<meta property=\"og:locale:alternate\" content=\"bg_BG\" \/>\n<meta property=\"og:type\" content=\"article\" \/>\n<meta property=\"og:title\" content=\"\u041e\u0431\u0437\u043e\u0440 \u043e\u043d\u043b\u0430\u0439\u043d \u0441\u043b\u043e\u0442\u043e\u0432 Vegas831.com\" \/>\n<meta property=\"og:description\" content=\"\u041e\u0431\u0437\u043e\u0440\u043d\u0438\u043a \u043e\u043d\u043b\u0430\u0439\u043d \u0441\u043b\u043e\u0442\u043e\u0432 \u0412\u0435\u0433\u0430\u0441831 - \u0432\u0441\u044f \u0438\u043d\u0444\u043e\u0440\u043c\u0430\u0446\u0438\u044f \u043e\u0431 \u0438\u0433\u0440\u043e\u0432\u044b\u0445 \u0430\u0432\u0442\u043e\u043c\u0430\u0442\u0430\u0445 \u043d\u0430 \u0440\u0435\u0430\u043b\u044c\u043d\u044b\u0435 \u0434\u0435\u043d\u044c\u0433\u0438 \u0432 \u043e\u043d\u043b\u0430\u0439\u043d \u043a\u0430\u0437\u0438\u043d\u043e. \u041b\u0443\u0447\u0448\u0438\u0435 \u043e\u043d\u043b\u0430\u0439\u043d \u0441\u043b\u043e\u0442\u044b \u0432 \u0418\u043d\u0442\u0435\u0440\u043d\u0435\u0442\u0435. \u0418\u0433\u0440\u0430\u0442\u044c \u0438 \u0432\u044b\u0438\u0433\u0440\u044b\u0432\u0430\u0442\u044c\" \/>\n<meta property=\"og:url\" content=\"https:\/\/vegas831.com\/de\/\" \/>\n<meta property=\"og:site_name\" content=\"Vegas\" \/>\n<meta property=\"article:modified_time\" content=\"2024-04-24T09:44:25+00:00\" \/>\n<meta name=\"twitter:card\" content=\"summary_large_image\" \/>\n<meta name=\"twitter:label1\" content=\"Gesch\u00e4tzte Lesezeit\" \/>\n\t<meta name=\"twitter:data1\" content=\"18\u00a0Minuten\" \/>\n<script type=\"application\/ld+json\" class=\"yoast-schema-graph\">{\"@context\":\"https:\/\/schema.org\",\"@graph\":[{\"@type\":\"WebPage\",\"@id\":\"https:\/\/vegas831.com\/\",\"url\":\"https:\/\/vegas831.com\/\",\"name\":\"\u041e\u0431\u0437\u043e\u0440 \u043e\u043d\u043b\u0430\u0439\u043d \u0441\u043b\u043e\u0442\u043e\u0432 Vegas831.com\",\"isPartOf\":{\"@id\":\"https:\/\/vegas831.com\/#website\"},\"datePublished\":\"2023-08-23T02:11:53+00:00\",\"dateModified\":\"2024-04-24T09:44:25+00:00\",\"description\":\"\u041e\u0431\u0437\u043e\u0440\u043d\u0438\u043a \u043e\u043d\u043b\u0430\u0439\u043d \u0441\u043b\u043e\u0442\u043e\u0432 \u0412\u0435\u0433\u0430\u0441831 - \u0432\u0441\u044f \u0438\u043d\u0444\u043e\u0440\u043c\u0430\u0446\u0438\u044f \u043e\u0431 \u0438\u0433\u0440\u043e\u0432\u044b\u0445 \u0430\u0432\u0442\u043e\u043c\u0430\u0442\u0430\u0445 \u043d\u0430 \u0440\u0435\u0430\u043b\u044c\u043d\u044b\u0435 \u0434\u0435\u043d\u044c\u0433\u0438 \u0432 \u043e\u043d\u043b\u0430\u0439\u043d \u043a\u0430\u0437\u0438\u043d\u043e. \u041b\u0443\u0447\u0448\u0438\u0435 \u043e\u043d\u043b\u0430\u0439\u043d \u0441\u043b\u043e\u0442\u044b \u0432 \u0418\u043d\u0442\u0435\u0440\u043d\u0435\u0442\u0435. \u0418\u0433\u0440\u0430\u0442\u044c \u0438 \u0432\u044b\u0438\u0433\u0440\u044b\u0432\u0430\u0442\u044c\",\"breadcrumb\":{\"@id\":\"https:\/\/vegas831.com\/#breadcrumb\"},\"inLanguage\":\"de-DE\",\"potentialAction\":[{\"@type\":\"ReadAction\",\"target\":[\"https:\/\/vegas831.com\/\"]}]},{\"@type\":\"BreadcrumbList\",\"@id\":\"https:\/\/vegas831.com\/#breadcrumb\",\"itemListElement\":[{\"@type\":\"ListItem\",\"position\":1,\"name\":\"Home\",\"item\":\"https:\/\/vegas831.com\/\"},{\"@type\":\"ListItem\",\"position\":2,\"name\":\"\u0421\u0430\u0439\u0442 Vegas831 &#8212; \u043e\u0431\u0437\u043e\u0440\u044b \u0441\u043b\u043e\u0442-\u0438\u0433\u0440!\"}]},{\"@type\":\"WebSite\",\"@id\":\"https:\/\/vegas831.com\/#website\",\"url\":\"https:\/\/vegas831.com\/\",\"name\":\"Vegas\",\"description\":\"\u041e\u0431\u0437\u043e\u0440 \u043b\u0443\u0447\u0448\u0438\u0445 \u0441\u043b\u043e\u0442\u043e\u0432 \u0432 \u043e\u043d\u043b\u0430\u0439\u043d \u043a\u0430\u0437\u0438\u043d\u043e\",\"publisher\":{\"@id\":\"https:\/\/vegas831.com\/#organization\"},\"potentialAction\":[{\"@type\":\"SearchAction\",\"target\":{\"@type\":\"EntryPoint\",\"urlTemplate\":\"https:\/\/vegas831.com\/?s={search_term_string}\"},\"query-input\":{\"@type\":\"PropertyValueSpecification\",\"valueRequired\":true,\"valueName\":\"search_term_string\"}}],\"inLanguage\":\"de-DE\"},{\"@type\":\"Organization\",\"@id\":\"https:\/\/vegas831.com\/#organization\",\"name\":\"Vegas\",\"url\":\"https:\/\/vegas831.com\/\",\"logo\":{\"@type\":\"ImageObject\",\"inLanguage\":\"de-DE\",\"@id\":\"https:\/\/vegas831.com\/#\/schema\/logo\/image\/\",\"url\":\"https:\/\/vegas831.com\/wp-content\/uploads\/vegas-logo.png\",\"contentUrl\":\"https:\/\/vegas831.com\/wp-content\/uploads\/vegas-logo.png\",\"width\":300,\"height\":155,\"caption\":\"Vegas\"},\"image\":{\"@id\":\"https:\/\/vegas831.com\/#\/schema\/logo\/image\/\"}}]}<\/script>\n<!-- \/ Yoast SEO plugin. -->","yoast_head_json":{"title":"\u041e\u0431\u0437\u043e\u0440 \u043e\u043d\u043b\u0430\u0439\u043d \u0441\u043b\u043e\u0442\u043e\u0432 Vegas831.com","description":"Eine \u00dcbersicht \u00fcber Online-Slots bei Vegas831 - alle Informationen zu Echtgeld-Spielautomaten in Online-Casinos. Die besten Online-Slots im Internet. Spielen und gewinnen.","robots":{"index":"index","follow":"follow","max-snippet":"max-snippet:-1","max-image-preview":"max-image-preview:large","max-video-preview":"max-video-preview:-1"},"canonical":"https:\/\/vegas831.com\/de\/","og_locale":"de_DE","og_type":"article","og_title":"\u041e\u0431\u0437\u043e\u0440 \u043e\u043d\u043b\u0430\u0439\u043d \u0441\u043b\u043e\u0442\u043e\u0432 Vegas831.com","og_description":"\u041e\u0431\u0437\u043e\u0440\u043d\u0438\u043a \u043e\u043d\u043b\u0430\u0439\u043d \u0441\u043b\u043e\u0442\u043e\u0432 \u0412\u0435\u0433\u0430\u0441831 - \u0432\u0441\u044f \u0438\u043d\u0444\u043e\u0440\u043c\u0430\u0446\u0438\u044f \u043e\u0431 \u0438\u0433\u0440\u043e\u0432\u044b\u0445 \u0430\u0432\u0442\u043e\u043c\u0430\u0442\u0430\u0445 \u043d\u0430 \u0440\u0435\u0430\u043b\u044c\u043d\u044b\u0435 \u0434\u0435\u043d\u044c\u0433\u0438 \u0432 \u043e\u043d\u043b\u0430\u0439\u043d \u043a\u0430\u0437\u0438\u043d\u043e. \u041b\u0443\u0447\u0448\u0438\u0435 \u043e\u043d\u043b\u0430\u0439\u043d \u0441\u043b\u043e\u0442\u044b \u0432 \u0418\u043d\u0442\u0435\u0440\u043d\u0435\u0442\u0435. \u0418\u0433\u0440\u0430\u0442\u044c \u0438 \u0432\u044b\u0438\u0433\u0440\u044b\u0432\u0430\u0442\u044c","og_url":"https:\/\/vegas831.com\/de\/","og_site_name":"Vegas","article_modified_time":"2024-04-24T09:44:25+00:00","twitter_card":"summary_large_image","twitter_misc":{"Gesch\u00e4tzte Lesezeit":"18\u00a0Minuten"},"schema":{"@context":"https:\/\/schema.org","@graph":[{"@type":"WebPage","@id":"https:\/\/vegas831.com\/","url":"https:\/\/vegas831.com\/","name":"\u041e\u0431\u0437\u043e\u0440 \u043e\u043d\u043b\u0430\u0439\u043d \u0441\u043b\u043e\u0442\u043e\u0432 Vegas831.com","isPartOf":{"@id":"https:\/\/vegas831.com\/#website"},"datePublished":"2023-08-23T02:11:53+00:00","dateModified":"2024-04-24T09:44:25+00:00","description":"\u041e\u0431\u0437\u043e\u0440\u043d\u0438\u043a \u043e\u043d\u043b\u0430\u0439\u043d \u0441\u043b\u043e\u0442\u043e\u0432 \u0412\u0435\u0433\u0430\u0441831 - \u0432\u0441\u044f \u0438\u043d\u0444\u043e\u0440\u043c\u0430\u0446\u0438\u044f \u043e\u0431 \u0438\u0433\u0440\u043e\u0432\u044b\u0445 \u0430\u0432\u0442\u043e\u043c\u0430\u0442\u0430\u0445 \u043d\u0430 \u0440\u0435\u0430\u043b\u044c\u043d\u044b\u0435 \u0434\u0435\u043d\u044c\u0433\u0438 \u0432 \u043e\u043d\u043b\u0430\u0439\u043d \u043a\u0430\u0437\u0438\u043d\u043e. \u041b\u0443\u0447\u0448\u0438\u0435 \u043e\u043d\u043b\u0430\u0439\u043d \u0441\u043b\u043e\u0442\u044b \u0432 \u0418\u043d\u0442\u0435\u0440\u043d\u0435\u0442\u0435. \u0418\u0433\u0440\u0430\u0442\u044c \u0438 \u0432\u044b\u0438\u0433\u0440\u044b\u0432\u0430\u0442\u044c","breadcrumb":{"@id":"https:\/\/vegas831.com\/#breadcrumb"},"inLanguage":"de-DE","potentialAction":[{"@type":"ReadAction","target":["https:\/\/vegas831.com\/"]}]},{"@type":"BreadcrumbList","@id":"https:\/\/vegas831.com\/#breadcrumb","itemListElement":[{"@type":"ListItem","position":1,"name":"Home","item":"https:\/\/vegas831.com\/"},{"@type":"ListItem","position":2,"name":"\u0421\u0430\u0439\u0442 Vegas831 &#8212; \u043e\u0431\u0437\u043e\u0440\u044b \u0441\u043b\u043e\u0442-\u0438\u0433\u0440!"}]},{"@type":"WebSite","@id":"https:\/\/vegas831.com\/#website","url":"https:\/\/vegas831.com\/","name":"Vegas","description":"\u041e\u0431\u0437\u043e\u0440 \u043b\u0443\u0447\u0448\u0438\u0445 \u0441\u043b\u043e\u0442\u043e\u0432 \u0432 \u043e\u043d\u043b\u0430\u0439\u043d \u043a\u0430\u0437\u0438\u043d\u043e","publisher":{"@id":"https:\/\/vegas831.com\/#organization"},"potentialAction":[{"@type":"SearchAction","target":{"@type":"EntryPoint","urlTemplate":"https:\/\/vegas831.com\/?s={search_term_string}"},"query-input":{"@type":"PropertyValueSpecification","valueRequired":true,"valueName":"search_term_string"}}],"inLanguage":"de-DE"},{"@type":"Organization","@id":"https:\/\/vegas831.com\/#organization","name":"Vegas","url":"https:\/\/vegas831.com\/","logo":{"@type":"ImageObject","inLanguage":"de-DE","@id":"https:\/\/vegas831.com\/#\/schema\/logo\/image\/","url":"https:\/\/vegas831.com\/wp-content\/uploads\/vegas-logo.png","contentUrl":"https:\/\/vegas831.com\/wp-content\/uploads\/vegas-logo.png","width":300,"height":155,"caption":"Vegas"},"image":{"@id":"https:\/\/vegas831.com\/#\/schema\/logo\/image\/"}}]}},"_links":{"self":[{"href":"https:\/\/vegas831.com\/de\/wp-json\/wp\/v2\/pages\/8","targetHints":{"allow":["GET"]}}],"collection":[{"href":"https:\/\/vegas831.com\/de\/wp-json\/wp\/v2\/pages"}],"about":[{"href":"https:\/\/vegas831.com\/de\/wp-json\/wp\/v2\/types\/page"}],"author":[{"embeddable":true,"href":"https:\/\/vegas831.com\/de\/wp-json\/wp\/v2\/users\/1"}],"replies":[{"embeddable":true,"href":"https:\/\/vegas831.com\/de\/wp-json\/wp\/v2\/comments?post=8"}],"version-history":[{"count":28,"href":"https:\/\/vegas831.com\/de\/wp-json\/wp\/v2\/pages\/8\/revisions"}],"predecessor-version":[{"id":276,"href":"https:\/\/vegas831.com\/de\/wp-json\/wp\/v2\/pages\/8\/revisions\/276"}],"wp:attachment":[{"href":"https:\/\/vegas831.com\/de\/wp-json\/wp\/v2\/media?parent=8"}],"curies":[{"name":"wp","href":"https:\/\/api.w.org\/{rel}","templated":true}]}}