{"id":17,"date":"2023-08-23T03:06:52","date_gmt":"2023-08-23T03:06:52","guid":{"rendered":"https:\/\/vegas831.com\/?page_id=17"},"modified":"2023-11-17T21:42:12","modified_gmt":"2023-11-17T21:42:12","slug":"online-slots","status":"publish","type":"page","link":"https:\/\/vegas831.com\/de\/online-slots\/","title":{"rendered":"Arten von Slots in Online-Casinos"},"content":{"rendered":"<p>In der Welt des Gl\u00fccksspielunterhaltungs steht die Website Vegas831 an vorderster Front einer endlosen Vielfalt von Slot-Kategorien, um den Geschmack der anspruchsvollsten Spieler zu befriedigen. Unabh\u00e4ngig von Ihren Vorlieben &#8211; ob Sie ein Fan von klassischen Slots sind, ein Liebhaber fantastischer Welten oder ein Zeitreisender &#8211; wir haben f\u00fcr jeden etwas Besonderes. Lassen Sie uns einige unserer lebendigen Slot-Kategorien erkunden:<\/p>\n<h2><a href=\"\/category\/classic-slots\/\"><strong>Spannende klassische Slots<\/strong><\/a><\/h2>\n<p>Werfen Sie einen Blick auf die Geschichte des Gl\u00fccksspielunterhaltungs, indem Sie Ihr Gl\u00fcck bei klassischen Slots versuchen. Diese Spielautomaten rekreieren die Atmosph\u00e4re der ersten mechanischen Slots und wecken nostalgische Gef\u00fchle. Drei Walzen, BAR-Symbole und Gl\u00fcckszahl Sieben &#8211; all das erwartet Sie in einer Kategorie, in der Einfachheit mit Genuss Hand in Hand geht.<\/p>\n<h2><a href=\"\/category\/video-slots\/\"><strong>Video-Slots: Tore zu neuen Welten<\/strong><\/a><\/h2>\n<p>Moderne Video-Slots sind vollst\u00e4ndige Tore zu unglaublichen Gaming-Abenteuern. Atemberaubende Grafiken, dynamische Animationen und fesselnde Handlungsstr\u00e4nge erwarten Sie in dieser Kategorie. Von fantastischen Abenteuern auf fernen Planeten bis hin zu aufregenden Schatzsuchen im Dschungel sind Video-Slots so vielf\u00e4ltig und aufregend wie eh und je.<\/p>\n<h2><a href=\"\/category\/jackpot-slots\/\"><strong>Progressive Jackpots: Ihre Chance auf gro\u00dfartige Belohnungen<\/strong><\/a><\/h2>\n<p>Tr\u00e4umen Sie von einem gro\u00dfen Gewinn? In der Kategorie der progressiven Jackpots k\u00f6nnen Ihre Tr\u00e4ume wahr werden. Hier w\u00e4chst der Jackpot mit jedem Einsatz, und Sie k\u00f6nnten am richtigen Ort zur richtigen Zeit sein, um den gesamten Jackpot als Ihren eigenen zu beanspruchen. Sie k\u00f6nnen Millionen, buchst\u00e4blich Millionen von Dollar gewinnen. Sehr hohe Eins\u00e4tze, dynamisches Gameplay und die Chance auf einen grandiosen Gewinn machen diese Kategorie so aufregend.<\/p>\n<h2><a href=\"\/category\/fantastic-slots\/\"><strong>Fantastische Welten: Reise ins Unbekannte<\/strong><\/a><\/h2>\n<p>Lieben Sie Science Fiction, magische Reiche oder Fantasy? Diese Kategorie bietet Slots, die Sie in Welten mit erstaunlichen Handlungsstr\u00e4ngen entf\u00fchren. \u00d6ffnen Sie die T\u00fcren zu fantastischen Reichen, in denen Drachen Feuer spucken und magische Geheimnisse an jeder Ecke warten.<\/p>\n<h2><a href=\"\/category\/adventure-slots\/\"><strong>Abenteuerthemen: Neue Horizonte erkunden<\/strong><\/a><\/h2>\n<p>Jede Reise beginnt mit einem einzigen Schritt, und in dieser Kategorie finden Sie sicherlich einen Platz f\u00fcr Ihr Abenteuer. Ob es darum geht, alte Tempel zu erkunden, Piraten auf hoher See zu bek\u00e4mpfen oder zu fernen Planeten zu reisen, wird jeder Spin zu einem echten Abenteuer.<\/p>\n<h2><a href=\"\/category\/fruit-slots\/\"><strong>Fruchtmaschinen: Die Helligkeit der Tradition<\/strong><\/a><\/h2>\n<p>F\u00fcr Liebhaber von Tradition und Einfachheit sind Fruchtmaschinen genau das Richtige. Helle Fr\u00fcchte, das Ger\u00e4usch von sich drehenden Walzen und jede Menge Spa\u00df &#8211; all das finden Sie in dieser Kategorie.<\/p>\n<h3><strong>Treffe deine Wahl und gewinne jetzt!<\/strong><\/h3>\n<p>Dies ist nur ein kleiner Teil dessen, was Sie auf unserer Website erwartet. Unabh\u00e4ngig von Ihren Interessen bieten unsere Slot-Kategorien endlose M\u00f6glichkeiten zur Auswahl. Begleiten Sie uns heute, um eine aufregende Reise in die Welt des Gl\u00fccksspiels zu beginnen!<\/p>\n","protected":false},"excerpt":{"rendered":"<p>In der Welt des Gl\u00fccksspielunterhaltungs steht die Website Vegas831 an vorderster Front einer endlosen Vielfalt von Slot-Kategorien, um den Geschmack der anspruchsvollsten Spieler zu befriedigen. Unabh\u00e4ngig von Ihren Vorlieben &#8211; ob Sie ein Fan von klassischen Slots sind, ein Liebhaber fantastischer Welten oder ein Zeitreisender &#8211; wir haben f\u00fcr jeden etwas Besonderes. Lassen Sie uns einige unserer lebendigen Slot-Kategorien erkunden: Spannende klassische Slots Werfen Sie einen Blick auf die Geschichte des Gl\u00fccksspielunterhaltungs, indem Sie Ihr&hellip; <\/p>\n","protected":false},"author":1,"featured_media":0,"parent":0,"menu_order":0,"comment_status":"closed","ping_status":"closed","template":"","meta":{"footnotes":""},"class_list":["post-17","page","type-page","status-publish","hentry"],"yoast_head":"<!-- This site is optimized with the Yoast SEO plugin v27.2 - https:\/\/yoast.com\/product\/yoast-seo-wordpress\/ -->\n<title>\u0412\u0438\u0434\u043e\u0432\u0435 \u0441\u043b\u043e\u0442\u043e\u0432\u0435 \u0437\u0430 \u0440\u0435\u0430\u043b\u043d\u0438 \u043f\u0430\u0440\u0438 \u0432 \u043e\u043d\u043b\u0430\u0439\u043d \u043a\u0430\u0437\u0438\u043d\u0430<\/title>\n<meta name=\"description\" content=\"Arten von Spielautomaten in Online-Casinos. Wie man einen Spielautomaten f\u00fcr das Spielen in einem Online-Casino ausw\u00e4hlt. Wie man echtes Geld an einem Spielautomaten in einem Online-Casino gewinnt. Kostenlos spielen.\" \/>\n<meta name=\"robots\" content=\"index, follow, max-snippet:-1, max-image-preview:large, max-video-preview:-1\" \/>\n<link rel=\"canonical\" href=\"https:\/\/vegas831.com\/de\/online-slots\/\" \/>\n<meta property=\"og:locale\" content=\"de_DE\" \/>\n<meta property=\"og:locale:alternate\" content=\"ru_RU\" \/>\n<meta property=\"og:locale:alternate\" content=\"en_US\" \/>\n<meta property=\"og:locale:alternate\" content=\"pt_PT\" \/>\n<meta property=\"og:locale:alternate\" content=\"es_ES\" \/>\n<meta property=\"og:locale:alternate\" content=\"fr_FR\" \/>\n<meta property=\"og:locale:alternate\" content=\"ro_RO\" \/>\n<meta property=\"og:locale:alternate\" content=\"sr_RS\" \/>\n<meta property=\"og:locale:alternate\" content=\"bg_BG\" \/>\n<meta property=\"og:type\" content=\"article\" \/>\n<meta property=\"og:title\" content=\"\u0412\u0438\u0434\u043e\u0432\u0435 \u0441\u043b\u043e\u0442\u043e\u0432\u0435 \u0437\u0430 \u0440\u0435\u0430\u043b\u043d\u0438 \u043f\u0430\u0440\u0438 \u0432 \u043e\u043d\u043b\u0430\u0439\u043d \u043a\u0430\u0437\u0438\u043d\u0430\" \/>\n<meta property=\"og:description\" content=\"\u0412\u0438\u0434\u043e\u0432\u0435 \u0441\u043b\u043e\u0442 \u043c\u0430\u0448\u0438\u043d\u0438 \u0432 \u043e\u043d\u043b\u0430\u0439\u043d \u043a\u0430\u0437\u0438\u043d\u0430. \u041a\u0430\u043a \u0434\u0430 \u0438\u0437\u0431\u0435\u0440\u0435\u0442\u0435 \u0441\u043b\u043e\u0442 \u0437\u0430 \u0438\u0433\u0440\u0430 \u0432 \u043e\u043d\u043b\u0430\u0439\u043d \u043a\u0430\u0437\u0438\u043d\u043e. \u041a\u0430\u043a \u0434\u0430 \u0441\u043f\u0435\u0447\u0435\u043b\u0438\u0442\u0435 \u0440\u0435\u0430\u043b\u043d\u0438 \u043f\u0430\u0440\u0438 \u043d\u0430 \u0441\u043b\u043e\u0442 \u043c\u0430\u0448\u0438\u043d\u0430 \u0432 \u043e\u043d\u043b\u0430\u0439\u043d \u043a\u0430\u0437\u0438\u043d\u043e. \u0418\u0433\u0440\u0430\u0439\u0442\u0435 \u0431\u0435\u0437\u043f\u043b\u0430\u0442\u043d\u043e.\" \/>\n<meta property=\"og:url\" content=\"https:\/\/vegas831.com\/de\/online-slots\/\" \/>\n<meta property=\"og:site_name\" content=\"Vegas\" \/>\n<meta property=\"article:modified_time\" content=\"2023-11-17T21:42:12+00:00\" \/>\n<meta name=\"twitter:card\" content=\"summary_large_image\" \/>\n<meta name=\"twitter:label1\" content=\"Gesch\u00e4tzte Lesezeit\" \/>\n\t<meta name=\"twitter:data1\" content=\"15\u00a0Minuten\" \/>\n<script type=\"application\/ld+json\" class=\"yoast-schema-graph\">{\"@context\":\"https:\/\/schema.org\",\"@graph\":[{\"@type\":\"WebPage\",\"@id\":\"https:\/\/vegas831.com\/bg\/online-slots\/\",\"url\":\"https:\/\/vegas831.com\/bg\/online-slots\/\",\"name\":\"\u0412\u0438\u0434\u043e\u0432\u0435 \u0441\u043b\u043e\u0442\u043e\u0432\u0435 \u0437\u0430 \u0440\u0435\u0430\u043b\u043d\u0438 \u043f\u0430\u0440\u0438 \u0432 \u043e\u043d\u043b\u0430\u0439\u043d \u043a\u0430\u0437\u0438\u043d\u0430\",\"isPartOf\":{\"@id\":\"https:\/\/vegas831.com\/#website\"},\"datePublished\":\"2023-08-23T03:06:52+00:00\",\"dateModified\":\"2023-11-17T21:42:12+00:00\",\"description\":\"\u0412\u0438\u0434\u043e\u0432\u0435 \u0441\u043b\u043e\u0442 \u043c\u0430\u0448\u0438\u043d\u0438 \u0432 \u043e\u043d\u043b\u0430\u0439\u043d \u043a\u0430\u0437\u0438\u043d\u0430. \u041a\u0430\u043a \u0434\u0430 \u0438\u0437\u0431\u0435\u0440\u0435\u0442\u0435 \u0441\u043b\u043e\u0442 \u0437\u0430 \u0438\u0433\u0440\u0430 \u0432 \u043e\u043d\u043b\u0430\u0439\u043d \u043a\u0430\u0437\u0438\u043d\u043e. \u041a\u0430\u043a \u0434\u0430 \u0441\u043f\u0435\u0447\u0435\u043b\u0438\u0442\u0435 \u0440\u0435\u0430\u043b\u043d\u0438 \u043f\u0430\u0440\u0438 \u043d\u0430 \u0441\u043b\u043e\u0442 \u043c\u0430\u0448\u0438\u043d\u0430 \u0432 \u043e\u043d\u043b\u0430\u0439\u043d \u043a\u0430\u0437\u0438\u043d\u043e. \u0418\u0433\u0440\u0430\u0439\u0442\u0435 \u0431\u0435\u0437\u043f\u043b\u0430\u0442\u043d\u043e.\",\"breadcrumb\":{\"@id\":\"https:\/\/vegas831.com\/bg\/online-slots\/#breadcrumb\"},\"inLanguage\":\"de-DE\",\"potentialAction\":[{\"@type\":\"ReadAction\",\"target\":[\"https:\/\/vegas831.com\/bg\/online-slots\/\"]}]},{\"@type\":\"BreadcrumbList\",\"@id\":\"https:\/\/vegas831.com\/bg\/online-slots\/#breadcrumb\",\"itemListElement\":[{\"@type\":\"ListItem\",\"position\":1,\"name\":\"Home\",\"item\":\"https:\/\/vegas831.com\/\"},{\"@type\":\"ListItem\",\"position\":2,\"name\":\"\u0422\u0438\u043f\u043e\u0432\u0435 \u0441\u043b\u043e\u0442\u043e\u0432\u0435 \u0432 \u043e\u043d\u043b\u0430\u0439\u043d \u043a\u0430\u0437\u0438\u043d\u0430\"}]},{\"@type\":\"WebSite\",\"@id\":\"https:\/\/vegas831.com\/#website\",\"url\":\"https:\/\/vegas831.com\/\",\"name\":\"Vegas\",\"description\":\"\u041e\u0431\u0437\u043e\u0440 \u043b\u0443\u0447\u0448\u0438\u0445 \u0441\u043b\u043e\u0442\u043e\u0432 \u0432 \u043e\u043d\u043b\u0430\u0439\u043d \u043a\u0430\u0437\u0438\u043d\u043e\",\"publisher\":{\"@id\":\"https:\/\/vegas831.com\/#organization\"},\"potentialAction\":[{\"@type\":\"SearchAction\",\"target\":{\"@type\":\"EntryPoint\",\"urlTemplate\":\"https:\/\/vegas831.com\/?s={search_term_string}\"},\"query-input\":{\"@type\":\"PropertyValueSpecification\",\"valueRequired\":true,\"valueName\":\"search_term_string\"}}],\"inLanguage\":\"de-DE\"},{\"@type\":\"Organization\",\"@id\":\"https:\/\/vegas831.com\/#organization\",\"name\":\"Vegas\",\"url\":\"https:\/\/vegas831.com\/\",\"logo\":{\"@type\":\"ImageObject\",\"inLanguage\":\"de-DE\",\"@id\":\"https:\/\/vegas831.com\/#\/schema\/logo\/image\/\",\"url\":\"https:\/\/vegas831.com\/wp-content\/uploads\/vegas-logo.png\",\"contentUrl\":\"https:\/\/vegas831.com\/wp-content\/uploads\/vegas-logo.png\",\"width\":300,\"height\":155,\"caption\":\"Vegas\"},\"image\":{\"@id\":\"https:\/\/vegas831.com\/#\/schema\/logo\/image\/\"}}]}<\/script>\n<!-- \/ Yoast SEO plugin. -->","yoast_head_json":{"title":"\u0412\u0438\u0434\u043e\u0432\u0435 \u0441\u043b\u043e\u0442\u043e\u0432\u0435 \u0437\u0430 \u0440\u0435\u0430\u043b\u043d\u0438 \u043f\u0430\u0440\u0438 \u0432 \u043e\u043d\u043b\u0430\u0439\u043d \u043a\u0430\u0437\u0438\u043d\u0430","description":"Arten von Spielautomaten in Online-Casinos. Wie man einen Spielautomaten f\u00fcr das Spielen in einem Online-Casino ausw\u00e4hlt. Wie man echtes Geld an einem Spielautomaten in einem Online-Casino gewinnt. Kostenlos spielen.","robots":{"index":"index","follow":"follow","max-snippet":"max-snippet:-1","max-image-preview":"max-image-preview:large","max-video-preview":"max-video-preview:-1"},"canonical":"https:\/\/vegas831.com\/de\/online-slots\/","og_locale":"de_DE","og_type":"article","og_title":"\u0412\u0438\u0434\u043e\u0432\u0435 \u0441\u043b\u043e\u0442\u043e\u0432\u0435 \u0437\u0430 \u0440\u0435\u0430\u043b\u043d\u0438 \u043f\u0430\u0440\u0438 \u0432 \u043e\u043d\u043b\u0430\u0439\u043d \u043a\u0430\u0437\u0438\u043d\u0430","og_description":"\u0412\u0438\u0434\u043e\u0432\u0435 \u0441\u043b\u043e\u0442 \u043c\u0430\u0448\u0438\u043d\u0438 \u0432 \u043e\u043d\u043b\u0430\u0439\u043d \u043a\u0430\u0437\u0438\u043d\u0430. \u041a\u0430\u043a \u0434\u0430 \u0438\u0437\u0431\u0435\u0440\u0435\u0442\u0435 \u0441\u043b\u043e\u0442 \u0437\u0430 \u0438\u0433\u0440\u0430 \u0432 \u043e\u043d\u043b\u0430\u0439\u043d \u043a\u0430\u0437\u0438\u043d\u043e. \u041a\u0430\u043a \u0434\u0430 \u0441\u043f\u0435\u0447\u0435\u043b\u0438\u0442\u0435 \u0440\u0435\u0430\u043b\u043d\u0438 \u043f\u0430\u0440\u0438 \u043d\u0430 \u0441\u043b\u043e\u0442 \u043c\u0430\u0448\u0438\u043d\u0430 \u0432 \u043e\u043d\u043b\u0430\u0439\u043d \u043a\u0430\u0437\u0438\u043d\u043e. \u0418\u0433\u0440\u0430\u0439\u0442\u0435 \u0431\u0435\u0437\u043f\u043b\u0430\u0442\u043d\u043e.","og_url":"https:\/\/vegas831.com\/de\/online-slots\/","og_site_name":"Vegas","article_modified_time":"2023-11-17T21:42:12+00:00","twitter_card":"summary_large_image","twitter_misc":{"Gesch\u00e4tzte Lesezeit":"15\u00a0Minuten"},"schema":{"@context":"https:\/\/schema.org","@graph":[{"@type":"WebPage","@id":"https:\/\/vegas831.com\/bg\/online-slots\/","url":"https:\/\/vegas831.com\/bg\/online-slots\/","name":"\u0412\u0438\u0434\u043e\u0432\u0435 \u0441\u043b\u043e\u0442\u043e\u0432\u0435 \u0437\u0430 \u0440\u0435\u0430\u043b\u043d\u0438 \u043f\u0430\u0440\u0438 \u0432 \u043e\u043d\u043b\u0430\u0439\u043d \u043a\u0430\u0437\u0438\u043d\u0430","isPartOf":{"@id":"https:\/\/vegas831.com\/#website"},"datePublished":"2023-08-23T03:06:52+00:00","dateModified":"2023-11-17T21:42:12+00:00","description":"\u0412\u0438\u0434\u043e\u0432\u0435 \u0441\u043b\u043e\u0442 \u043c\u0430\u0448\u0438\u043d\u0438 \u0432 \u043e\u043d\u043b\u0430\u0439\u043d \u043a\u0430\u0437\u0438\u043d\u0430. \u041a\u0430\u043a \u0434\u0430 \u0438\u0437\u0431\u0435\u0440\u0435\u0442\u0435 \u0441\u043b\u043e\u0442 \u0437\u0430 \u0438\u0433\u0440\u0430 \u0432 \u043e\u043d\u043b\u0430\u0439\u043d \u043a\u0430\u0437\u0438\u043d\u043e. \u041a\u0430\u043a \u0434\u0430 \u0441\u043f\u0435\u0447\u0435\u043b\u0438\u0442\u0435 \u0440\u0435\u0430\u043b\u043d\u0438 \u043f\u0430\u0440\u0438 \u043d\u0430 \u0441\u043b\u043e\u0442 \u043c\u0430\u0448\u0438\u043d\u0430 \u0432 \u043e\u043d\u043b\u0430\u0439\u043d \u043a\u0430\u0437\u0438\u043d\u043e. \u0418\u0433\u0440\u0430\u0439\u0442\u0435 \u0431\u0435\u0437\u043f\u043b\u0430\u0442\u043d\u043e.","breadcrumb":{"@id":"https:\/\/vegas831.com\/bg\/online-slots\/#breadcrumb"},"inLanguage":"de-DE","potentialAction":[{"@type":"ReadAction","target":["https:\/\/vegas831.com\/bg\/online-slots\/"]}]},{"@type":"BreadcrumbList","@id":"https:\/\/vegas831.com\/bg\/online-slots\/#breadcrumb","itemListElement":[{"@type":"ListItem","position":1,"name":"Home","item":"https:\/\/vegas831.com\/"},{"@type":"ListItem","position":2,"name":"\u0422\u0438\u043f\u043e\u0432\u0435 \u0441\u043b\u043e\u0442\u043e\u0432\u0435 \u0432 \u043e\u043d\u043b\u0430\u0439\u043d \u043a\u0430\u0437\u0438\u043d\u0430"}]},{"@type":"WebSite","@id":"https:\/\/vegas831.com\/#website","url":"https:\/\/vegas831.com\/","name":"Vegas","description":"\u041e\u0431\u0437\u043e\u0440 \u043b\u0443\u0447\u0448\u0438\u0445 \u0441\u043b\u043e\u0442\u043e\u0432 \u0432 \u043e\u043d\u043b\u0430\u0439\u043d \u043a\u0430\u0437\u0438\u043d\u043e","publisher":{"@id":"https:\/\/vegas831.com\/#organization"},"potentialAction":[{"@type":"SearchAction","target":{"@type":"EntryPoint","urlTemplate":"https:\/\/vegas831.com\/?s={search_term_string}"},"query-input":{"@type":"PropertyValueSpecification","valueRequired":true,"valueName":"search_term_string"}}],"inLanguage":"de-DE"},{"@type":"Organization","@id":"https:\/\/vegas831.com\/#organization","name":"Vegas","url":"https:\/\/vegas831.com\/","logo":{"@type":"ImageObject","inLanguage":"de-DE","@id":"https:\/\/vegas831.com\/#\/schema\/logo\/image\/","url":"https:\/\/vegas831.com\/wp-content\/uploads\/vegas-logo.png","contentUrl":"https:\/\/vegas831.com\/wp-content\/uploads\/vegas-logo.png","width":300,"height":155,"caption":"Vegas"},"image":{"@id":"https:\/\/vegas831.com\/#\/schema\/logo\/image\/"}}]}},"_links":{"self":[{"href":"https:\/\/vegas831.com\/de\/wp-json\/wp\/v2\/pages\/17","targetHints":{"allow":["GET"]}}],"collection":[{"href":"https:\/\/vegas831.com\/de\/wp-json\/wp\/v2\/pages"}],"about":[{"href":"https:\/\/vegas831.com\/de\/wp-json\/wp\/v2\/types\/page"}],"author":[{"embeddable":true,"href":"https:\/\/vegas831.com\/de\/wp-json\/wp\/v2\/users\/1"}],"replies":[{"embeddable":true,"href":"https:\/\/vegas831.com\/de\/wp-json\/wp\/v2\/comments?post=17"}],"version-history":[{"count":17,"href":"https:\/\/vegas831.com\/de\/wp-json\/wp\/v2\/pages\/17\/revisions"}],"predecessor-version":[{"id":212,"href":"https:\/\/vegas831.com\/de\/wp-json\/wp\/v2\/pages\/17\/revisions\/212"}],"wp:attachment":[{"href":"https:\/\/vegas831.com\/de\/wp-json\/wp\/v2\/media?parent=17"}],"curies":[{"name":"wp","href":"https:\/\/api.w.org\/{rel}","templated":true}]}}