{"id":15,"date":"2023-08-23T02:31:49","date_gmt":"2023-08-23T02:31:49","guid":{"rendered":"https:\/\/vegas831.com\/?page_id=15"},"modified":"2023-11-17T22:05:03","modified_gmt":"2023-11-17T22:05:03","slug":"about-us","status":"publish","type":"page","link":"https:\/\/vegas831.com\/de\/about-us\/","title":{"rendered":"\u00dcber uns: Die Welt des Gl\u00fccksspiels f\u00fcr Ihre Unterhaltung"},"content":{"rendered":"<p>Willkommen auf unserer Vegas831 Slot Review-Website, wo jeder Spin zu einem Schritt in die aufregende Welt des Gl\u00fccksspielunterhaltungs wird. Wir haben diese Ressource erstellt, um Ihnen umfassende Informationen zu verschiedenen Slot-Spielen zu bieten, Ihnen bei der Verst\u00e4ndigung der Regeln, Strategien, Themen zu helfen und die besten Tipps zu teilen, um Ihr Spielerlebnis zu maximieren.<\/p>\n<h2>Was wir bieten<\/h2>\n<p>Die Vegas831-Website soll Ihr zuverl\u00e4ssiger Partner in der Welt des Gl\u00fccksspiels werden. Unsere Experten f\u00fchren gr\u00fcndliche Analysen und Bewertungen verschiedener Slot-Spiele durch, damit Sie informierte Entscheidungen treffen k\u00f6nnen. Wir bieten Ihnen detaillierte Bewertungen jedes Spiels, seiner Mechanik, Funktionen und Auszahlungen, damit Sie diejenigen ausw\u00e4hlen k\u00f6nnen, die Ihren Interessen und Vorlieben entsprechen.<\/p>\n<h2>Unsere Mission<\/h2>\n<p>Unser Hauptziel ist es, Ihnen zu helfen, das Spielen von Slots in vollen Z\u00fcgen zu genie\u00dfen. Wir m\u00f6chten Ihnen alle notwendigen Informationen zur Verf\u00fcgung stellen, damit Sie informierte Entscheidungen bei der Auswahl von Spielen und dem Management Ihres Bankrolls treffen k\u00f6nnen. Wir m\u00f6chten Ihnen auch helfen, Geld durch das Spielen von Gl\u00fccksspielen zu verdienen. Ob Sie ein Anf\u00e4nger oder erfahrener Spieler sind, wir sind zuversichtlich, dass wir f\u00fcr jeden Spieler, unabh\u00e4ngig von seinem Budget und seinen Zielen, etwas Wertvolles haben.<\/p>\n<h2>Warum wir?<\/h2>\n<ul>\n<li><strong>Experteneinsch\u00e4tzung:<\/strong> Unser Team besteht aus erfahrenen Spielern und Gl\u00fccksspielexperten, die ihr Wissen und ihre Erfahrung mit Ihnen teilen.<\/li>\n<li><strong>Objektive Bewertungen:<\/strong> Wir bieten objektive Bewertungen auf der Grundlage der Analyse und Bewertung jedes Slot-Spiels.<\/li>\n<li><strong>Detaillierte Anleitungen:<\/strong> Wir erkl\u00e4ren die Regeln, Mechaniken und Funktionen jedes Spiels, damit Sie sich beim Spielen sicher f\u00fchlen k\u00f6nnen.<\/li>\n<li><strong>Strategien und Tipps:<\/strong> Wir teilen effektive Strategien und Tipps, um Ihre Erfolgschancen zu erh\u00f6hen.<\/li>\n<\/ul>\n<h2>Treten Sie uns bei<\/h2>\n<p>Wir laden Sie ein, unserer Gl\u00fccksspielgemeinschaft beizutreten, f\u00fcr die Gl\u00fccksspiel nicht nur eine M\u00f6glichkeit ist, die Zeit zu verbringen, sondern auch ein Teil des Lebens ist. Unsere Bewertungen helfen Ihnen nicht nur, die Spielmechanik zu verstehen, sondern auch die aufregende Atmosph\u00e4re der Welt der Slots zu genie\u00dfen. Bleiben Sie auf dem neuesten Stand mit den neuesten Nachrichten, Strategien und M\u00f6glichkeiten, und gemeinsam schaffen wir eine aufregende Welt des Gl\u00fccksspiels und des Gewinnens.<\/p>\n","protected":false},"excerpt":{"rendered":"<p>Willkommen auf unserer Vegas831 Slot Review-Website, wo jeder Spin zu einem Schritt in die aufregende Welt des Gl\u00fccksspielunterhaltungs wird. Wir haben diese Ressource erstellt, um Ihnen umfassende Informationen zu verschiedenen Slot-Spielen zu bieten, Ihnen bei der Verst\u00e4ndigung der Regeln, Strategien, Themen zu helfen und die besten Tipps zu teilen, um Ihr Spielerlebnis zu maximieren. Was wir bieten Die Vegas831-Website soll Ihr zuverl\u00e4ssiger Partner in der Welt des Gl\u00fccksspiels werden. Unsere Experten f\u00fchren gr\u00fcndliche Analysen und&hellip; <\/p>\n","protected":false},"author":1,"featured_media":0,"parent":0,"menu_order":0,"comment_status":"closed","ping_status":"closed","template":"","meta":{"footnotes":""},"class_list":["post-15","page","type-page","status-publish","hentry"],"yoast_head":"<!-- This site is optimized with the Yoast SEO plugin v27.2 - https:\/\/yoast.com\/product\/yoast-seo-wordpress\/ -->\n<title>\u0423\u0435\u0431\u0441\u0430\u0439\u0442 Vegas831.com<\/title>\n<meta name=\"description\" content=\"Alles \u00fcber die Website Vegas831.com \u2013 Informationen zu Spielautomaten und anderen Online-Spielen in Online-Casinos\" \/>\n<meta name=\"robots\" content=\"index, follow, max-snippet:-1, max-image-preview:large, max-video-preview:-1\" \/>\n<link rel=\"canonical\" href=\"https:\/\/vegas831.com\/de\/about-us\/\" \/>\n<meta property=\"og:locale\" content=\"de_DE\" \/>\n<meta property=\"og:locale:alternate\" content=\"ru_RU\" \/>\n<meta property=\"og:locale:alternate\" content=\"en_US\" \/>\n<meta property=\"og:locale:alternate\" content=\"pt_PT\" \/>\n<meta property=\"og:locale:alternate\" content=\"es_ES\" \/>\n<meta property=\"og:locale:alternate\" content=\"fr_FR\" \/>\n<meta property=\"og:locale:alternate\" content=\"ro_RO\" \/>\n<meta property=\"og:locale:alternate\" content=\"sr_RS\" \/>\n<meta property=\"og:locale:alternate\" content=\"bg_BG\" \/>\n<meta property=\"og:type\" content=\"article\" \/>\n<meta property=\"og:title\" content=\"\u0423\u0435\u0431\u0441\u0430\u0439\u0442 Vegas831.com\" \/>\n<meta property=\"og:description\" content=\"\u0412\u0441\u0438\u0447\u043a\u043e \u0437\u0430 \u0443\u0435\u0431\u0441\u0430\u0439\u0442\u0430 Vegas831.com - \u0438\u043d\u0444\u043e\u0440\u043c\u0430\u0446\u0438\u044f \u0437\u0430 \u0441\u043b\u043e\u0442\u043e\u0432\u0435 \u0438 \u0434\u0440\u0443\u0433\u0438 \u043e\u043d\u043b\u0430\u0439\u043d \u0438\u0433\u0440\u0438 \u0432 \u043e\u043d\u043b\u0430\u0439\u043d \u043a\u0430\u0437\u0438\u043d\u0430.\" \/>\n<meta property=\"og:url\" content=\"https:\/\/vegas831.com\/de\/about-us\/\" \/>\n<meta property=\"og:site_name\" content=\"Vegas\" \/>\n<meta property=\"article:modified_time\" content=\"2023-11-17T22:05:03+00:00\" \/>\n<meta name=\"twitter:card\" content=\"summary_large_image\" \/>\n<meta name=\"twitter:label1\" content=\"Gesch\u00e4tzte Lesezeit\" \/>\n\t<meta name=\"twitter:data1\" content=\"12\u00a0Minuten\" \/>\n<script type=\"application\/ld+json\" class=\"yoast-schema-graph\">{\"@context\":\"https:\/\/schema.org\",\"@graph\":[{\"@type\":\"WebPage\",\"@id\":\"https:\/\/vegas831.com\/bg\/about-us\/\",\"url\":\"https:\/\/vegas831.com\/bg\/about-us\/\",\"name\":\"\u0423\u0435\u0431\u0441\u0430\u0439\u0442 Vegas831.com\",\"isPartOf\":{\"@id\":\"https:\/\/vegas831.com\/#website\"},\"datePublished\":\"2023-08-23T02:31:49+00:00\",\"dateModified\":\"2023-11-17T22:05:03+00:00\",\"description\":\"\u0412\u0441\u0438\u0447\u043a\u043e \u0437\u0430 \u0443\u0435\u0431\u0441\u0430\u0439\u0442\u0430 Vegas831.com - \u0438\u043d\u0444\u043e\u0440\u043c\u0430\u0446\u0438\u044f \u0437\u0430 \u0441\u043b\u043e\u0442\u043e\u0432\u0435 \u0438 \u0434\u0440\u0443\u0433\u0438 \u043e\u043d\u043b\u0430\u0439\u043d \u0438\u0433\u0440\u0438 \u0432 \u043e\u043d\u043b\u0430\u0439\u043d \u043a\u0430\u0437\u0438\u043d\u0430.\",\"breadcrumb\":{\"@id\":\"https:\/\/vegas831.com\/bg\/about-us\/#breadcrumb\"},\"inLanguage\":\"de-DE\",\"potentialAction\":[{\"@type\":\"ReadAction\",\"target\":[\"https:\/\/vegas831.com\/bg\/about-us\/\"]}]},{\"@type\":\"BreadcrumbList\",\"@id\":\"https:\/\/vegas831.com\/bg\/about-us\/#breadcrumb\",\"itemListElement\":[{\"@type\":\"ListItem\",\"position\":1,\"name\":\"Home\",\"item\":\"https:\/\/vegas831.com\/\"},{\"@type\":\"ListItem\",\"position\":2,\"name\":\"\u041e\u0442\u043d\u043e\u0441\u043d\u043e \u043d\u0430\u0441: \u0421\u0432\u044f\u0442 \u043d\u0430 \u0445\u0430\u0437\u0430\u0440\u0442\u0430 \u0437\u0430 \u0432\u0430\u0448\u0435 \u0437\u0430\u0431\u0430\u0432\u043b\u0435\u043d\u0438\u0435\"}]},{\"@type\":\"WebSite\",\"@id\":\"https:\/\/vegas831.com\/#website\",\"url\":\"https:\/\/vegas831.com\/\",\"name\":\"Vegas\",\"description\":\"\u041e\u0431\u0437\u043e\u0440 \u043b\u0443\u0447\u0448\u0438\u0445 \u0441\u043b\u043e\u0442\u043e\u0432 \u0432 \u043e\u043d\u043b\u0430\u0439\u043d \u043a\u0430\u0437\u0438\u043d\u043e\",\"publisher\":{\"@id\":\"https:\/\/vegas831.com\/#organization\"},\"potentialAction\":[{\"@type\":\"SearchAction\",\"target\":{\"@type\":\"EntryPoint\",\"urlTemplate\":\"https:\/\/vegas831.com\/?s={search_term_string}\"},\"query-input\":{\"@type\":\"PropertyValueSpecification\",\"valueRequired\":true,\"valueName\":\"search_term_string\"}}],\"inLanguage\":\"de-DE\"},{\"@type\":\"Organization\",\"@id\":\"https:\/\/vegas831.com\/#organization\",\"name\":\"Vegas\",\"url\":\"https:\/\/vegas831.com\/\",\"logo\":{\"@type\":\"ImageObject\",\"inLanguage\":\"de-DE\",\"@id\":\"https:\/\/vegas831.com\/#\/schema\/logo\/image\/\",\"url\":\"https:\/\/vegas831.com\/wp-content\/uploads\/vegas-logo.png\",\"contentUrl\":\"https:\/\/vegas831.com\/wp-content\/uploads\/vegas-logo.png\",\"width\":300,\"height\":155,\"caption\":\"Vegas\"},\"image\":{\"@id\":\"https:\/\/vegas831.com\/#\/schema\/logo\/image\/\"}}]}<\/script>\n<!-- \/ Yoast SEO plugin. -->","yoast_head_json":{"title":"\u0423\u0435\u0431\u0441\u0430\u0439\u0442 Vegas831.com","description":"Alles \u00fcber die Website Vegas831.com \u2013 Informationen zu Spielautomaten und anderen Online-Spielen in Online-Casinos","robots":{"index":"index","follow":"follow","max-snippet":"max-snippet:-1","max-image-preview":"max-image-preview:large","max-video-preview":"max-video-preview:-1"},"canonical":"https:\/\/vegas831.com\/de\/about-us\/","og_locale":"de_DE","og_type":"article","og_title":"\u0423\u0435\u0431\u0441\u0430\u0439\u0442 Vegas831.com","og_description":"\u0412\u0441\u0438\u0447\u043a\u043e \u0437\u0430 \u0443\u0435\u0431\u0441\u0430\u0439\u0442\u0430 Vegas831.com - \u0438\u043d\u0444\u043e\u0440\u043c\u0430\u0446\u0438\u044f \u0437\u0430 \u0441\u043b\u043e\u0442\u043e\u0432\u0435 \u0438 \u0434\u0440\u0443\u0433\u0438 \u043e\u043d\u043b\u0430\u0439\u043d \u0438\u0433\u0440\u0438 \u0432 \u043e\u043d\u043b\u0430\u0439\u043d \u043a\u0430\u0437\u0438\u043d\u0430.","og_url":"https:\/\/vegas831.com\/de\/about-us\/","og_site_name":"Vegas","article_modified_time":"2023-11-17T22:05:03+00:00","twitter_card":"summary_large_image","twitter_misc":{"Gesch\u00e4tzte Lesezeit":"12\u00a0Minuten"},"schema":{"@context":"https:\/\/schema.org","@graph":[{"@type":"WebPage","@id":"https:\/\/vegas831.com\/bg\/about-us\/","url":"https:\/\/vegas831.com\/bg\/about-us\/","name":"\u0423\u0435\u0431\u0441\u0430\u0439\u0442 Vegas831.com","isPartOf":{"@id":"https:\/\/vegas831.com\/#website"},"datePublished":"2023-08-23T02:31:49+00:00","dateModified":"2023-11-17T22:05:03+00:00","description":"\u0412\u0441\u0438\u0447\u043a\u043e \u0437\u0430 \u0443\u0435\u0431\u0441\u0430\u0439\u0442\u0430 Vegas831.com - \u0438\u043d\u0444\u043e\u0440\u043c\u0430\u0446\u0438\u044f \u0437\u0430 \u0441\u043b\u043e\u0442\u043e\u0432\u0435 \u0438 \u0434\u0440\u0443\u0433\u0438 \u043e\u043d\u043b\u0430\u0439\u043d \u0438\u0433\u0440\u0438 \u0432 \u043e\u043d\u043b\u0430\u0439\u043d \u043a\u0430\u0437\u0438\u043d\u0430.","breadcrumb":{"@id":"https:\/\/vegas831.com\/bg\/about-us\/#breadcrumb"},"inLanguage":"de-DE","potentialAction":[{"@type":"ReadAction","target":["https:\/\/vegas831.com\/bg\/about-us\/"]}]},{"@type":"BreadcrumbList","@id":"https:\/\/vegas831.com\/bg\/about-us\/#breadcrumb","itemListElement":[{"@type":"ListItem","position":1,"name":"Home","item":"https:\/\/vegas831.com\/"},{"@type":"ListItem","position":2,"name":"\u041e\u0442\u043d\u043e\u0441\u043d\u043e \u043d\u0430\u0441: \u0421\u0432\u044f\u0442 \u043d\u0430 \u0445\u0430\u0437\u0430\u0440\u0442\u0430 \u0437\u0430 \u0432\u0430\u0448\u0435 \u0437\u0430\u0431\u0430\u0432\u043b\u0435\u043d\u0438\u0435"}]},{"@type":"WebSite","@id":"https:\/\/vegas831.com\/#website","url":"https:\/\/vegas831.com\/","name":"Vegas","description":"\u041e\u0431\u0437\u043e\u0440 \u043b\u0443\u0447\u0448\u0438\u0445 \u0441\u043b\u043e\u0442\u043e\u0432 \u0432 \u043e\u043d\u043b\u0430\u0439\u043d \u043a\u0430\u0437\u0438\u043d\u043e","publisher":{"@id":"https:\/\/vegas831.com\/#organization"},"potentialAction":[{"@type":"SearchAction","target":{"@type":"EntryPoint","urlTemplate":"https:\/\/vegas831.com\/?s={search_term_string}"},"query-input":{"@type":"PropertyValueSpecification","valueRequired":true,"valueName":"search_term_string"}}],"inLanguage":"de-DE"},{"@type":"Organization","@id":"https:\/\/vegas831.com\/#organization","name":"Vegas","url":"https:\/\/vegas831.com\/","logo":{"@type":"ImageObject","inLanguage":"de-DE","@id":"https:\/\/vegas831.com\/#\/schema\/logo\/image\/","url":"https:\/\/vegas831.com\/wp-content\/uploads\/vegas-logo.png","contentUrl":"https:\/\/vegas831.com\/wp-content\/uploads\/vegas-logo.png","width":300,"height":155,"caption":"Vegas"},"image":{"@id":"https:\/\/vegas831.com\/#\/schema\/logo\/image\/"}}]}},"_links":{"self":[{"href":"https:\/\/vegas831.com\/de\/wp-json\/wp\/v2\/pages\/15","targetHints":{"allow":["GET"]}}],"collection":[{"href":"https:\/\/vegas831.com\/de\/wp-json\/wp\/v2\/pages"}],"about":[{"href":"https:\/\/vegas831.com\/de\/wp-json\/wp\/v2\/types\/page"}],"author":[{"embeddable":true,"href":"https:\/\/vegas831.com\/de\/wp-json\/wp\/v2\/users\/1"}],"replies":[{"embeddable":true,"href":"https:\/\/vegas831.com\/de\/wp-json\/wp\/v2\/comments?post=15"}],"version-history":[{"count":17,"href":"https:\/\/vegas831.com\/de\/wp-json\/wp\/v2\/pages\/15\/revisions"}],"predecessor-version":[{"id":218,"href":"https:\/\/vegas831.com\/de\/wp-json\/wp\/v2\/pages\/15\/revisions\/218"}],"wp:attachment":[{"href":"https:\/\/vegas831.com\/de\/wp-json\/wp\/v2\/media?parent=15"}],"curies":[{"name":"wp","href":"https:\/\/api.w.org\/{rel}","templated":true}]}}